{"id":888,"date":"2023-08-15T11:08:38","date_gmt":"2023-08-15T09:08:38","guid":{"rendered":"https:\/\/designgymnasiet.se\/sickla\/?page_id=888"},"modified":"2024-12-02T12:39:48","modified_gmt":"2024-12-02T11:39:48","slug":"soka-till-designgymnasiet","status":"publish","type":"page","link":"https:\/\/designgymnasiet.se\/sickla\/soka-till-designgymnasiet\/","title":{"rendered":"S\u00f6ka till Designgymnasiet"},"content":{"rendered":"\n\t\n\t\n\t\n\n\t\n\t\n\t\t\n<section  class=\"c-block l-stacked  \" data-color-scheme=\"white\">\n\t<div class=\"ams-fifty ams-fifty--container ams-fifty--left ams-fifty--top l-container u-pt-fluid-3xl-6xl u-pb-fluid-3xl-6xl\">\n\t\t<div class=\"ams-fifty__content l-stack l-stack-xl is-left is-left@lg\">\n\t\t\t<div class=\"ams-fifty__text l-stack l-stack-lg\">\n\t\t\t\t\t\n\t<h1\n\tclass=\"c-heading u-font-large \"\n\tstyle=\"\">\n\t\t\n\t\t\t\t\tF\u00f6lj din <span class=\"highlight\">designdr\u00f6m<\/span>\n\t\t\t\t\n\t<\/h1>\n\n\t\t\t\t\t\t\t\t\t<div class=\"text l-stack u-font-body\">\n\t\t\t\t\t\t<p><span data-sheets-value=\"{&quot;1&quot;:2,&quot;2&quot;:&quot;Ans\u00f6kan till Designgymnasiet Sickla g\u00f6rs via gymnasieantagningen Storsthlm, det g\u00e4ller dig som bor i Stockholms l\u00e4n eller i Gnesta eller H\u00e5bo kommun. Bor du utanf\u00f6r l\u00e4net g\u00f6r du ans\u00f6kan via din hemkommuns gymnasieantagning. Det kr\u00e4vs inga antagningsprov f\u00f6r att b\u00f6rja h\u00e4r utan du s\u00f6ker med ditt meritv\u00e4rde fr\u00e5n dina grundskolebetyg. Nedan kan du se hur gymnasievalet g\u00e5r till i stora drag. Har du fr\u00e5gor om gymnasieantagningen kan du prata med SYV p\u00e5 din grundskola. Har du fr\u00e5gor om Designgymnasiet specifik \u00e4r du varmt v\u00e4lkommen att kontakta oss.&quot;}\" data-sheets-userformat=\"{&quot;2&quot;:5025,&quot;3&quot;:{&quot;1&quot;:0},&quot;8&quot;:{&quot;1&quot;:[{&quot;1&quot;:2,&quot;2&quot;:0,&quot;5&quot;:{&quot;1&quot;:2,&quot;2&quot;:0}},{&quot;1&quot;:0,&quot;2&quot;:0,&quot;3&quot;:3},{&quot;1&quot;:1,&quot;2&quot;:0,&quot;4&quot;:1}]},&quot;10&quot;:0,&quot;11&quot;:4,&quot;12&quot;:0,&quot;15&quot;:&quot;Helvetica Neue&quot;}\">Ans\u00f6kan till Designgymnasiet Sickla g\u00f6rs via gymnasieantagningen Storsthlm, det g\u00e4ller dig som bor i Stockholms l\u00e4n eller i Gnesta eller H\u00e5bo kommun. Bor du utanf\u00f6r l\u00e4net g\u00f6r du ans\u00f6kan via din hemkommuns gymnasieantagning. Det kr\u00e4vs inga antagningsprov f\u00f6r att b\u00f6rja h\u00e4r utan du s\u00f6ker med ditt meritv\u00e4rde fr\u00e5n dina grundskolebetyg. Nedan kan du se hur gymnasievalet g\u00e5r till i stora drag. Har du fr\u00e5gor om gymnasieantagningen kan du prata med SYV p\u00e5 din grundskola. Har du fr\u00e5gor om Designgymnasiet specifikt \u00e4r du varmt v\u00e4lkommen att kontakta oss.<\/span><\/p>\n\n\t\t\t\t\t<\/div>\n\t\t\t\t\t\t\t<\/div>\n\n\t\t\t\t<div class=\"ams-fifty__action u-inline-items\">\n\t\t\t\t\t\t\t\n\n\n<a href=\"https:\/\/gymnasieantagningen.storsthlm.se\/\"\n\t\n\tclass=\"c-btn \"\n\tdata-style=\"square\"\n\tdata-size=\"md\"\n\tdata-width=\"full-mobile\"\n\tdata-variant=\"default\"\n\ttarget=\"_blank\">\n\t\t\t<span class=\"label\"> Till gymnasieantagningen<\/span>\n\t\t\t<\/a>\n\t\t\t<\/div>\n\t\t<\/div>\n\n\t\t <div class=\"ams-fifty__media u-ratio-square\">\n\t\t \t\t\t\t\t<img decoding=\"async\" width=\"600\" height=\"400\" src=\"https:\/\/designgymnasiet.se\/wp-content\/uploads\/sites\/11\/2023\/10\/designgymnasiet-textildesign-sickla-202304-600x400.jpg\" class=\"attachment-md size-md\" alt=\"En grupp elever pratar glatt med varandra kring ett bord i en verkstad.\" sizes=\"(min-width: 64em) 600px, calc(100vw - 160px)\" srcset=\"https:\/\/designgymnasiet.se\/wp-content\/uploads\/sites\/11\/2023\/10\/designgymnasiet-textildesign-sickla-202304-600x400.jpg 600w, https:\/\/designgymnasiet.se\/wp-content\/uploads\/sites\/11\/2023\/10\/designgymnasiet-textildesign-sickla-202304-300x200.jpg 300w, https:\/\/designgymnasiet.se\/wp-content\/uploads\/sites\/11\/2023\/10\/designgymnasiet-textildesign-sickla-202304-400x267.jpg 400w, https:\/\/designgymnasiet.se\/wp-content\/uploads\/sites\/11\/2023\/10\/designgymnasiet-textildesign-sickla-202304-800x533.jpg 800w, https:\/\/designgymnasiet.se\/wp-content\/uploads\/sites\/11\/2023\/10\/designgymnasiet-textildesign-sickla-202304-1024x683.jpg 1024w, https:\/\/designgymnasiet.se\/wp-content\/uploads\/sites\/11\/2023\/10\/designgymnasiet-textildesign-sickla-202304-1200x800.jpg 1200w, https:\/\/designgymnasiet.se\/wp-content\/uploads\/sites\/11\/2023\/10\/designgymnasiet-textildesign-sickla-202304.jpg 2048w\" \/>\n\t\t\t\n\t\t\t\n\t\t\t\t\t<\/div>\n\t<\/div>\n\n\t\t\n\n<\/section>\n\n\n\n\n<section  class=\"ams-timeline c-block l-stacked\" data-color-scheme=\"timeline\">\n\t<div class=\"l-container l-stack l-stack-fluid-2xl u-pt-fluid-3xl-6xl u-pb-fluid-3xl-6xl is-center is-center@md\">\n\t\t\t\t\t<div class=\"ams-timeline__intro l-stack l-stack-lg\">\n\t\t\t\t\t\n\t<h2\n\tclass=\"c-heading u-font-title-1 \"\n\tstyle=\"\">\n\t\t\n\t\t\t\t\tS\u00e5 g\u00e5r gymnasievalet till\n\t\t\t\t\n\t<\/h2>\n\n\t\t\t\t\t\t\t\t\t<div class=\"c-text l-stack u-cs-xl u-font-body\">\n\t\t\t\t\t\t<p><span data-sheets-value=\"{&quot;1&quot;:2,&quot;2&quot;:&quot;Nedan kan du se hur gymnasievalet g\u00e5r till i stora drag. Har du fr\u00e5gor \u00e4r det en bra id\u00e9 att prata med din SYV.&quot;}\" data-sheets-userformat=\"{&quot;2&quot;:5025,&quot;3&quot;:{&quot;1&quot;:0},&quot;8&quot;:{&quot;1&quot;:[{&quot;1&quot;:2,&quot;2&quot;:0,&quot;5&quot;:{&quot;1&quot;:2,&quot;2&quot;:0}},{&quot;1&quot;:0,&quot;2&quot;:0,&quot;3&quot;:3},{&quot;1&quot;:1,&quot;2&quot;:0,&quot;4&quot;:1}]},&quot;10&quot;:0,&quot;11&quot;:4,&quot;12&quot;:0,&quot;15&quot;:&quot;Helvetica Neue&quot;}\">Nedan kan du se hur gymnasievalet g\u00e5r till i stora drag. Har du fr\u00e5gor \u00e4r det en bra id\u00e9 att prata med din SYV.<\/span><\/p>\n\n\t\t\t\t\t<\/div>\n\t\t\t\t\t\t\t<\/div>\n\t\t\n\t\t\t\t\t\n<ol class=\"c-steps\" data-variant=\"vertical\" data-size=\"md\" data-columns=\"2\">\n\t\t\t<li class=\"c-steps__item\"\n\t\t\t\n\t\t>\n\t\t\t<div class=\"c-steps__circle u-radius-round\">\n\t\t\t\t\t\t\t\t\t<span class=\"c-steps__number\">1<\/span>\n\t\t\t\t\t\t\t<\/div>\n\n\t\t\t\t\t\t\t<div class=\"c-steps__content l-stack-xs\">\n\t\t\t\t\t\n\t\t\t\t\t\t\t\t\t\t\t<div class=\"c-steps__text l-stack-sm u-font-body\">\n\t\t\t\t\t\t\t<p><span data-sheets-value=\"{&quot;1&quot;:2,&quot;2&quot;:&quot;Ans\u00f6kan \u00f6ppnar i januari och du s\u00f6ker med ditt prelimin\u00e4ra meritv\u00e4rde. &quot;}\" data-sheets-userformat=\"{&quot;2&quot;:5029,&quot;3&quot;:{&quot;1&quot;:0},&quot;5&quot;:{&quot;1&quot;:[{&quot;1&quot;:2,&quot;2&quot;:0,&quot;5&quot;:{&quot;1&quot;:2,&quot;2&quot;:0}},{&quot;1&quot;:0,&quot;2&quot;:0,&quot;3&quot;:3},{&quot;1&quot;:1,&quot;2&quot;:0,&quot;4&quot;:1}]},&quot;8&quot;:{&quot;1&quot;:[{&quot;1&quot;:2,&quot;2&quot;:0,&quot;5&quot;:{&quot;1&quot;:2,&quot;2&quot;:0}},{&quot;1&quot;:0,&quot;2&quot;:0,&quot;3&quot;:3},{&quot;1&quot;:1,&quot;2&quot;:0,&quot;4&quot;:1}]},&quot;10&quot;:0,&quot;11&quot;:4,&quot;12&quot;:0,&quot;15&quot;:&quot;Helvetica Neue&quot;}\">Ans\u00f6kan \u00f6ppnar i januari och du s\u00f6ker med ditt prelimin\u00e4ra meritv\u00e4rde. <\/span><\/p>\n\n\t\t\t\t\t\t<\/div>\n\t\t\t\t\t\t\t\t\t<\/div>\n\t\t\t\t\t<\/li>\n\t\t\t<li class=\"c-steps__item\"\n\t\t\t\n\t\t>\n\t\t\t<div class=\"c-steps__circle u-radius-round\">\n\t\t\t\t\t\t\t\t\t<span class=\"c-steps__number\">2<\/span>\n\t\t\t\t\t\t\t<\/div>\n\n\t\t\t\t\t\t\t<div class=\"c-steps__content l-stack-xs\">\n\t\t\t\t\t\n\t\t\t\t\t\t\t\t\t\t\t<div class=\"c-steps__text l-stack-sm u-font-body\">\n\t\t\t\t\t\t\t<p><span data-sheets-value=\"{&quot;1&quot;:2,&quot;2&quot;:&quot;Du f\u00e5r ett prelimin\u00e4rt antagningsbesked. Det \u00e4r endast en indikation p\u00e5 hur du ligger till i valet.&quot;}\" data-sheets-userformat=\"{&quot;2&quot;:5025,&quot;3&quot;:{&quot;1&quot;:0},&quot;8&quot;:{&quot;1&quot;:[{&quot;1&quot;:2,&quot;2&quot;:0,&quot;5&quot;:{&quot;1&quot;:2,&quot;2&quot;:0}},{&quot;1&quot;:0,&quot;2&quot;:0,&quot;3&quot;:3},{&quot;1&quot;:1,&quot;2&quot;:0,&quot;4&quot;:1}]},&quot;10&quot;:0,&quot;11&quot;:4,&quot;12&quot;:0,&quot;15&quot;:&quot;Helvetica Neue&quot;}\">Du f\u00e5r ett prelimin\u00e4rt antagningsbesked. Det \u00e4r endast en indikation p\u00e5 hur du ligger till i valet.<\/span><\/p>\n\n\t\t\t\t\t\t<\/div>\n\t\t\t\t\t\t\t\t\t<\/div>\n\t\t\t\t\t<\/li>\n\t\t\t<li class=\"c-steps__item\"\n\t\t\t\n\t\t>\n\t\t\t<div class=\"c-steps__circle u-radius-round\">\n\t\t\t\t\t\t\t\t\t<span class=\"c-steps__number\">3<\/span>\n\t\t\t\t\t\t\t<\/div>\n\n\t\t\t\t\t\t\t<div class=\"c-steps__content l-stack-xs\">\n\t\t\t\t\t\n\t\t\t\t\t\t\t\t\t\t\t<div class=\"c-steps__text l-stack-sm u-font-body\">\n\t\t\t\t\t\t\t<p><span data-sheets-value=\"{&quot;1&quot;:2,&quot;2&quot;:&quot;Efter ditt prelimin\u00e4ra besked har du m\u00f6jlighet att g\u00f6ra ett omval, eller prioritera om dina val.&quot;}\" data-sheets-userformat=\"{&quot;2&quot;:5033,&quot;3&quot;:{&quot;1&quot;:0},&quot;6&quot;:{&quot;1&quot;:[{&quot;1&quot;:2,&quot;2&quot;:0,&quot;5&quot;:{&quot;1&quot;:2,&quot;2&quot;:0}},{&quot;1&quot;:0,&quot;2&quot;:0,&quot;3&quot;:3},{&quot;1&quot;:1,&quot;2&quot;:0,&quot;4&quot;:1}]},&quot;8&quot;:{&quot;1&quot;:[{&quot;1&quot;:2,&quot;2&quot;:0,&quot;5&quot;:{&quot;1&quot;:2,&quot;2&quot;:0}},{&quot;1&quot;:0,&quot;2&quot;:0,&quot;3&quot;:3},{&quot;1&quot;:1,&quot;2&quot;:0,&quot;4&quot;:1}]},&quot;10&quot;:0,&quot;11&quot;:4,&quot;12&quot;:0,&quot;15&quot;:&quot;Helvetica Neue&quot;}\">Efter ditt prelimin\u00e4ra besked har du m\u00f6jlighet att g\u00f6ra ett omval, eller prioritera om dina val.<\/span><\/p>\n\n\t\t\t\t\t\t<\/div>\n\t\t\t\t\t\t\t\t\t<\/div>\n\t\t\t\t\t<\/li>\n\t\t\t<li class=\"c-steps__item\"\n\t\t\t\n\t\t>\n\t\t\t<div class=\"c-steps__circle u-radius-round\">\n\t\t\t\t\t\t\t\t\t<span class=\"c-steps__number\">4<\/span>\n\t\t\t\t\t\t\t<\/div>\n\n\t\t\t\t\t\t\t<div class=\"c-steps__content l-stack-xs\">\n\t\t\t\t\t\n\t\t\t\t\t\t\t\t\t\t\t<div class=\"c-steps__text l-stack-sm u-font-body\">\n\t\t\t\t\t\t\t<p><span data-sheets-value=\"{&quot;1&quot;:2,&quot;2&quot;:&quot;Under sommaren f\u00e5r du ditt slutgiltiga besked. Det beh\u00f6ver du tacka ja eller nej till.&quot;}\" data-sheets-userformat=\"{&quot;2&quot;:5033,&quot;3&quot;:{&quot;1&quot;:0},&quot;6&quot;:{&quot;1&quot;:[{&quot;1&quot;:2,&quot;2&quot;:0,&quot;5&quot;:{&quot;1&quot;:2,&quot;2&quot;:0}},{&quot;1&quot;:0,&quot;2&quot;:0,&quot;3&quot;:3},{&quot;1&quot;:1,&quot;2&quot;:0,&quot;4&quot;:1}]},&quot;8&quot;:{&quot;1&quot;:[{&quot;1&quot;:2,&quot;2&quot;:0,&quot;5&quot;:{&quot;1&quot;:2,&quot;2&quot;:0}},{&quot;1&quot;:0,&quot;2&quot;:0,&quot;3&quot;:3},{&quot;1&quot;:1,&quot;2&quot;:0,&quot;4&quot;:1}]},&quot;10&quot;:0,&quot;11&quot;:4,&quot;12&quot;:0,&quot;15&quot;:&quot;Helvetica Neue&quot;}\">Under sommaren f\u00e5r du ditt slutgiltiga besked. Det beh\u00f6ver du tacka ja eller nej till.<\/span><\/p>\n\n\t\t\t\t\t\t<\/div>\n\t\t\t\t\t\t\t\t\t<\/div>\n\t\t\t\t\t<\/li>\n\t\t\t<li class=\"c-steps__item\"\n\t\t\t\n\t\t>\n\t\t\t<div class=\"c-steps__circle u-radius-round\">\n\t\t\t\t\t\t\t\t\t<span class=\"c-steps__number\">5<\/span>\n\t\t\t\t\t\t\t<\/div>\n\n\t\t\t\t\t\t\t<div class=\"c-steps__content l-stack-xs\">\n\t\t\t\t\t\n\t\t\t\t\t\t\t\t\t\t\t<div class=\"c-steps__text l-stack-sm u-font-body\">\n\t\t\t\t\t\t\t<p><span data-sheets-value=\"{&quot;1&quot;:2,&quot;2&quot;:&quot;Slutligen sker en reservantagning, det \u00e4r fr\u00e4mst aktuellt f\u00f6r dig som inte kom in p\u00e5 ditt f\u00f6rstahandsval men som fortfarande valt att st\u00e5 kvar som reserv till det.&quot;}\" data-sheets-userformat=\"{&quot;2&quot;:5033,&quot;3&quot;:{&quot;1&quot;:0},&quot;6&quot;:{&quot;1&quot;:[{&quot;1&quot;:2,&quot;2&quot;:0,&quot;5&quot;:{&quot;1&quot;:2,&quot;2&quot;:0}},{&quot;1&quot;:0,&quot;2&quot;:0,&quot;3&quot;:3},{&quot;1&quot;:1,&quot;2&quot;:0,&quot;4&quot;:1}]},&quot;8&quot;:{&quot;1&quot;:[{&quot;1&quot;:2,&quot;2&quot;:0,&quot;5&quot;:{&quot;1&quot;:2,&quot;2&quot;:0}},{&quot;1&quot;:0,&quot;2&quot;:0,&quot;3&quot;:3},{&quot;1&quot;:1,&quot;2&quot;:0,&quot;4&quot;:1}]},&quot;10&quot;:0,&quot;11&quot;:4,&quot;12&quot;:0,&quot;15&quot;:&quot;Helvetica Neue&quot;}\">Slutligen sker en reservantagning, det \u00e4r fr\u00e4mst aktuellt f\u00f6r dig som inte kom in p\u00e5 ditt f\u00f6rstahandsval men som fortfarande valt att st\u00e5 kvar som reserv till det.<\/span><\/p>\n\n\t\t\t\t\t\t<\/div>\n\t\t\t\t\t\t\t\t\t<\/div>\n\t\t\t\t\t<\/li>\n\t<\/ol>\n\t\n\t\t\t<div class=\"ams-timeline__action u-inline-items\">\n\t\t\t\t\t\t\t\n\n\n<a href=\"https:\/\/gymnasieantagningen.storsthlm.se\/viktiga-datum\/\"\n\t\n\tclass=\"c-btn \"\n\tdata-style=\"square\"\n\tdata-size=\"md\"\n\tdata-width=\"full-mobile\"\n\tdata-variant=\"default\"\n\ttarget=\"_blank\">\n\t\t\t<span class=\"label\"> Viktiga datum f\u00f6r gymnasievalet<\/span>\n\t\t\t<\/a>\n\t\t\t<\/div>\n\t<\/div>\n\n\t\t\n\n<\/section>\n\n\n\n\t<div class=\"module_wrapper ams_remote_pages_module \">\n\t\t\n\n<section  class=\"ams-cta ams-cta--stacked c-block l-stacked\" data-color-scheme=\"gray\">\n\t<div class=\"l-container-narrow l-stack l-stack-fluid-2xl u-pt-fluid-3xl-6xl u-pb-fluid-3xl-6xl is-center is-center@md\">\n\t\t\t\t\t<div class=\"ams-cta__intro l-stack l-stack-lg\">\n\t\t\t\t\t\n\t<h2\n\tclass=\"c-heading u-font-title-1 \"\n\tstyle=\"\">\n\t\t\n\t\t\t\t\tBes\u00f6k oss\n\t\t\t\t\n\t<\/h2>\n\n\t\t\t\t\t\t\t\t\t<div class=\"c-text l-stack u-cs-xl u-font-body\">\n\t\t\t\t\t\t<p><span data-sheets-value=\"{&quot;1&quot;:2,&quot;2&quot;:&quot;Du upplever oss allra b\u00e4st p\u00e5 plats. Anm\u00e4l dig till \u00d6ppet hus eller boka in dig till Designelev f\u00f6r en dag f\u00f6r att l\u00e4ra k\u00e4nna oss b\u00e4ttre. Varmt v\u00e4lkommen!&quot;}\" data-sheets-userformat=\"{&quot;2&quot;:4995,&quot;3&quot;:{&quot;1&quot;:0},&quot;4&quot;:{&quot;1&quot;:2,&quot;2&quot;:15789035},&quot;10&quot;:0,&quot;11&quot;:4,&quot;12&quot;:0,&quot;15&quot;:&quot;Helvetica Neue&quot;}\">Du upplever oss allra b\u00e4st p\u00e5 plats. Anm\u00e4l dig till \u00d6ppet hus eller boka in dig till Designelev f\u00f6r en dag f\u00f6r att l\u00e4ra k\u00e4nna oss b\u00e4ttre. Varmt v\u00e4lkommen!<\/span><\/p>\n\n\t\t\t\t\t<\/div>\n\t\t\t\t\t\t\t<\/div>\n\t\t\n\t\t\n\t\t\t<div class=\"ams-cta__action u-inline-items\">\n\t\t\t\t\t\t\t\n\n\n<a href=\"https:\/\/designgymnasiet.se\/sickla\/oppet-hus\/\"\n\t\n\tclass=\"c-btn \"\n\tdata-style=\"square\"\n\tdata-size=\"md\"\n\tdata-width=\"full-mobile\"\n\tdata-variant=\"default\"\n\ttarget=\"_self\">\n\t\t\t<span class=\"label\"> Anm\u00e4l dig till \u00d6ppet hus<\/span>\n\t\t\t<\/a>\n\t\t\t\t\t\t\t\n\n\n<a href=\"https:\/\/designgymnasiet.se\/sickla\/designelev-for-en-dag\/\"\n\t\n\tclass=\"c-btn \"\n\tdata-style=\"square\"\n\tdata-size=\"md\"\n\tdata-width=\"full-mobile\"\n\tdata-variant=\"outline\"\n\ttarget=\"_self\">\n\t\t\t<span class=\"label\"> Boka in Designelev f\u00f6r en dag<\/span>\n\t\t\t<\/a>\n\t\t\t<\/div>\n\t<\/div>\n\n\t\t\n\t\t\t\n\t\t\t\t\t\t\t\n\t\t\t\t<div class=\"c-bg c-bg--img\" data-settings=\"{&quot;desktop_settings&quot;:{&quot;size&quot;:&quot;contain&quot;,&quot;position&quot;:&quot;top-left&quot;},&quot;mobile_settings&quot;:{&quot;size&quot;:&quot;contain&quot;,&quot;position&quot;:&quot;top-left&quot;}}\" data-position=\"middle-center\" data-size=\"cover\">\n\t\t\t<picture><source media=\"(min-width: 48em)\" srcset=\"https:\/\/designgymnasiet.se\/wp-content\/uploads\/sites\/11\/2023\/10\/dgwebbscribblestjarnortreplaceringvanstra-ovre-hornetdesktop.svg\" sizes=\"\" \/><source srcset=\"https:\/\/designgymnasiet.se\/wp-content\/uploads\/sites\/11\/2023\/10\/dgwebbscribblestjarnortreplaceringvanstra-ovre-hornetmobil.svg\" sizes=\"\" \/><img decoding=\"async\" src=\"https:\/\/designgymnasiet.se\/wp-content\/uploads\/sites\/11\/2023\/10\/dgwebbscribblestjarnortreplaceringvanstra-ovre-hornetdesktop.svg\" class=\"attachment-hero-lg size-hero-lg\" alt=\"\" sizes=\"\" height=\"237\" width=\"1920\" \/><\/picture>\n\t\t<\/div>\n\t\n<\/section>\n\t<\/div>\n\n\t","protected":false},"excerpt":{"rendered":"","protected":false},"author":1,"featured_media":0,"parent":0,"menu_order":0,"comment_status":"closed","ping_status":"closed","template":"","meta":{"footnotes":""},"yoast_head":"<!-- This site is optimized with the Yoast SEO plugin v22.0 - https:\/\/yoast.com\/wordpress\/plugins\/seo\/ -->\n<title>Sickla<\/title>\n<meta name=\"description\" content=\"P\u00e5 denna sidan f\u00e5r du reda p\u00e5 hur gymnasievalet i Stockholm g\u00e5r till. Du kan ocks\u00e5 l\u00e4sa hur du g\u00f6r f\u00f6r att s\u00f6ka till Designgymnasiet i Sickla.\" \/>\n<meta name=\"robots\" content=\"index, follow, max-snippet:-1, max-image-preview:large, max-video-preview:-1\" \/>\n<link rel=\"canonical\" href=\"https:\/\/designgymnasiet.se\/sickla\/soka-till-designgymnasiet\/\" \/>\n<meta property=\"og:locale\" content=\"sv_SE\" \/>\n<meta property=\"og:type\" content=\"article\" \/>\n<meta property=\"og:description\" content=\"P\u00e5 denna sidan f\u00e5r du reda p\u00e5 hur gymnasievalet i Stockholm g\u00e5r till. Du kan ocks\u00e5 l\u00e4sa hur du g\u00f6r f\u00f6r att s\u00f6ka till Designgymnasiet i Sickla.\" \/>\n<meta property=\"og:url\" content=\"https:\/\/designgymnasiet.se\/sickla\/soka-till-designgymnasiet\/\" \/>\n<meta property=\"og:site_name\" content=\"Sickla\" \/>\n<meta property=\"article:modified_time\" content=\"2024-12-02T11:39:48+00:00\" \/>\n<meta name=\"twitter:card\" content=\"summary_large_image\" \/>\n<meta name=\"twitter:description\" content=\"P\u00e5 denna sidan f\u00e5r du reda p\u00e5 hur gymnasievalet i Stockholm g\u00e5r till. Du kan ocks\u00e5 l\u00e4sa hur du g\u00f6r f\u00f6r att s\u00f6ka till Designgymnasiet i Sickla.\" \/>\n<meta name=\"twitter:label1\" content=\"Ber\u00e4knad l\u00e4stid\" \/>\n\t<meta name=\"twitter:data1\" content=\"2 minuter\" \/>\n<script type=\"application\/ld+json\" class=\"yoast-schema-graph\">{\"@context\":\"https:\/\/schema.org\",\"@graph\":[{\"@type\":\"WebPage\",\"@id\":\"https:\/\/designgymnasiet.se\/sickla\/soka-till-designgymnasiet\/\",\"url\":\"https:\/\/designgymnasiet.se\/sickla\/soka-till-designgymnasiet\/\",\"name\":\"S\u00f6ka till Designgymnasiet - Sickla\",\"isPartOf\":{\"@id\":\"https:\/\/designgymnasiet.se\/sickla\/#website\"},\"datePublished\":\"2023-08-15T09:08:38+00:00\",\"dateModified\":\"2024-12-02T11:39:48+00:00\",\"description\":\"P\u00e5 denna sidan f\u00e5r du reda p\u00e5 hur gymnasievalet i Stockholm g\u00e5r till. Du kan ocks\u00e5 l\u00e4sa hur du g\u00f6r f\u00f6r att s\u00f6ka till Designgymnasiet i Sickla.\",\"breadcrumb\":{\"@id\":\"https:\/\/designgymnasiet.se\/sickla\/soka-till-designgymnasiet\/#breadcrumb\"},\"inLanguage\":\"sv-SE\",\"potentialAction\":[{\"@type\":\"ReadAction\",\"target\":[\"https:\/\/designgymnasiet.se\/sickla\/soka-till-designgymnasiet\/\"]}]},{\"@type\":\"BreadcrumbList\",\"@id\":\"https:\/\/designgymnasiet.se\/sickla\/soka-till-designgymnasiet\/#breadcrumb\",\"itemListElement\":[{\"@type\":\"ListItem\",\"position\":1,\"name\":\"Start\",\"item\":\"https:\/\/designgymnasiet.se\/sickla\/\"},{\"@type\":\"ListItem\",\"position\":2,\"name\":\"S\u00f6ka till Designgymnasiet\"}]},{\"@type\":\"WebSite\",\"@id\":\"https:\/\/designgymnasiet.se\/sickla\/#website\",\"url\":\"https:\/\/designgymnasiet.se\/sickla\/\",\"name\":\"Sickla\",\"description\":\"Har du designdr\u00f6mmar?\",\"potentialAction\":[{\"@type\":\"SearchAction\",\"target\":{\"@type\":\"EntryPoint\",\"urlTemplate\":\"https:\/\/designgymnasiet.se\/sickla\/?s={search_term_string}\"},\"query-input\":\"required name=search_term_string\"}],\"inLanguage\":\"sv-SE\"}]}<\/script>\n<!-- \/ Yoast SEO plugin. -->","yoast_head_json":{"title":"Sickla","description":"P\u00e5 denna sidan f\u00e5r du reda p\u00e5 hur gymnasievalet i Stockholm g\u00e5r till. Du kan ocks\u00e5 l\u00e4sa hur du g\u00f6r f\u00f6r att s\u00f6ka till Designgymnasiet i Sickla.","robots":{"index":"index","follow":"follow","max-snippet":"max-snippet:-1","max-image-preview":"max-image-preview:large","max-video-preview":"max-video-preview:-1"},"canonical":"https:\/\/designgymnasiet.se\/sickla\/soka-till-designgymnasiet\/","og_locale":"sv_SE","og_type":"article","og_description":"P\u00e5 denna sidan f\u00e5r du reda p\u00e5 hur gymnasievalet i Stockholm g\u00e5r till. Du kan ocks\u00e5 l\u00e4sa hur du g\u00f6r f\u00f6r att s\u00f6ka till Designgymnasiet i Sickla.","og_url":"https:\/\/designgymnasiet.se\/sickla\/soka-till-designgymnasiet\/","og_site_name":"Sickla","article_modified_time":"2024-12-02T11:39:48+00:00","twitter_card":"summary_large_image","twitter_description":"P\u00e5 denna sidan f\u00e5r du reda p\u00e5 hur gymnasievalet i Stockholm g\u00e5r till. Du kan ocks\u00e5 l\u00e4sa hur du g\u00f6r f\u00f6r att s\u00f6ka till Designgymnasiet i Sickla.","twitter_misc":{"Ber\u00e4knad l\u00e4stid":"2 minuter"},"schema":{"@context":"https:\/\/schema.org","@graph":[{"@type":"WebPage","@id":"https:\/\/designgymnasiet.se\/sickla\/soka-till-designgymnasiet\/","url":"https:\/\/designgymnasiet.se\/sickla\/soka-till-designgymnasiet\/","name":"S\u00f6ka till Designgymnasiet - Sickla","isPartOf":{"@id":"https:\/\/designgymnasiet.se\/sickla\/#website"},"datePublished":"2023-08-15T09:08:38+00:00","dateModified":"2024-12-02T11:39:48+00:00","description":"P\u00e5 denna sidan f\u00e5r du reda p\u00e5 hur gymnasievalet i Stockholm g\u00e5r till. Du kan ocks\u00e5 l\u00e4sa hur du g\u00f6r f\u00f6r att s\u00f6ka till Designgymnasiet i Sickla.","breadcrumb":{"@id":"https:\/\/designgymnasiet.se\/sickla\/soka-till-designgymnasiet\/#breadcrumb"},"inLanguage":"sv-SE","potentialAction":[{"@type":"ReadAction","target":["https:\/\/designgymnasiet.se\/sickla\/soka-till-designgymnasiet\/"]}]},{"@type":"BreadcrumbList","@id":"https:\/\/designgymnasiet.se\/sickla\/soka-till-designgymnasiet\/#breadcrumb","itemListElement":[{"@type":"ListItem","position":1,"name":"Start","item":"https:\/\/designgymnasiet.se\/sickla\/"},{"@type":"ListItem","position":2,"name":"S\u00f6ka till Designgymnasiet"}]},{"@type":"WebSite","@id":"https:\/\/designgymnasiet.se\/sickla\/#website","url":"https:\/\/designgymnasiet.se\/sickla\/","name":"Sickla","description":"Har du designdr\u00f6mmar?","potentialAction":[{"@type":"SearchAction","target":{"@type":"EntryPoint","urlTemplate":"https:\/\/designgymnasiet.se\/sickla\/?s={search_term_string}"},"query-input":"required name=search_term_string"}],"inLanguage":"sv-SE"}]}},"_links":{"self":[{"href":"https:\/\/designgymnasiet.se\/sickla\/wp-json\/wp\/v2\/pages\/888"}],"collection":[{"href":"https:\/\/designgymnasiet.se\/sickla\/wp-json\/wp\/v2\/pages"}],"about":[{"href":"https:\/\/designgymnasiet.se\/sickla\/wp-json\/wp\/v2\/types\/page"}],"author":[{"embeddable":true,"href":"https:\/\/designgymnasiet.se\/sickla\/wp-json\/wp\/v2\/users\/1"}],"replies":[{"embeddable":true,"href":"https:\/\/designgymnasiet.se\/sickla\/wp-json\/wp\/v2\/comments?post=888"}],"version-history":[{"count":10,"href":"https:\/\/designgymnasiet.se\/sickla\/wp-json\/wp\/v2\/pages\/888\/revisions"}],"predecessor-version":[{"id":1995,"href":"https:\/\/designgymnasiet.se\/sickla\/wp-json\/wp\/v2\/pages\/888\/revisions\/1995"}],"wp:attachment":[{"href":"https:\/\/designgymnasiet.se\/sickla\/wp-json\/wp\/v2\/media?parent=888"}],"curies":[{"name":"wp","href":"https:\/\/api.w.org\/{rel}","templated":true}]}}