{"id":874,"date":"2023-08-15T11:01:59","date_gmt":"2023-08-15T09:01:59","guid":{"rendered":"https:\/\/designgymnasiet.se\/sickla\/?page_id=874"},"modified":"2023-09-27T16:42:18","modified_gmt":"2023-09-27T14:42:18","slug":"vara-kvalitetsresultat","status":"publish","type":"page","link":"https:\/\/designgymnasiet.se\/sickla\/vart-kvalitetsarbete\/vara-kvalitetsresultat\/","title":{"rendered":"V\u00e5ra kvalitetsresultat"},"content":{"rendered":"\n\t<div class=\"module_wrapper ams_remote_pages_module \">\n\t\t\n\t\n\t\n\t\n\n\t\n\t\n\t\t\n<section  class=\"c-block l-stacked  \" data-color-scheme=\"gray\">\n\t<div class=\"ams-fifty ams-fifty--container ams-fifty--left ams-fifty--top l-container u-pt-fluid-3xl-6xl u-pb-fluid-3xl-6xl\">\n\t\t<div class=\"ams-fifty__content l-stack l-stack-xl is-left is-left@lg\">\n\t\t\t<div class=\"ams-fifty__text l-stack l-stack-lg\">\n\t\t\t\t\t\n\t<h1\n\tclass=\"c-heading u-font-large \"\n\tstyle=\"\">\n\t\t\n\t\t\t\t\tV\u00e5ra kvalitetsresultat\n\t\t\t\t\n\t<\/h1>\n\n\t\t\t\t\t\t\t\t\t<div class=\"text l-stack u-font-body\">\n\t\t\t\t\t\t<p><span data-sheets-value=\"{&quot;1&quot;:2,&quot;2&quot;:&quot;Vid l\u00e4s\u00e5rsstart uppr\u00e4ttar skolan en arbetsplan med prioriterade fokusomr\u00e5den. Arbetsplanen tar sin utg\u00e5ngspunkt i skolans samlade analys fr\u00e5n f\u00f6reg\u00e5ende l\u00e4s\u00e5r. Under innevarande l\u00e4s\u00e5r f\u00f6ljer skolan upp aktuella fokusomr\u00e5den och hur v\u00e4l man n\u00e5r uppsatta m\u00e5l och vilka metoder som gett effekt. Vid l\u00e4s\u00e5rsslut g\u00f6rs sedan en f\u00f6rdjupad analys av \u00e5rets samlade resultat, vilket dokumenteras i en kvalitetsrapport.&quot;}\" data-sheets-userformat=\"{&quot;2&quot;:5025,&quot;3&quot;:{&quot;1&quot;:0},&quot;8&quot;:{&quot;1&quot;:[{&quot;1&quot;:2,&quot;2&quot;:0,&quot;5&quot;:{&quot;1&quot;:2,&quot;2&quot;:0}},{&quot;1&quot;:0,&quot;2&quot;:0,&quot;3&quot;:3},{&quot;1&quot;:1,&quot;2&quot;:0,&quot;4&quot;:1}]},&quot;10&quot;:0,&quot;11&quot;:4,&quot;12&quot;:0,&quot;15&quot;:&quot;Helvetica Neue&quot;}\">Vid l\u00e4s\u00e5rsstart uppr\u00e4ttar skolan en arbetsplan med prioriterade fokusomr\u00e5den. Arbetsplanen tar sin utg\u00e5ngspunkt i skolans samlade analys fr\u00e5n f\u00f6reg\u00e5ende l\u00e4s\u00e5r. Under innevarande l\u00e4s\u00e5r f\u00f6ljer skolan upp aktuella fokusomr\u00e5den och hur v\u00e4l man n\u00e5r uppsatta m\u00e5l och vilka metoder som gett effekt. Vid l\u00e4s\u00e5rsslut g\u00f6rs sedan en f\u00f6rdjupad analys av \u00e5rets samlade resultat, vilket dokumenteras i en kvalitetsrapport.<\/span><\/p>\n\n\t\t\t\t\t<\/div>\n\t\t\t\t\t\t\t<\/div>\n\n\t\t\t\t\t<\/div>\n\n\t\t <div class=\"ams-fifty__media u-ratio-square\">\n\t\t \t\t\t\t\t<img decoding=\"async\" width=\"600\" height=\"400\" src=\"https:\/\/designgymnasiet.se\/wp-content\/uploads\/2023\/09\/kvalitetsarbetet-202304-600x400.jpg\" class=\"attachment-md size-md\" alt=\"Tv\u00e5 elever sitter med varsin dator i ett klassrum.\" sizes=\"(min-width: 64em) 600px, calc(100vw - 160px)\" srcset=\"https:\/\/designgymnasiet.se\/wp-content\/uploads\/2023\/09\/kvalitetsarbetet-202304-600x400.jpg 600w, https:\/\/designgymnasiet.se\/wp-content\/uploads\/2023\/09\/kvalitetsarbetet-202304-300x200.jpg 300w, https:\/\/designgymnasiet.se\/wp-content\/uploads\/2023\/09\/kvalitetsarbetet-202304-400x267.jpg 400w, https:\/\/designgymnasiet.se\/wp-content\/uploads\/2023\/09\/kvalitetsarbetet-202304-800x533.jpg 800w, https:\/\/designgymnasiet.se\/wp-content\/uploads\/2023\/09\/kvalitetsarbetet-202304-1024x683.jpg 1024w, https:\/\/designgymnasiet.se\/wp-content\/uploads\/2023\/09\/kvalitetsarbetet-202304-1200x800.jpg 1200w, https:\/\/designgymnasiet.se\/wp-content\/uploads\/2023\/09\/kvalitetsarbetet-202304.jpg 2048w\" \/>\n\t\t\t\n\t\t\t\n\t\t\t\t\t<\/div>\n\t<\/div>\n\n\t\t\n\n<\/section>\n\n\n<section  class=\"ams-lists c-block l-stacked\" data-color-scheme=\"white\">\n\t<div class=\"l-container l-stack l-stack-fluid-2xl u-pt-fluid-3xl-6xl u-pb-fluid-3xl-6xl is-center is-center@md\">\n\t\t\t\t\t<div class=\"ams-lists__intro l-stack l-stack-lg\">\n\t\t\t\t\t\n\t<h2\n\tclass=\"c-heading u-font-title-1 \"\n\tstyle=\"\">\n\t\t\n\t\t\t\t\tKvalitetsrapporter\n\t\t\t\t\n\t<\/h2>\n\n\t\t\t\t\t\t\t\t\t<div class=\"c-text l-stack u-cs-xl u-font-body\">\n\t\t\t\t\t\t<p><span data-sheets-value=\"{&quot;1&quot;:2,&quot;2&quot;:&quot;Nedan hittar du kvalitetsrapport skapad av rektor p\u00e5 vardera skola samt en sammanfattande rapport fr\u00e5n huvudman.&quot;}\" data-sheets-userformat=\"{&quot;2&quot;:5025,&quot;3&quot;:{&quot;1&quot;:0},&quot;8&quot;:{&quot;1&quot;:[{&quot;1&quot;:2,&quot;2&quot;:0,&quot;5&quot;:{&quot;1&quot;:2,&quot;2&quot;:0}},{&quot;1&quot;:0,&quot;2&quot;:0,&quot;3&quot;:3},{&quot;1&quot;:1,&quot;2&quot;:0,&quot;4&quot;:1}]},&quot;10&quot;:0,&quot;11&quot;:4,&quot;12&quot;:0,&quot;15&quot;:&quot;Helvetica Neue&quot;}\">Nedan hittar du kvalitetsrapport skapad av rektor p\u00e5 vardera skola samt en sammanfattande rapport fr\u00e5n huvudman.<\/span><\/p>\n\n\t\t\t\t\t<\/div>\n\t\t\t\t\t\t\t<\/div>\n\t\t\n\t\t\t\t\t<div class=\"ams-lists__content\">\n\t\t\t<div class=\"c-list\" style=\"--list-columns: 2;\">\n\n\t\t\t\t\t\t\t\t\t\t\t\t\t\n\t\t\t\t\t\n\t\t\t\t\t\t\t\t\t\t\t<div class=\"c-list__item column-1 u-font-body\">\n\t\t\t\t\t\t\t\t\t\t\t\t\t\t\t<a href=\"https:\/\/designgymnasiet.se\/wp-content\/uploads\/2025\/10\/kr-2425dg-goteborg.pdf\"\n\t\t\t\t\t\t\t\t   target=\"_blank\"\n\t\t\t\t\t\t\t\t   class=\"c-list__link\">\n\n\t\t\t\t\t\t\t\t\t<span>\n\t\t\t\t\t\t\t\t\t\t\t\t\t\t\t\t\t\t\t\t\tDesigngymnasiet G\u00f6teborg 2024\/2025\n\t\t\t\t\t\t\t\t\t\t\t\t\t\t\t\t\t\t\t<\/span>\n\t\t\t\t\t\t\t\t<\/a>\n\t\t\t\t\t\t\t\t\t\t\t\t\t<\/div>\n\t\t\t\t\t\t\t\t\t\t\t<div class=\"c-list__item column-1 u-font-body\">\n\t\t\t\t\t\t\t\t\t\t\t\t\t\t\t<a href=\"https:\/\/designgymnasiet.se\/wp-content\/uploads\/2025\/10\/kr-2425dg-kungsholmen.pdf\"\n\t\t\t\t\t\t\t\t   target=\"_blank\"\n\t\t\t\t\t\t\t\t   class=\"c-list__link\">\n\n\t\t\t\t\t\t\t\t\t<span>\n\t\t\t\t\t\t\t\t\t\t\t\t\t\t\t\t\t\t\t\t\tDesigngymnasiet Kungsholmen 2024\/2025\n\t\t\t\t\t\t\t\t\t\t\t\t\t\t\t\t\t\t\t<\/span>\n\t\t\t\t\t\t\t\t<\/a>\n\t\t\t\t\t\t\t\t\t\t\t\t\t<\/div>\n\t\t\t\t\t\t\t\t\t\t\t<div class=\"c-list__item column-1 u-font-body\">\n\t\t\t\t\t\t\t\t\t\t\t\t\t\t\t<a href=\"https:\/\/designgymnasiet.se\/wp-content\/uploads\/2025\/10\/kr-2425dg-malmo.pdf\"\n\t\t\t\t\t\t\t\t   target=\"_blank\"\n\t\t\t\t\t\t\t\t   class=\"c-list__link\">\n\n\t\t\t\t\t\t\t\t\t<span>\n\t\t\t\t\t\t\t\t\t\t\t\t\t\t\t\t\t\t\t\t\tDesigngymnasiet Malm\u00f6 2024\/2025\n\t\t\t\t\t\t\t\t\t\t\t\t\t\t\t\t\t\t\t<\/span>\n\t\t\t\t\t\t\t\t<\/a>\n\t\t\t\t\t\t\t\t\t\t\t\t\t<\/div>\n\t\t\t\t\t\t\t\t\t\t\t<div class=\"c-list__item column-1 u-font-body\">\n\t\t\t\t\t\t\t\t\t\t\t\t\t\t\t<a href=\"https:\/\/designgymnasiet.se\/wp-content\/uploads\/2025\/10\/kr-2425dg-sickla.pdf\"\n\t\t\t\t\t\t\t\t   target=\"_self\"\n\t\t\t\t\t\t\t\t   class=\"c-list__link\">\n\n\t\t\t\t\t\t\t\t\t<span>\n\t\t\t\t\t\t\t\t\t\t\t\t\t\t\t\t\t\t\t\t\tDesigngymnasiet Sickla 2024\/2025\n\t\t\t\t\t\t\t\t\t\t\t\t\t\t\t\t\t\t\t<\/span>\n\t\t\t\t\t\t\t\t<\/a>\n\t\t\t\t\t\t\t\t\t\t\t\t\t<\/div>\n\t\t\t\t\t\t\t\t\t\t\t<div class=\"c-list__item column-1 u-font-body\">\n\t\t\t\t\t\t\t\t\t\t\t\t\t\t\t<a href=\"https:\/\/designgymnasiet.se\/wp-content\/uploads\/2025\/10\/kr-2425dg-vasteras.pdf\"\n\t\t\t\t\t\t\t\t   target=\"_self\"\n\t\t\t\t\t\t\t\t   class=\"c-list__link\">\n\n\t\t\t\t\t\t\t\t\t<span>\n\t\t\t\t\t\t\t\t\t\t\t\t\t\t\t\t\t\t\t\t\tDesigngymnasiet V\u00e4ster\u00e5s 2024\/2025\n\t\t\t\t\t\t\t\t\t\t\t\t\t\t\t\t\t\t\t<\/span>\n\t\t\t\t\t\t\t\t<\/a>\n\t\t\t\t\t\t\t\t\t\t\t\t\t<\/div>\n\t\t\t\t\t\t\t\t\t\t\t<div class=\"c-list__item column-1 u-font-body\">\n\t\t\t\t\t\t\t\t\t\t\t\t\t\t\t<a href=\"https:\/\/designgymnasiet.se\/wp-content\/uploads\/2025\/12\/kr-dg-ab2425.pdf\"\n\t\t\t\t\t\t\t\t   target=\"_blank\"\n\t\t\t\t\t\t\t\t   class=\"c-list__link\">\n\n\t\t\t\t\t\t\t\t\t<span>\n\t\t\t\t\t\t\t\t\t\t\t\t\t\t\t\t\t\t\t\t\tDesigngymnasiet Huvudman 2024\/2025\n\t\t\t\t\t\t\t\t\t\t\t\t\t\t\t\t\t\t\t<\/span>\n\t\t\t\t\t\t\t\t<\/a>\n\t\t\t\t\t\t\t\t\t\t\t\t\t<\/div>\n\t\t\t\t\t\n\t\t\t\t\n\t\t\t<\/div>\n\t\t<\/div>\n\t\n\n\t\n\t\t\t<\/div>\n\n\t\t\n\n<\/section>\n\t<\/div>\n\n\t\n\n\n\n<section  class=\"ams-cta ams-cta--stacked c-block l-stacked\" data-color-scheme=\"burgundy\">\n\t<div class=\"l-container l-stack l-stack-fluid-2xl u-pt-fluid-3xl-6xl u-pb-fluid-3xl-6xl is-center is-center@md\">\n\t\t\t\t\t<div class=\"ams-cta__intro l-stack l-stack-lg\">\n\t\t\t\t\t\n\t<h2\n\tclass=\"c-heading u-font-title-1 \"\n\tstyle=\"\">\n\t\t\n\t\t\t\t\tHar du fr\u00e5gor?\n\t\t\t\t\n\t<\/h2>\n\n\t\t\t\t\t\t\t\t\t<div class=\"c-text l-stack u-cs-xl u-font-body\">\n\t\t\t\t\t\t<p><span data-sheets-value=\"{&quot;1&quot;:2,&quot;2&quot;:&quot;Om du har fr\u00e5gor om v\u00e5ra kvalitetsresultat \u00e4r du v\u00e4lkommen att kontakta oss.&quot;}\" data-sheets-userformat=\"{&quot;2&quot;:5025,&quot;3&quot;:{&quot;1&quot;:0},&quot;8&quot;:{&quot;1&quot;:[{&quot;1&quot;:2,&quot;2&quot;:0,&quot;5&quot;:{&quot;1&quot;:2,&quot;2&quot;:0}},{&quot;1&quot;:0,&quot;2&quot;:0,&quot;3&quot;:3},{&quot;1&quot;:1,&quot;2&quot;:0,&quot;4&quot;:1}]},&quot;10&quot;:0,&quot;11&quot;:4,&quot;12&quot;:0,&quot;15&quot;:&quot;Helvetica Neue&quot;}\">Om du har fr\u00e5gor om v\u00e5ra kvalitetsresultat \u00e4r du v\u00e4lkommen att kontakta oss.<\/span><\/p>\n\n\t\t\t\t\t<\/div>\n\t\t\t\t\t\t\t<\/div>\n\t\t\n\t\t\n\t\t\t<div class=\"ams-cta__action u-inline-items\">\n\t\t\t\t\t\t\t\n\n\n<a href=\"https:\/\/designgymnasiet.se\/sickla\/kontakt\/\"\n\t\n\tclass=\"c-btn \"\n\tdata-style=\"square\"\n\tdata-size=\"md\"\n\tdata-width=\"full-mobile\"\n\tdata-variant=\"default\"\n\ttarget=\"_self\">\n\t\t\t<span class=\"label\"> Kontakta oss<\/span>\n\t\t\t<\/a>\n\t\t\t\t\t\t\t\n\n\n<a href=\"https:\/\/designgymnasiet.se\/sickla\/vart-kvalitetsarbete\/\"\n\t\n\tclass=\"c-btn \"\n\tdata-style=\"square\"\n\tdata-size=\"md\"\n\tdata-width=\"full-mobile\"\n\tdata-variant=\"outline\"\n\ttarget=\"_self\">\n\t\t\t<span class=\"label\"> V\u00e5rt kvalitetsarbete<\/span>\n\t\t\t<\/a>\n\t\t\t<\/div>\n\t<\/div>\n\n\t\t\n\n<\/section>\n","protected":false},"excerpt":{"rendered":"","protected":false},"author":1,"featured_media":0,"parent":869,"menu_order":0,"comment_status":"closed","ping_status":"closed","template":"","meta":{"footnotes":""},"yoast_head":"<!-- This site is optimized with the Yoast SEO plugin v22.0 - https:\/\/yoast.com\/wordpress\/plugins\/seo\/ -->\n<title>V\u00e5ra kvalitetsresultat - Designgymnasiet Sickla<\/title>\n<meta name=\"description\" content=\"H\u00e4r kan du ta del av skolans kvalitetsresultat. Ladda ner skolans betygsresultat eller n\u00e5gon av v\u00e5ra kvalitetsrapporter.\" \/>\n<meta name=\"robots\" content=\"index, follow, max-snippet:-1, max-image-preview:large, max-video-preview:-1\" \/>\n<link rel=\"canonical\" href=\"https:\/\/designgymnasiet.se\/sickla\/vart-kvalitetsarbete\/vara-kvalitetsresultat\/\" \/>\n<meta property=\"og:locale\" content=\"sv_SE\" \/>\n<meta property=\"og:type\" content=\"article\" \/>\n<meta property=\"og:title\" content=\"V\u00e5ra kvalitetsresultat - Designgymnasiet Sickla\" \/>\n<meta property=\"og:description\" content=\"H\u00e4r kan du ta del av skolans kvalitetsresultat. Ladda ner skolans betygsresultat eller n\u00e5gon av v\u00e5ra kvalitetsrapporter.\" \/>\n<meta property=\"og:url\" content=\"https:\/\/designgymnasiet.se\/sickla\/vart-kvalitetsarbete\/vara-kvalitetsresultat\/\" \/>\n<meta property=\"og:site_name\" content=\"Sickla\" \/>\n<meta property=\"article:modified_time\" content=\"2023-09-27T14:42:18+00:00\" \/>\n<meta name=\"twitter:card\" content=\"summary_large_image\" \/>\n<meta name=\"twitter:title\" content=\"V\u00e5ra kvalitetsresultat - Designgymnasiet Sickla\" \/>\n<meta name=\"twitter:description\" content=\"H\u00e4r kan du ta del av skolans kvalitetsresultat. Ladda ner skolans betygsresultat eller n\u00e5gon av v\u00e5ra kvalitetsrapporter.\" \/>\n<script type=\"application\/ld+json\" class=\"yoast-schema-graph\">{\"@context\":\"https:\/\/schema.org\",\"@graph\":[{\"@type\":\"WebPage\",\"@id\":\"https:\/\/designgymnasiet.se\/sickla\/vart-kvalitetsarbete\/vara-kvalitetsresultat\/\",\"url\":\"https:\/\/designgymnasiet.se\/sickla\/vart-kvalitetsarbete\/vara-kvalitetsresultat\/\",\"name\":\"V\u00e5ra kvalitetsresultat - Designgymnasiet Sickla\",\"isPartOf\":{\"@id\":\"https:\/\/designgymnasiet.se\/sickla\/#website\"},\"datePublished\":\"2023-08-15T09:01:59+00:00\",\"dateModified\":\"2023-09-27T14:42:18+00:00\",\"description\":\"H\u00e4r kan du ta del av skolans kvalitetsresultat. Ladda ner skolans betygsresultat eller n\u00e5gon av v\u00e5ra kvalitetsrapporter.\",\"breadcrumb\":{\"@id\":\"https:\/\/designgymnasiet.se\/sickla\/vart-kvalitetsarbete\/vara-kvalitetsresultat\/#breadcrumb\"},\"inLanguage\":\"sv-SE\",\"potentialAction\":[{\"@type\":\"ReadAction\",\"target\":[\"https:\/\/designgymnasiet.se\/sickla\/vart-kvalitetsarbete\/vara-kvalitetsresultat\/\"]}]},{\"@type\":\"BreadcrumbList\",\"@id\":\"https:\/\/designgymnasiet.se\/sickla\/vart-kvalitetsarbete\/vara-kvalitetsresultat\/#breadcrumb\",\"itemListElement\":[{\"@type\":\"ListItem\",\"position\":1,\"name\":\"Start\",\"item\":\"https:\/\/designgymnasiet.se\/sickla\/\"},{\"@type\":\"ListItem\",\"position\":2,\"name\":\"V\u00e5rt kvalitetsarbete\",\"item\":\"https:\/\/designgymnasiet.se\/sickla\/vart-kvalitetsarbete\/\"},{\"@type\":\"ListItem\",\"position\":3,\"name\":\"V\u00e5ra kvalitetsresultat\"}]},{\"@type\":\"WebSite\",\"@id\":\"https:\/\/designgymnasiet.se\/sickla\/#website\",\"url\":\"https:\/\/designgymnasiet.se\/sickla\/\",\"name\":\"Sickla\",\"description\":\"Har du designdr\u00f6mmar?\",\"potentialAction\":[{\"@type\":\"SearchAction\",\"target\":{\"@type\":\"EntryPoint\",\"urlTemplate\":\"https:\/\/designgymnasiet.se\/sickla\/?s={search_term_string}\"},\"query-input\":\"required name=search_term_string\"}],\"inLanguage\":\"sv-SE\"}]}<\/script>\n<!-- \/ Yoast SEO plugin. -->","yoast_head_json":{"title":"V\u00e5ra kvalitetsresultat - Designgymnasiet Sickla","description":"H\u00e4r kan du ta del av skolans kvalitetsresultat. Ladda ner skolans betygsresultat eller n\u00e5gon av v\u00e5ra kvalitetsrapporter.","robots":{"index":"index","follow":"follow","max-snippet":"max-snippet:-1","max-image-preview":"max-image-preview:large","max-video-preview":"max-video-preview:-1"},"canonical":"https:\/\/designgymnasiet.se\/sickla\/vart-kvalitetsarbete\/vara-kvalitetsresultat\/","og_locale":"sv_SE","og_type":"article","og_title":"V\u00e5ra kvalitetsresultat - Designgymnasiet Sickla","og_description":"H\u00e4r kan du ta del av skolans kvalitetsresultat. Ladda ner skolans betygsresultat eller n\u00e5gon av v\u00e5ra kvalitetsrapporter.","og_url":"https:\/\/designgymnasiet.se\/sickla\/vart-kvalitetsarbete\/vara-kvalitetsresultat\/","og_site_name":"Sickla","article_modified_time":"2023-09-27T14:42:18+00:00","twitter_card":"summary_large_image","twitter_title":"V\u00e5ra kvalitetsresultat - Designgymnasiet Sickla","twitter_description":"H\u00e4r kan du ta del av skolans kvalitetsresultat. Ladda ner skolans betygsresultat eller n\u00e5gon av v\u00e5ra kvalitetsrapporter.","schema":{"@context":"https:\/\/schema.org","@graph":[{"@type":"WebPage","@id":"https:\/\/designgymnasiet.se\/sickla\/vart-kvalitetsarbete\/vara-kvalitetsresultat\/","url":"https:\/\/designgymnasiet.se\/sickla\/vart-kvalitetsarbete\/vara-kvalitetsresultat\/","name":"V\u00e5ra kvalitetsresultat - Designgymnasiet Sickla","isPartOf":{"@id":"https:\/\/designgymnasiet.se\/sickla\/#website"},"datePublished":"2023-08-15T09:01:59+00:00","dateModified":"2023-09-27T14:42:18+00:00","description":"H\u00e4r kan du ta del av skolans kvalitetsresultat. Ladda ner skolans betygsresultat eller n\u00e5gon av v\u00e5ra kvalitetsrapporter.","breadcrumb":{"@id":"https:\/\/designgymnasiet.se\/sickla\/vart-kvalitetsarbete\/vara-kvalitetsresultat\/#breadcrumb"},"inLanguage":"sv-SE","potentialAction":[{"@type":"ReadAction","target":["https:\/\/designgymnasiet.se\/sickla\/vart-kvalitetsarbete\/vara-kvalitetsresultat\/"]}]},{"@type":"BreadcrumbList","@id":"https:\/\/designgymnasiet.se\/sickla\/vart-kvalitetsarbete\/vara-kvalitetsresultat\/#breadcrumb","itemListElement":[{"@type":"ListItem","position":1,"name":"Start","item":"https:\/\/designgymnasiet.se\/sickla\/"},{"@type":"ListItem","position":2,"name":"V\u00e5rt kvalitetsarbete","item":"https:\/\/designgymnasiet.se\/sickla\/vart-kvalitetsarbete\/"},{"@type":"ListItem","position":3,"name":"V\u00e5ra kvalitetsresultat"}]},{"@type":"WebSite","@id":"https:\/\/designgymnasiet.se\/sickla\/#website","url":"https:\/\/designgymnasiet.se\/sickla\/","name":"Sickla","description":"Har du designdr\u00f6mmar?","potentialAction":[{"@type":"SearchAction","target":{"@type":"EntryPoint","urlTemplate":"https:\/\/designgymnasiet.se\/sickla\/?s={search_term_string}"},"query-input":"required name=search_term_string"}],"inLanguage":"sv-SE"}]}},"_links":{"self":[{"href":"https:\/\/designgymnasiet.se\/sickla\/wp-json\/wp\/v2\/pages\/874"}],"collection":[{"href":"https:\/\/designgymnasiet.se\/sickla\/wp-json\/wp\/v2\/pages"}],"about":[{"href":"https:\/\/designgymnasiet.se\/sickla\/wp-json\/wp\/v2\/types\/page"}],"author":[{"embeddable":true,"href":"https:\/\/designgymnasiet.se\/sickla\/wp-json\/wp\/v2\/users\/1"}],"replies":[{"embeddable":true,"href":"https:\/\/designgymnasiet.se\/sickla\/wp-json\/wp\/v2\/comments?post=874"}],"version-history":[{"count":9,"href":"https:\/\/designgymnasiet.se\/sickla\/wp-json\/wp\/v2\/pages\/874\/revisions"}],"predecessor-version":[{"id":1272,"href":"https:\/\/designgymnasiet.se\/sickla\/wp-json\/wp\/v2\/pages\/874\/revisions\/1272"}],"up":[{"embeddable":true,"href":"https:\/\/designgymnasiet.se\/sickla\/wp-json\/wp\/v2\/pages\/869"}],"wp:attachment":[{"href":"https:\/\/designgymnasiet.se\/sickla\/wp-json\/wp\/v2\/media?parent=874"}],"curies":[{"name":"wp","href":"https:\/\/api.w.org\/{rel}","templated":true}]}}