{"id":25,"date":"2022-07-25T23:07:54","date_gmt":"2022-07-25T21:07:54","guid":{"rendered":"https:\/\/designgymnasiet.se\/sickla\/?page_id=25"},"modified":"2026-04-08T11:15:43","modified_gmt":"2026-04-08T09:15:43","slug":"lasarstider","status":"publish","type":"page","link":"https:\/\/designgymnasiet.se\/sickla\/var-gymnasieskola\/lasarstider\/","title":{"rendered":"L\u00e4s\u00e5rstider"},"content":{"rendered":"\n\n<section  class=\"ams-accordion c-block l-stacked\">\n\t<div class=\"l-container l-stack l-stack-fluid-2xl u-pt-fluid-3xl-6xl u-pb-fluid-3xl-6xl is-center is-center@md\">\n\t\t\t\t\t<div class=\"ams-accordion__intro l-stack l-stack-lg\">\n\t\t\t\t\t\n\t<h1\n\tclass=\"c-heading u-font-title-1 \"\n\tstyle=\"\">\n\t\t\n\t\t\t\t\tL\u00e4s\u00e5rstider\n\t\t\t\t\n\t<\/h1>\n\n\t\t\t\t\t\t\t<\/div>\n\t\t\n\t\t\t<div\n\t\tclass=\"module_wrapper ams-accordion_module\"\n\t>\n\t\t\t\t<ul\n\t\t\tclass=\"ams-accordion-list c-accordion\"\n\t\t\taria-label=\"Dragspel\"\n\t\t\tdata-variant=\"border-between\"\n\t\t>\n\n\t\t\t\t\t\t\t<li class=\"c-accordion__item\">\n\t\t\t\t\t<h2 class=\"c-accordion__header u-font-title-4\">\n\t\t\t\t\t\t\t\t\t\t\t\t<button class=\"c-accordion__trigger u-py-sm u-px-fluid-md-xl\">\n\t\t\t\t\t\t\t<span>V\u00e5rterminen 2026<\/span>\n\t\t\t\t\t\t\t<svg class=\"ams-icon ams-icon__arrow-down\" width=\"24\" height=\"24\" viewbox=\"0 0 24 24\" fill=\"currentColor\" aria-hidden=\"true\" xmlns=\"http:\/\/www.w3.org\/2000\/svg\">\n\t\t\t\t\t\t\t\t\t\t\t\t\t\t\t<path d=\"m11.2033 18.4294-10.872894-10.67584c-.440539-.42594-.440539-1.1147 0-1.54065l.665495-.64345c.440539-.42595 1.152899-.42595 1.593439 0l9.41066 9.27114 9.4107-9.26207c.4405-.42595 1.1529-.42595 1.5934 0l.6655.64345c.4405.42594.4405 1.1147 0 1.54065l-10.8729 10.67587c-.4405.4168-1.1529.4168-1.5934-.0091z\"\/>\n\t\t\t\t\t\t\n\t\t\t\t\t\t\t<\/svg>\n\t\t\t\t\t\t<\/button>\n\t\t\t\t\t<\/h2>\n\t\t\t\t\t<div class=\"c-accordion__body u-font-body\">\n\t\t\t\t\t\t<div class=\"c-accordion__body__inner u-p-fluid-md-xl l-stack\">\n\t\t\t\t\t\t\t<p><strong>P\u00e5sklov:<\/strong> 7 &#8211; 10 april<\/p>\n<p><strong>Skolavslutning:<\/strong> 5 juni<\/p>\n<p><strong>Student: <\/strong>8\u00a0juni<\/p>\n\n\t\t\t\t\t\t<\/div>\n\t\t\t\t\t<\/div>\n\t\t\t\t<\/li>\n\t\t\t\t\t\t\t<li class=\"c-accordion__item\">\n\t\t\t\t\t<h2 class=\"c-accordion__header u-font-title-4\">\n\t\t\t\t\t\t\t\t\t\t\t\t<button class=\"c-accordion__trigger u-py-sm u-px-fluid-md-xl\">\n\t\t\t\t\t\t\t<span>H\u00f6stterminen 2026<\/span>\n\t\t\t\t\t\t\t<svg class=\"ams-icon ams-icon__arrow-down\" width=\"24\" height=\"24\" viewbox=\"0 0 24 24\" fill=\"currentColor\" aria-hidden=\"true\" xmlns=\"http:\/\/www.w3.org\/2000\/svg\">\n\t\t\t\t\t\t\t\t\t\t\t\t\t\t\t<path d=\"m11.2033 18.4294-10.872894-10.67584c-.440539-.42594-.440539-1.1147 0-1.54065l.665495-.64345c.440539-.42595 1.152899-.42595 1.593439 0l9.41066 9.27114 9.4107-9.26207c.4405-.42595 1.1529-.42595 1.5934 0l.6655.64345c.4405.42594.4405 1.1147 0 1.54065l-10.8729 10.67587c-.4405.4168-1.1529.4168-1.5934-.0091z\"\/>\n\t\t\t\t\t\t\n\t\t\t\t\t\t\t<\/svg>\n\t\t\t\t\t\t<\/button>\n\t\t\t\t\t<\/h2>\n\t\t\t\t\t<div class=\"c-accordion__body u-font-body\">\n\t\t\t\t\t\t<div class=\"c-accordion__body__inner u-p-fluid-md-xl l-stack\">\n\t\t\t\t\t\t\t<p><strong>Terminstart \u00e5rskurs 1:<\/strong> 17 augusti<\/p>\n<p><strong>Terminstart \u00e5rskurs 2 &amp; 3:<\/strong> 19 augusti<\/p>\n<p><strong>H\u00f6stlov:<\/strong> v.44 (26-30 oktober)<\/p>\n<p><strong>Jullov: <\/strong>21 dec &#8211; 5 jan<\/p>\n\n\t\t\t\t\t\t<\/div>\n\t\t\t\t\t<\/div>\n\t\t\t\t<\/li>\n\t\t\t\t\t\t\t<li class=\"c-accordion__item\">\n\t\t\t\t\t<h2 class=\"c-accordion__header u-font-title-4\">\n\t\t\t\t\t\t\t\t\t\t\t\t<button class=\"c-accordion__trigger u-py-sm u-px-fluid-md-xl\">\n\t\t\t\t\t\t\t<span>V\u00e5rterminen 2027<\/span>\n\t\t\t\t\t\t\t<svg class=\"ams-icon ams-icon__arrow-down\" width=\"24\" height=\"24\" viewbox=\"0 0 24 24\" fill=\"currentColor\" aria-hidden=\"true\" xmlns=\"http:\/\/www.w3.org\/2000\/svg\">\n\t\t\t\t\t\t\t\t\t\t\t\t\t\t\t<path d=\"m11.2033 18.4294-10.872894-10.67584c-.440539-.42594-.440539-1.1147 0-1.54065l.665495-.64345c.440539-.42595 1.152899-.42595 1.593439 0l9.41066 9.27114 9.4107-9.26207c.4405-.42595 1.1529-.42595 1.5934 0l.6655.64345c.4405.42594.4405 1.1147 0 1.54065l-10.8729 10.67587c-.4405.4168-1.1529.4168-1.5934-.0091z\"\/>\n\t\t\t\t\t\t\n\t\t\t\t\t\t\t<\/svg>\n\t\t\t\t\t\t<\/button>\n\t\t\t\t\t<\/h2>\n\t\t\t\t\t<div class=\"c-accordion__body u-font-body\">\n\t\t\t\t\t\t<div class=\"c-accordion__body__inner u-p-fluid-md-xl l-stack\">\n\t\t\t\t\t\t\t<p><strong>Terminstart:<\/strong> 11 januari<\/p>\n<p><strong>Sportlov:<\/strong> 1-5 mars<\/p>\n<p><strong>P\u00e5sklov: <\/strong>30 mars &#8211; 2 april<\/p>\n<p><strong>Skolavslutning:<\/strong> 8 juni<\/p>\n<p><strong>Student:<\/strong> 9 juni<\/p>\n\n\t\t\t\t\t\t<\/div>\n\t\t\t\t\t<\/div>\n\t\t\t\t<\/li>\n\t\t\t\t\t<\/ul>\n\t\t\t<\/div>\n\n\t\t\t<\/div>\n\n\t\t\n\n<\/section>\n\n\n\n\n<section  class=\"ams-cta ams-cta--stacked c-block l-stacked\" data-color-scheme=\"gray\">\n\t<div class=\"l-container-narrow l-stack l-stack-fluid-2xl u-pt-fluid-3xl-6xl u-pb-fluid-3xl-6xl is-center is-center@md\">\n\t\t\t\t\t<div class=\"ams-cta__intro l-stack l-stack-lg\">\n\t\t\t\t\t\n\t<h2\n\tclass=\"c-heading u-font-title-1 \"\n\tstyle=\"\">\n\t\t\n\t\t\t\t\tHar du fr\u00e5gor?\n\t\t\t\t\n\t<\/h2>\n\n\t\t\t\t\t\t\t\t\t<div class=\"c-text l-stack u-cs-xl u-font-body\">\n\t\t\t\t\t\t<p><span data-sheets-value=\"{&quot;1&quot;:2,&quot;2&quot;:&quot;Har du fr\u00e5gor om l\u00e4s\u00e5rstiderna eller annat \u00e4r du varmt v\u00e4lkommen att kontakta oss.&quot;}\" data-sheets-userformat=\"{&quot;2&quot;:5025,&quot;3&quot;:{&quot;1&quot;:0},&quot;8&quot;:{&quot;1&quot;:[{&quot;1&quot;:2,&quot;2&quot;:0,&quot;5&quot;:{&quot;1&quot;:2,&quot;2&quot;:0}},{&quot;1&quot;:0,&quot;2&quot;:0,&quot;3&quot;:3},{&quot;1&quot;:1,&quot;2&quot;:0,&quot;4&quot;:1}]},&quot;10&quot;:0,&quot;11&quot;:4,&quot;12&quot;:0,&quot;15&quot;:&quot;Helvetica Neue&quot;}\">Har du fr\u00e5gor om l\u00e4s\u00e5rstiderna eller annat \u00e4r du varmt v\u00e4lkommen att kontakta oss.<\/span><\/p>\n\n\t\t\t\t\t<\/div>\n\t\t\t\t\t\t\t<\/div>\n\t\t\n\t\t\n\t\t\t<div class=\"ams-cta__action u-inline-items\">\n\t\t\t\t\t\t\t\n\n\n<a href=\"https:\/\/designgymnasiet.se\/sickla\/kontakt\/\"\n\t\n\tclass=\"c-btn \"\n\tdata-style=\"square\"\n\tdata-size=\"md\"\n\tdata-width=\"full-mobile\"\n\tdata-variant=\"default\"\n\ttarget=\"_self\">\n\t\t\t<span class=\"label\"> Kontakta oss<\/span>\n\t\t\t<\/a>\n\t\t\t<\/div>\n\t<\/div>\n\n\t\t\n\t\t\t\n\t\t\t\t\t\t\t\n\t\t\t\t<div class=\"c-bg c-bg--img\" data-settings=\"{&quot;desktop_settings&quot;:{&quot;size&quot;:&quot;contain&quot;,&quot;position&quot;:&quot;top-left&quot;},&quot;mobile_settings&quot;:{&quot;size&quot;:&quot;contain&quot;,&quot;position&quot;:&quot;top-left&quot;}}\" data-position=\"middle-center\" data-size=\"cover\">\n\t\t\t<picture><source media=\"(min-width: 48em)\" srcset=\"https:\/\/designgymnasiet.se\/wp-content\/uploads\/sites\/11\/2023\/10\/dgwebbscribblestjarnortreplaceringvanstra-ovre-hornetdesktop.svg\" sizes=\"\" \/><source srcset=\"https:\/\/designgymnasiet.se\/wp-content\/uploads\/sites\/11\/2023\/10\/dgwebbscribblestjarnortreplaceringvanstra-ovre-hornetmobil.svg\" sizes=\"\" \/><img decoding=\"async\" src=\"https:\/\/designgymnasiet.se\/wp-content\/uploads\/sites\/11\/2023\/10\/dgwebbscribblestjarnortreplaceringvanstra-ovre-hornetdesktop.svg\" class=\"attachment-hero-lg size-hero-lg\" alt=\"\" sizes=\"\" height=\"237\" width=\"1920\" \/><\/picture>\n\t\t<\/div>\n\t\n<\/section>\n","protected":false},"excerpt":{"rendered":"","protected":false},"author":1,"featured_media":0,"parent":19,"menu_order":0,"comment_status":"closed","ping_status":"closed","template":"","meta":{"footnotes":""},"yoast_head":"<!-- This site is optimized with the Yoast SEO plugin v22.0 - https:\/\/yoast.com\/wordpress\/plugins\/seo\/ -->\n<title>L\u00e4s\u00e5rstider - Designgymnasiet Sickla<\/title>\n<meta name=\"description\" content=\"H\u00e4r kan du se v\u00e5ra terminstider inklusive lov och terminsstarter.\" \/>\n<meta name=\"robots\" content=\"index, follow, max-snippet:-1, max-image-preview:large, max-video-preview:-1\" \/>\n<link rel=\"canonical\" href=\"https:\/\/designgymnasiet.se\/sickla\/var-gymnasieskola\/lasarstider\/\" \/>\n<meta property=\"og:locale\" content=\"sv_SE\" \/>\n<meta property=\"og:type\" content=\"article\" \/>\n<meta property=\"og:title\" content=\"L\u00e4s\u00e5rstider - Designgymnasiet Sickla\" \/>\n<meta property=\"og:description\" content=\"H\u00e4r kan du se v\u00e5ra terminstider inklusive lov och terminsstarter.\" \/>\n<meta property=\"og:url\" content=\"https:\/\/designgymnasiet.se\/sickla\/var-gymnasieskola\/lasarstider\/\" \/>\n<meta property=\"og:site_name\" content=\"Sickla\" \/>\n<meta property=\"article:modified_time\" content=\"2026-04-08T09:15:43+00:00\" \/>\n<meta name=\"twitter:card\" content=\"summary_large_image\" \/>\n<meta name=\"twitter:title\" content=\"L\u00e4s\u00e5rstider - Designgymnasiet Sickla\" \/>\n<meta name=\"twitter:description\" content=\"H\u00e4r kan du se v\u00e5ra terminstider inklusive lov och terminsstarter.\" \/>\n<meta name=\"twitter:label1\" content=\"Ber\u00e4knad l\u00e4stid\" \/>\n\t<meta name=\"twitter:data1\" content=\"1 minut\" \/>\n<script type=\"application\/ld+json\" class=\"yoast-schema-graph\">{\"@context\":\"https:\/\/schema.org\",\"@graph\":[{\"@type\":\"WebPage\",\"@id\":\"https:\/\/designgymnasiet.se\/sickla\/var-gymnasieskola\/lasarstider\/\",\"url\":\"https:\/\/designgymnasiet.se\/sickla\/var-gymnasieskola\/lasarstider\/\",\"name\":\"L\u00e4s\u00e5rstider - Designgymnasiet Sickla\",\"isPartOf\":{\"@id\":\"https:\/\/designgymnasiet.se\/sickla\/#website\"},\"datePublished\":\"2022-07-25T21:07:54+00:00\",\"dateModified\":\"2026-04-08T09:15:43+00:00\",\"description\":\"H\u00e4r kan du se v\u00e5ra terminstider inklusive lov och terminsstarter.\",\"breadcrumb\":{\"@id\":\"https:\/\/designgymnasiet.se\/sickla\/var-gymnasieskola\/lasarstider\/#breadcrumb\"},\"inLanguage\":\"sv-SE\",\"potentialAction\":[{\"@type\":\"ReadAction\",\"target\":[\"https:\/\/designgymnasiet.se\/sickla\/var-gymnasieskola\/lasarstider\/\"]}]},{\"@type\":\"BreadcrumbList\",\"@id\":\"https:\/\/designgymnasiet.se\/sickla\/var-gymnasieskola\/lasarstider\/#breadcrumb\",\"itemListElement\":[{\"@type\":\"ListItem\",\"position\":1,\"name\":\"Start\",\"item\":\"https:\/\/designgymnasiet.se\/sickla\/\"},{\"@type\":\"ListItem\",\"position\":2,\"name\":\"V\u00e5r gymnasieskola\",\"item\":\"https:\/\/designgymnasiet.se\/sickla\/var-gymnasieskola\/\"},{\"@type\":\"ListItem\",\"position\":3,\"name\":\"L\u00e4s\u00e5rstider\"}]},{\"@type\":\"WebSite\",\"@id\":\"https:\/\/designgymnasiet.se\/sickla\/#website\",\"url\":\"https:\/\/designgymnasiet.se\/sickla\/\",\"name\":\"Sickla\",\"description\":\"Har du designdr\u00f6mmar?\",\"potentialAction\":[{\"@type\":\"SearchAction\",\"target\":{\"@type\":\"EntryPoint\",\"urlTemplate\":\"https:\/\/designgymnasiet.se\/sickla\/?s={search_term_string}\"},\"query-input\":\"required name=search_term_string\"}],\"inLanguage\":\"sv-SE\"}]}<\/script>\n<!-- \/ Yoast SEO plugin. -->","yoast_head_json":{"title":"L\u00e4s\u00e5rstider - Designgymnasiet Sickla","description":"H\u00e4r kan du se v\u00e5ra terminstider inklusive lov och terminsstarter.","robots":{"index":"index","follow":"follow","max-snippet":"max-snippet:-1","max-image-preview":"max-image-preview:large","max-video-preview":"max-video-preview:-1"},"canonical":"https:\/\/designgymnasiet.se\/sickla\/var-gymnasieskola\/lasarstider\/","og_locale":"sv_SE","og_type":"article","og_title":"L\u00e4s\u00e5rstider - Designgymnasiet Sickla","og_description":"H\u00e4r kan du se v\u00e5ra terminstider inklusive lov och terminsstarter.","og_url":"https:\/\/designgymnasiet.se\/sickla\/var-gymnasieskola\/lasarstider\/","og_site_name":"Sickla","article_modified_time":"2026-04-08T09:15:43+00:00","twitter_card":"summary_large_image","twitter_title":"L\u00e4s\u00e5rstider - Designgymnasiet Sickla","twitter_description":"H\u00e4r kan du se v\u00e5ra terminstider inklusive lov och terminsstarter.","twitter_misc":{"Ber\u00e4knad l\u00e4stid":"1 minut"},"schema":{"@context":"https:\/\/schema.org","@graph":[{"@type":"WebPage","@id":"https:\/\/designgymnasiet.se\/sickla\/var-gymnasieskola\/lasarstider\/","url":"https:\/\/designgymnasiet.se\/sickla\/var-gymnasieskola\/lasarstider\/","name":"L\u00e4s\u00e5rstider - Designgymnasiet Sickla","isPartOf":{"@id":"https:\/\/designgymnasiet.se\/sickla\/#website"},"datePublished":"2022-07-25T21:07:54+00:00","dateModified":"2026-04-08T09:15:43+00:00","description":"H\u00e4r kan du se v\u00e5ra terminstider inklusive lov och terminsstarter.","breadcrumb":{"@id":"https:\/\/designgymnasiet.se\/sickla\/var-gymnasieskola\/lasarstider\/#breadcrumb"},"inLanguage":"sv-SE","potentialAction":[{"@type":"ReadAction","target":["https:\/\/designgymnasiet.se\/sickla\/var-gymnasieskola\/lasarstider\/"]}]},{"@type":"BreadcrumbList","@id":"https:\/\/designgymnasiet.se\/sickla\/var-gymnasieskola\/lasarstider\/#breadcrumb","itemListElement":[{"@type":"ListItem","position":1,"name":"Start","item":"https:\/\/designgymnasiet.se\/sickla\/"},{"@type":"ListItem","position":2,"name":"V\u00e5r gymnasieskola","item":"https:\/\/designgymnasiet.se\/sickla\/var-gymnasieskola\/"},{"@type":"ListItem","position":3,"name":"L\u00e4s\u00e5rstider"}]},{"@type":"WebSite","@id":"https:\/\/designgymnasiet.se\/sickla\/#website","url":"https:\/\/designgymnasiet.se\/sickla\/","name":"Sickla","description":"Har du designdr\u00f6mmar?","potentialAction":[{"@type":"SearchAction","target":{"@type":"EntryPoint","urlTemplate":"https:\/\/designgymnasiet.se\/sickla\/?s={search_term_string}"},"query-input":"required name=search_term_string"}],"inLanguage":"sv-SE"}]}},"_links":{"self":[{"href":"https:\/\/designgymnasiet.se\/sickla\/wp-json\/wp\/v2\/pages\/25"}],"collection":[{"href":"https:\/\/designgymnasiet.se\/sickla\/wp-json\/wp\/v2\/pages"}],"about":[{"href":"https:\/\/designgymnasiet.se\/sickla\/wp-json\/wp\/v2\/types\/page"}],"author":[{"embeddable":true,"href":"https:\/\/designgymnasiet.se\/sickla\/wp-json\/wp\/v2\/users\/1"}],"replies":[{"embeddable":true,"href":"https:\/\/designgymnasiet.se\/sickla\/wp-json\/wp\/v2\/comments?post=25"}],"version-history":[{"count":10,"href":"https:\/\/designgymnasiet.se\/sickla\/wp-json\/wp\/v2\/pages\/25\/revisions"}],"predecessor-version":[{"id":2226,"href":"https:\/\/designgymnasiet.se\/sickla\/wp-json\/wp\/v2\/pages\/25\/revisions\/2226"}],"up":[{"embeddable":true,"href":"https:\/\/designgymnasiet.se\/sickla\/wp-json\/wp\/v2\/pages\/19"}],"wp:attachment":[{"href":"https:\/\/designgymnasiet.se\/sickla\/wp-json\/wp\/v2\/media?parent=25"}],"curies":[{"name":"wp","href":"https:\/\/api.w.org\/{rel}","templated":true}]}}