{"id":884,"date":"2023-08-15T11:07:11","date_gmt":"2023-08-15T09:07:11","guid":{"rendered":"https:\/\/designgymnasiet.se\/malmo\/?page_id=884"},"modified":"2023-10-12T14:50:13","modified_gmt":"2023-10-12T12:50:13","slug":"design-trips","status":"publish","type":"page","link":"https:\/\/designgymnasiet.se\/malmo\/var-gymnasieskola\/design-trips\/","title":{"rendered":"Design Trips"},"content":{"rendered":"\n\t<div class=\"module_wrapper ams_remote_pages_module \">\n\t\t\n\t\n\t\n\t\n\t\n\t\n\t\n<section \n\tclass=\"ams-hero ams-hero--classic ams-hero--75 has-content-bg c-block l-stacked  \"\n\tdata-color-scheme=\"white\"\n\tstyle=\"\">\n\t<div class=\"ams-hero__container u-items-end u-justify-end\">\n\t\t<div\n\t\t\tclass=\"ams-hero__content l-stack l-stack-xl is-left is-left@md\" style=--hero-content-bg:#ffffff;>\n\t\t\t<div class=\"l-stack l-stack-lg\">\n\t\t\t\t\t\n\t<h1\n\tclass=\"c-heading u-font-display \"\n\tstyle=\"\">\n\t\t\n\t\t\t\t\tDesign Trips \n\t\t\t\t\n\t<\/h1>\n\n\t\t\t\t\t\t\t<\/div>\n\n\t\t\t\t\t<\/div>\n\t<\/div>\n\n\t\n\t\t\t\n\t\t\t\t\t\t\t\n\t\t\t\t<div class=\"c-bg c-bg--img\" data-settings=\"{&quot;desktop_settings&quot;:{&quot;size&quot;:&quot;cover&quot;,&quot;position&quot;:&quot;middle-center&quot;},&quot;mobile_settings&quot;:{&quot;size&quot;:&quot;cover&quot;,&quot;position&quot;:&quot;middle-center&quot;}}\" data-position=\"middle-center\" data-size=\"cover\">\n\t\t\t<picture><source media=\"(min-width: 48em)\" srcset=\"https:\/\/designgymnasiet.se\/wp-content\/uploads\/2023\/09\/design-trips-202304-e1697440020550.jpg 1920w, https:\/\/designgymnasiet.se\/wp-content\/uploads\/2023\/09\/design-trips-202304-e1697440020550-300x143.jpg 300w, https:\/\/designgymnasiet.se\/wp-content\/uploads\/2023\/09\/design-trips-202304-e1697440020550-400x191.jpg 400w, https:\/\/designgymnasiet.se\/wp-content\/uploads\/2023\/09\/design-trips-202304-e1697440020550-600x286.jpg 600w, https:\/\/designgymnasiet.se\/wp-content\/uploads\/2023\/09\/design-trips-202304-e1697440020550-800x382.jpg 800w, https:\/\/designgymnasiet.se\/wp-content\/uploads\/2023\/09\/design-trips-202304-e1697440020550-1024x489.jpg 1024w, https:\/\/designgymnasiet.se\/wp-content\/uploads\/2023\/09\/design-trips-202304-e1697440020550-1200x573.jpg 1200w\" sizes=\"(max-width: 1920px) 100vw, 1920px\" \/><source srcset=\"https:\/\/designgymnasiet.se\/wp-content\/uploads\/2023\/09\/design-trips-med-erasmus-202304-768x576.jpg\" sizes=\"(max-width: 768px) 100vw, 768px\" \/><img decoding=\"async\" width=\"1920\" height=\"916\" src=\"https:\/\/designgymnasiet.se\/wp-content\/uploads\/2023\/09\/design-trips-202304-e1697440020550.jpg\" class=\"attachment-hero-lg size-hero-lg\" alt=\"Elever sitter runt bord och pratar, svartvitt.\" sizes=\"(max-width: 1920px) 100vw, 1920px\" srcset=\"https:\/\/designgymnasiet.se\/wp-content\/uploads\/2023\/09\/design-trips-202304-e1697440020550.jpg 1920w, https:\/\/designgymnasiet.se\/wp-content\/uploads\/2023\/09\/design-trips-202304-e1697440020550-300x143.jpg 300w, https:\/\/designgymnasiet.se\/wp-content\/uploads\/2023\/09\/design-trips-202304-e1697440020550-400x191.jpg 400w, https:\/\/designgymnasiet.se\/wp-content\/uploads\/2023\/09\/design-trips-202304-e1697440020550-600x286.jpg 600w, https:\/\/designgymnasiet.se\/wp-content\/uploads\/2023\/09\/design-trips-202304-e1697440020550-800x382.jpg 800w, https:\/\/designgymnasiet.se\/wp-content\/uploads\/2023\/09\/design-trips-202304-e1697440020550-1024x489.jpg 1024w, https:\/\/designgymnasiet.se\/wp-content\/uploads\/2023\/09\/design-trips-202304-e1697440020550-1200x573.jpg 1200w\" \/><\/picture>\n\t\t<\/div>\n\t\n<\/section>\n\t\t\t\t\t<div class=\"container core-spacer\">\n\t\t\t\t\t\t<div class=\"row\">\n\t\t\t\t\t\t\t<div class=\"col-12\">\n\t\t\t\t\t\t\t\t\n<div style=\"height:120px\" aria-hidden=\"true\" class=\"wp-block-spacer\"><\/div>\n\t\t\t\t\t\t\t<\/div>\n\t\t\t\t\t\t<\/div>\n\t\t\t\t\t<\/div>\n\t\t\t\t\t\n\t\n\t\n\t\n\n\t\n\t\n\t\t\n<section  class=\"c-block l-stacked  \" data-color-scheme=\"white\">\n\t<div class=\"ams-fifty ams-fifty--container ams-fifty--left ams-fifty--top l-container u-pt-fluid-3xl-6xl u-pb-fluid-3xl-6xl\">\n\t\t<div class=\"ams-fifty__content l-stack l-stack-xl is-left is-left@lg\">\n\t\t\t<div class=\"ams-fifty__text l-stack l-stack-lg\">\n\t\t\t\t\t\n\t<h2\n\tclass=\"c-heading u-font-title-1 \"\n\tstyle=\"\">\n\t\t\n\t\t\t\t\tDesigngymnasiet i samarbete med <span class=\"highlight\">Erasmus<\/span>+\n\t\t\t\t\n\t<\/h2>\n\n\t\t\t\t\t\t\t\t\t<div class=\"text l-stack u-font-body\">\n\t\t\t\t\t\t<p><span data-sheets-value=\"{&quot;1&quot;:2,&quot;2&quot;:&quot;Erasmus driver ett europeiskt samarbete och har tillsammans med Designgymnasiet projekt f\u00f6r internationalisering. Projekten inneb\u00e4r utlandsresor f\u00f6r elever och personal d\u00e4r praktik och utbildning st\u00e5r i fokus. Klasser har bland annat \u00e5kt till Cordoba Spanien f\u00f6r praktik.\\n\\nSamarbetet med Erasmus ger m\u00e5nga m\u00f6jligheter till utbyten med designskolor runt om i v\u00e4rlden. Resorna g\u00f6rs f\u00f6r att vi ska l\u00e4ra oss och f\u00f6r att vi fortsatt ska kunna erbjuda designutbildningar i framkant.&quot;}\" data-sheets-userformat=\"{&quot;2&quot;:5089,&quot;3&quot;:{&quot;1&quot;:0},&quot;8&quot;:{&quot;1&quot;:[{&quot;1&quot;:2,&quot;2&quot;:0,&quot;5&quot;:{&quot;1&quot;:2,&quot;2&quot;:0}},{&quot;1&quot;:0,&quot;2&quot;:0,&quot;3&quot;:3},{&quot;1&quot;:1,&quot;2&quot;:0,&quot;4&quot;:1}]},&quot;9&quot;:0,&quot;10&quot;:0,&quot;11&quot;:4,&quot;12&quot;:0,&quot;15&quot;:&quot;Helvetica Neue&quot;}\">Erasmus+ \u00e4r ett EU-finansierat projekt f\u00f6r internationalisering. Projekten inneb\u00e4r att gymnasielever och skolpersonal f\u00e5r m\u00f6jligheten till utlandsresor d\u00e4r praktik och utbildning st\u00e5r i fokus. Klasser fr\u00e5n Designgymnasiet har bland annat \u00e5kt till Cordoba Spanien f\u00f6r praktik.<\/span><\/p>\n<p>Samarbetet med Erasmus+ ger m\u00e5nga m\u00f6jligheter till utbyten med designskolor runt om i v\u00e4rlden. Resorna g\u00f6rs f\u00f6r att vi ska l\u00e4ra oss om v\u00e5r omv\u00e4rld och f\u00f6r att vi fortsatt ska kunna erbjuda designutbildningar i framkant.<\/p>\n\n\t\t\t\t\t<\/div>\n\t\t\t\t\t\t\t<\/div>\n\n\t\t\t\t\t<\/div>\n\n\t\t <div class=\"ams-fifty__media u-ratio-widescreen\">\n\t\t \t\t\t\t\t<img decoding=\"async\" width=\"600\" height=\"600\" src=\"https:\/\/designgymnasiet.se\/wp-content\/uploads\/2023\/09\/erasmus1-600x600.jpg\" class=\"attachment-md size-md\" alt=\"Erasmus logga.\" sizes=\"(min-width: 64em) 600px, calc(100vw - 160px)\" srcset=\"https:\/\/designgymnasiet.se\/wp-content\/uploads\/2023\/09\/erasmus1-600x600.jpg 600w, https:\/\/designgymnasiet.se\/wp-content\/uploads\/2023\/09\/erasmus1-150x150.jpg 150w, https:\/\/designgymnasiet.se\/wp-content\/uploads\/2023\/09\/erasmus1-300x300.jpg 300w, https:\/\/designgymnasiet.se\/wp-content\/uploads\/2023\/09\/erasmus1-400x400.jpg 400w, https:\/\/designgymnasiet.se\/wp-content\/uploads\/2023\/09\/erasmus1-800x800.jpg 800w, https:\/\/designgymnasiet.se\/wp-content\/uploads\/2023\/09\/erasmus1-1024x1024.jpg 1024w, https:\/\/designgymnasiet.se\/wp-content\/uploads\/2023\/09\/erasmus1-1200x1200.jpg 1200w, https:\/\/designgymnasiet.se\/wp-content\/uploads\/2023\/09\/erasmus1.jpg 1440w\" \/>\n\t\t\t\n\t\t\t\n\t\t\t\t\t<\/div>\n\t<\/div>\n\n\t\t\n\n<\/section>\n\n\t\n\t\n\t\n\n\t\n\t\n\t\t\n<section  class=\"c-block l-stacked  \" data-color-scheme=\"white\">\n\t<div class=\"ams-fifty ams-fifty--container ams-fifty--right ams-fifty--top l-container u-pt-fluid-3xl-6xl u-pb-fluid-3xl-6xl\">\n\t\t<div class=\"ams-fifty__content l-stack l-stack-xl is-left is-left@lg\">\n\t\t\t<div class=\"ams-fifty__text l-stack l-stack-lg\">\n\t\t\t\t\t\n\t<h2\n\tclass=\"c-heading u-font-title-1 \"\n\tstyle=\"\">\n\t\t\n\t\t\t\t\tMinnen f\u00f6r livet\n\t\t\t\t\n\t<\/h2>\n\n\t\t\t\t\t\t\t\t\t<div class=\"text l-stack u-font-body\">\n\t\t\t\t\t\t<p><span data-sheets-value=\"{&quot;1&quot;:2,&quot;2&quot;:&quot;Att \u00e5ka utomlands p\u00e5 Erasmus uppdrag \u00e4r en utmaning och en m\u00f6jlighet. Det \u00e4r samtidigt ett \u00e4ventyr, och ett minne f\u00f6r livet. Eleverna utvecklas b\u00e5de \u00e4mnesm\u00e4ssigt och personligt under sina resor. De resor som g\u00f6rs i samarbete med Erasmus \u00e4r APL (praktik), klassutbyten med projekt samt jobbskuggning och utbildning f\u00f6r personal. Erasmusprogrammet \u00e4r ett inkluderande projekt d\u00e4r alla har m\u00f6jlighet att \u00e5ka om man klarar skolan, har den n\u00e4rvaro som beh\u00f6vs samt vill representera skolan.&quot;}\" data-sheets-userformat=\"{&quot;2&quot;:5025,&quot;3&quot;:{&quot;1&quot;:0},&quot;8&quot;:{&quot;1&quot;:[{&quot;1&quot;:2,&quot;2&quot;:0,&quot;5&quot;:{&quot;1&quot;:2,&quot;2&quot;:0}},{&quot;1&quot;:0,&quot;2&quot;:0,&quot;3&quot;:3},{&quot;1&quot;:1,&quot;2&quot;:0,&quot;4&quot;:1}]},&quot;10&quot;:0,&quot;11&quot;:4,&quot;12&quot;:0,&quot;15&quot;:&quot;Helvetica Neue&quot;}\">Att \u00e5ka utomlands p\u00e5 Erasmus+ uppdrag \u00e4r en utmaning och en m\u00f6jlighet. Det \u00e4r samtidigt ett \u00e4ventyr, och ett minne f\u00f6r livet. Eleverna utvecklas b\u00e5de \u00e4mnesm\u00e4ssigt och personligt under sina resor. De resor som g\u00f6rs i samarbete med Erasmus+ \u00e4r APL (praktik), klassutbyten med projekt samt jobbskuggning och utbildning f\u00f6r personal. Erasmusprogrammet \u00e4r ett inkluderande projekt d\u00e4r m\u00e5nga kan f\u00e5 m\u00f6jlighet att \u00e5ka om man klarar skolan, har den n\u00e4rvaro som beh\u00f6vs samt vill representera skolan.<\/span><\/p>\n\n\t\t\t\t\t<\/div>\n\t\t\t\t\t\t\t<\/div>\n\n\t\t\t\t\t<\/div>\n\n\t\t <div class=\"ams-fifty__media u-ratio-square\">\n\t\t \t\t\t\t\t<img decoding=\"async\" width=\"600\" height=\"400\" src=\"https:\/\/designgymnasiet.se\/wp-content\/uploads\/2023\/09\/design-trips-pa-designgymnasiet-utlandsresor-202304-600x400.jpg\" class=\"attachment-md size-md\" alt=\"Elever st\u00e5r och tittar p\u00e5 utst\u00e4llning om praktik utomlands.\" sizes=\"(min-width: 64em) 600px, calc(100vw - 160px)\" srcset=\"https:\/\/designgymnasiet.se\/wp-content\/uploads\/2023\/09\/design-trips-pa-designgymnasiet-utlandsresor-202304-600x400.jpg 600w, https:\/\/designgymnasiet.se\/wp-content\/uploads\/2023\/09\/design-trips-pa-designgymnasiet-utlandsresor-202304-300x200.jpg 300w, https:\/\/designgymnasiet.se\/wp-content\/uploads\/2023\/09\/design-trips-pa-designgymnasiet-utlandsresor-202304-400x267.jpg 400w, https:\/\/designgymnasiet.se\/wp-content\/uploads\/2023\/09\/design-trips-pa-designgymnasiet-utlandsresor-202304-800x534.jpg 800w, https:\/\/designgymnasiet.se\/wp-content\/uploads\/2023\/09\/design-trips-pa-designgymnasiet-utlandsresor-202304.jpg 1000w\" \/>\n\t\t\t\n\t\t\t\n\t\t\t\t\t<\/div>\n\t<\/div>\n\n\t\t\n\n<\/section>\n\t\t\t\t\t<div class=\"container core-paragraph\">\n\t\t\t\t\t\t<div class=\"row\">\n\t\t\t\t\t\t\t<div class=\"col-12\">\n\t\t\t\t\t\t\t\t\n<p><em>Finansieras av Europeiska unionen. De synpunkter och \u00e5sikter som uttrycks \u00e4r endast upphovsmannens och utg\u00f6r inte Europeiska unionens eller Europeiska genomf\u00f6randeorganet f\u00f6r utbildning och kulturs (EACEA) officiella st\u00e5ndpunkt. Varken Europeiska unionen eller EACEA tar n\u00e5got ansvar f\u00f6r dessa.<\/em><\/p>\n\t\t\t\t\t\t\t<\/div>\n\t\t\t\t\t\t<\/div>\n\t\t\t\t\t<\/div>\n\t\t\t\t\t\t<\/div>\n\n\t\n\n\n\t<div class=\"module_wrapper ams_remote_pages_module \">\n\t\t\n\n<section  class=\"ams-cta ams-cta--stacked c-block l-stacked\" data-color-scheme=\"gray\">\n\t<div class=\"l-container-narrow l-stack l-stack-fluid-2xl u-pt-fluid-3xl-6xl u-pb-fluid-3xl-6xl is-center is-center@md\">\n\t\t\t\t\t<div class=\"ams-cta__intro l-stack l-stack-lg\">\n\t\t\t\t\t\n\t<h2\n\tclass=\"c-heading u-font-title-1 \"\n\tstyle=\"\">\n\t\t\n\t\t\t\t\tBes\u00f6k oss\n\t\t\t\t\n\t<\/h2>\n\n\t\t\t\t\t\t\t\t\t<div class=\"c-text l-stack u-cs-xl u-font-body\">\n\t\t\t\t\t\t<p><span data-sheets-value=\"{&quot;1&quot;:2,&quot;2&quot;:&quot;Du upplever oss allra b\u00e4st p\u00e5 plats. Anm\u00e4l dig till \u00d6ppet hus eller boka in dig till Designelev f\u00f6r en dag f\u00f6r att l\u00e4ra k\u00e4nna oss b\u00e4ttre. Varmt v\u00e4lkommen!&quot;}\" data-sheets-userformat=\"{&quot;2&quot;:4995,&quot;3&quot;:{&quot;1&quot;:0},&quot;4&quot;:{&quot;1&quot;:2,&quot;2&quot;:15789035},&quot;10&quot;:0,&quot;11&quot;:4,&quot;12&quot;:0,&quot;15&quot;:&quot;Helvetica Neue&quot;}\">Du upplever oss allra b\u00e4st p\u00e5 plats. Anm\u00e4l dig till \u00d6ppet hus eller boka in dig till Designelev f\u00f6r en dag f\u00f6r att l\u00e4ra k\u00e4nna oss b\u00e4ttre. Varmt v\u00e4lkommen!<\/span><\/p>\n\n\t\t\t\t\t<\/div>\n\t\t\t\t\t\t\t<\/div>\n\t\t\n\t\t\n\t\t\t<div class=\"ams-cta__action u-inline-items\">\n\t\t\t\t\t\t\t\n\n\n<a href=\"https:\/\/designgymnasiet.se\/malmo\/oppet-hus\/\"\n\t\n\tclass=\"c-btn \"\n\tdata-style=\"square\"\n\tdata-size=\"md\"\n\tdata-width=\"full-mobile\"\n\tdata-variant=\"default\"\n\ttarget=\"_self\">\n\t\t\t<span class=\"label\"> Anm\u00e4l dig till \u00d6ppet hus<\/span>\n\t\t\t<\/a>\n\t\t\t\t\t\t\t\n\n\n<a href=\"https:\/\/designgymnasiet.se\/malmo\/designelev-for-en-dag\/\"\n\t\n\tclass=\"c-btn \"\n\tdata-style=\"square\"\n\tdata-size=\"md\"\n\tdata-width=\"full-mobile\"\n\tdata-variant=\"outline\"\n\ttarget=\"_self\">\n\t\t\t<span class=\"label\"> Boka in Designelev f\u00f6r en dag<\/span>\n\t\t\t<\/a>\n\t\t\t<\/div>\n\t<\/div>\n\n\t\t\n\t\t\t\n\t\t\t\t\t\t\t\n\t\t\t\t<div class=\"c-bg c-bg--img\" data-settings=\"{&quot;desktop_settings&quot;:{&quot;size&quot;:&quot;contain&quot;,&quot;position&quot;:&quot;top-left&quot;},&quot;mobile_settings&quot;:{&quot;size&quot;:&quot;contain&quot;,&quot;position&quot;:&quot;top-left&quot;}}\" data-position=\"middle-center\" data-size=\"cover\">\n\t\t\t<picture><source media=\"(min-width: 48em)\" srcset=\"https:\/\/designgymnasiet.se\/wp-content\/uploads\/sites\/10\/2023\/10\/dgwebbscribblestjarnortreplaceringvanstra-ovre-hornetdesktop.svg\" sizes=\"\" \/><source srcset=\"https:\/\/designgymnasiet.se\/wp-content\/uploads\/sites\/10\/2023\/10\/dgwebbscribblestjarnortreplaceringvanstra-ovre-hornetmobil.svg\" sizes=\"\" \/><img decoding=\"async\" src=\"https:\/\/designgymnasiet.se\/wp-content\/uploads\/sites\/10\/2023\/10\/dgwebbscribblestjarnortreplaceringvanstra-ovre-hornetdesktop.svg\" class=\"attachment-hero-lg size-hero-lg\" alt=\"\" sizes=\"\" height=\"237\" width=\"1920\" \/><\/picture>\n\t\t<\/div>\n\t\n<\/section>\n\t<\/div>\n\n\t","protected":false},"excerpt":{"rendered":"","protected":false},"author":1,"featured_media":0,"parent":19,"menu_order":0,"comment_status":"closed","ping_status":"closed","template":"","meta":{"footnotes":""},"yoast_head":"<!-- This site is optimized with the Yoast SEO plugin v22.0 - https:\/\/yoast.com\/wordpress\/plugins\/seo\/ -->\n<title>Design Trips - Designgymnasiet Malm\u00f6<\/title>\n<meta name=\"description\" content=\"L\u00e4s mer om Designgymnasiets samarbete med Erasmus som ger eleverna m\u00f6jlighet till utlandsresor f\u00f6r att jobba i olika internationella projekt.\" \/>\n<meta name=\"robots\" content=\"index, follow, max-snippet:-1, max-image-preview:large, max-video-preview:-1\" \/>\n<link rel=\"canonical\" href=\"https:\/\/designgymnasiet.se\/malmo\/var-gymnasieskola\/design-trips\/\" \/>\n<meta property=\"og:locale\" content=\"sv_SE\" \/>\n<meta property=\"og:type\" content=\"article\" \/>\n<meta property=\"og:title\" content=\"Design Trips - Designgymnasiet Malm\u00f6\" \/>\n<meta property=\"og:description\" content=\"L\u00e4s mer om Designgymnasiets samarbete med Erasmus som ger eleverna m\u00f6jlighet till utlandsresor f\u00f6r att jobba i olika internationella projekt.\" \/>\n<meta property=\"og:url\" content=\"https:\/\/designgymnasiet.se\/malmo\/var-gymnasieskola\/design-trips\/\" \/>\n<meta property=\"og:site_name\" content=\"Malm\u00f6\" \/>\n<meta property=\"article:modified_time\" content=\"2023-10-12T12:50:13+00:00\" \/>\n<meta name=\"twitter:card\" content=\"summary_large_image\" \/>\n<meta name=\"twitter:title\" content=\"Design Trips - Designgymnasiet Malm\u00f6\" \/>\n<meta name=\"twitter:description\" content=\"L\u00e4s mer om Designgymnasiets samarbete med Erasmus som ger eleverna m\u00f6jlighet till utlandsresor f\u00f6r att jobba i olika internationella projekt.\" \/>\n<script type=\"application\/ld+json\" class=\"yoast-schema-graph\">{\"@context\":\"https:\/\/schema.org\",\"@graph\":[{\"@type\":\"WebPage\",\"@id\":\"https:\/\/designgymnasiet.se\/malmo\/var-gymnasieskola\/design-trips\/\",\"url\":\"https:\/\/designgymnasiet.se\/malmo\/var-gymnasieskola\/design-trips\/\",\"name\":\"Design Trips - Designgymnasiet Malm\u00f6\",\"isPartOf\":{\"@id\":\"https:\/\/designgymnasiet.se\/malmo\/#website\"},\"datePublished\":\"2023-08-15T09:07:11+00:00\",\"dateModified\":\"2023-10-12T12:50:13+00:00\",\"description\":\"L\u00e4s mer om Designgymnasiets samarbete med Erasmus som ger eleverna m\u00f6jlighet till utlandsresor f\u00f6r att jobba i olika internationella projekt.\",\"breadcrumb\":{\"@id\":\"https:\/\/designgymnasiet.se\/malmo\/var-gymnasieskola\/design-trips\/#breadcrumb\"},\"inLanguage\":\"sv-SE\",\"potentialAction\":[{\"@type\":\"ReadAction\",\"target\":[\"https:\/\/designgymnasiet.se\/malmo\/var-gymnasieskola\/design-trips\/\"]}]},{\"@type\":\"BreadcrumbList\",\"@id\":\"https:\/\/designgymnasiet.se\/malmo\/var-gymnasieskola\/design-trips\/#breadcrumb\",\"itemListElement\":[{\"@type\":\"ListItem\",\"position\":1,\"name\":\"Start\",\"item\":\"https:\/\/designgymnasiet.se\/malmo\/\"},{\"@type\":\"ListItem\",\"position\":2,\"name\":\"V\u00e5r gymnasieskola\",\"item\":\"https:\/\/designgymnasiet.se\/malmo\/var-gymnasieskola\/\"},{\"@type\":\"ListItem\",\"position\":3,\"name\":\"Design Trips\"}]},{\"@type\":\"WebSite\",\"@id\":\"https:\/\/designgymnasiet.se\/malmo\/#website\",\"url\":\"https:\/\/designgymnasiet.se\/malmo\/\",\"name\":\"Malm\u00f6\",\"description\":\"Har du designdr\u00f6mmar?\",\"potentialAction\":[{\"@type\":\"SearchAction\",\"target\":{\"@type\":\"EntryPoint\",\"urlTemplate\":\"https:\/\/designgymnasiet.se\/malmo\/?s={search_term_string}\"},\"query-input\":\"required name=search_term_string\"}],\"inLanguage\":\"sv-SE\"}]}<\/script>\n<!-- \/ Yoast SEO plugin. -->","yoast_head_json":{"title":"Design Trips - Designgymnasiet Malm\u00f6","description":"L\u00e4s mer om Designgymnasiets samarbete med Erasmus som ger eleverna m\u00f6jlighet till utlandsresor f\u00f6r att jobba i olika internationella projekt.","robots":{"index":"index","follow":"follow","max-snippet":"max-snippet:-1","max-image-preview":"max-image-preview:large","max-video-preview":"max-video-preview:-1"},"canonical":"https:\/\/designgymnasiet.se\/malmo\/var-gymnasieskola\/design-trips\/","og_locale":"sv_SE","og_type":"article","og_title":"Design Trips - Designgymnasiet Malm\u00f6","og_description":"L\u00e4s mer om Designgymnasiets samarbete med Erasmus som ger eleverna m\u00f6jlighet till utlandsresor f\u00f6r att jobba i olika internationella projekt.","og_url":"https:\/\/designgymnasiet.se\/malmo\/var-gymnasieskola\/design-trips\/","og_site_name":"Malm\u00f6","article_modified_time":"2023-10-12T12:50:13+00:00","twitter_card":"summary_large_image","twitter_title":"Design Trips - Designgymnasiet Malm\u00f6","twitter_description":"L\u00e4s mer om Designgymnasiets samarbete med Erasmus som ger eleverna m\u00f6jlighet till utlandsresor f\u00f6r att jobba i olika internationella projekt.","schema":{"@context":"https:\/\/schema.org","@graph":[{"@type":"WebPage","@id":"https:\/\/designgymnasiet.se\/malmo\/var-gymnasieskola\/design-trips\/","url":"https:\/\/designgymnasiet.se\/malmo\/var-gymnasieskola\/design-trips\/","name":"Design Trips - Designgymnasiet Malm\u00f6","isPartOf":{"@id":"https:\/\/designgymnasiet.se\/malmo\/#website"},"datePublished":"2023-08-15T09:07:11+00:00","dateModified":"2023-10-12T12:50:13+00:00","description":"L\u00e4s mer om Designgymnasiets samarbete med Erasmus som ger eleverna m\u00f6jlighet till utlandsresor f\u00f6r att jobba i olika internationella projekt.","breadcrumb":{"@id":"https:\/\/designgymnasiet.se\/malmo\/var-gymnasieskola\/design-trips\/#breadcrumb"},"inLanguage":"sv-SE","potentialAction":[{"@type":"ReadAction","target":["https:\/\/designgymnasiet.se\/malmo\/var-gymnasieskola\/design-trips\/"]}]},{"@type":"BreadcrumbList","@id":"https:\/\/designgymnasiet.se\/malmo\/var-gymnasieskola\/design-trips\/#breadcrumb","itemListElement":[{"@type":"ListItem","position":1,"name":"Start","item":"https:\/\/designgymnasiet.se\/malmo\/"},{"@type":"ListItem","position":2,"name":"V\u00e5r gymnasieskola","item":"https:\/\/designgymnasiet.se\/malmo\/var-gymnasieskola\/"},{"@type":"ListItem","position":3,"name":"Design Trips"}]},{"@type":"WebSite","@id":"https:\/\/designgymnasiet.se\/malmo\/#website","url":"https:\/\/designgymnasiet.se\/malmo\/","name":"Malm\u00f6","description":"Har du designdr\u00f6mmar?","potentialAction":[{"@type":"SearchAction","target":{"@type":"EntryPoint","urlTemplate":"https:\/\/designgymnasiet.se\/malmo\/?s={search_term_string}"},"query-input":"required name=search_term_string"}],"inLanguage":"sv-SE"}]}},"_links":{"self":[{"href":"https:\/\/designgymnasiet.se\/malmo\/wp-json\/wp\/v2\/pages\/884"}],"collection":[{"href":"https:\/\/designgymnasiet.se\/malmo\/wp-json\/wp\/v2\/pages"}],"about":[{"href":"https:\/\/designgymnasiet.se\/malmo\/wp-json\/wp\/v2\/types\/page"}],"author":[{"embeddable":true,"href":"https:\/\/designgymnasiet.se\/malmo\/wp-json\/wp\/v2\/users\/1"}],"replies":[{"embeddable":true,"href":"https:\/\/designgymnasiet.se\/malmo\/wp-json\/wp\/v2\/comments?post=884"}],"version-history":[{"count":10,"href":"https:\/\/designgymnasiet.se\/malmo\/wp-json\/wp\/v2\/pages\/884\/revisions"}],"predecessor-version":[{"id":1629,"href":"https:\/\/designgymnasiet.se\/malmo\/wp-json\/wp\/v2\/pages\/884\/revisions\/1629"}],"up":[{"embeddable":true,"href":"https:\/\/designgymnasiet.se\/malmo\/wp-json\/wp\/v2\/pages\/19"}],"wp:attachment":[{"href":"https:\/\/designgymnasiet.se\/malmo\/wp-json\/wp\/v2\/media?parent=884"}],"curies":[{"name":"wp","href":"https:\/\/api.w.org\/{rel}","templated":true}]}}