{"id":882,"date":"2023-08-15T11:06:12","date_gmt":"2023-08-15T09:06:12","guid":{"rendered":"https:\/\/designgymnasiet.se\/malmo\/?page_id=882"},"modified":"2026-04-21T13:36:17","modified_gmt":"2026-04-21T11:36:17","slug":"design-day","status":"publish","type":"page","link":"https:\/\/designgymnasiet.se\/malmo\/var-gymnasieskola\/design-day\/","title":{"rendered":"Design day"},"content":{"rendered":"\n\t\n\t\n\t\n\t\n\t\n\t\n<section \n\tclass=\"ams-hero ams-hero--classic ams-hero--75 has-content-bg c-block l-stacked  \"\n\tdata-color-scheme=\"white\"\n\tstyle=\"\">\n\t<div class=\"ams-hero__container u-items-end u-justify-end\">\n\t\t<div\n\t\t\tclass=\"ams-hero__content l-stack l-stack-xl is-center is-center@md\" style=--hero-content-bg:#ffffff;>\n\t\t\t<div class=\"l-stack l-stack-lg\">\n\t\t\t\t\t\n\t<h1\n\tclass=\"c-heading u-font-display \"\n\tstyle=\"\">\n\t\t\n\t\t\t\t\tDesign Day\n\t\t\t\t\n\t<\/h1>\n\n\t\t\t\t\t\t\t<\/div>\n\n\t\t\t\t\t<\/div>\n\t<\/div>\n\n\t\n\t\t\t\n\t\t\t\t\t\t\t\n\t\t\t\t<div class=\"c-bg c-bg--img\" data-settings=\"{&quot;desktop_settings&quot;:{&quot;size&quot;:&quot;cover&quot;,&quot;position&quot;:&quot;middle-center&quot;},&quot;mobile_settings&quot;:{&quot;size&quot;:&quot;cover&quot;,&quot;position&quot;:&quot;middle-center&quot;}}\" data-position=\"middle-center\" data-size=\"cover\">\n\t\t\t<img decoding=\"async\" width=\"1920\" height=\"1080\" src=\"https:\/\/designgymnasiet.se\/wp-content\/uploads\/sites\/10\/2023\/09\/dgkungsholmen202304webb4-1920x1080.jpg\" class=\"attachment-hero-lg size-hero-lg\" alt=\"Elever arbetar tillsammans runt ett bord i ett klassrum.\" sizes=\"(max-width: 1920px) 100vw, 1920px\" \/>\n\t\t<\/div>\n\t\n<\/section>\n\n\n\n\t\n\t\n\t\n\n\t\n\t\n\t\t\n<section  class=\"c-block l-stacked  \" data-color-scheme=\"white\">\n\t<div class=\"ams-fifty ams-fifty--container ams-fifty--right ams-fifty--bottom l-container u-pt-fluid-3xl-6xl u-pb-fluid-3xl-6xl\">\n\t\t<div class=\"ams-fifty__content l-stack l-stack-xl is-left is-left@lg\">\n\t\t\t<div class=\"ams-fifty__text l-stack l-stack-lg\">\n\t\t\t\t\t\n\t<h2\n\tclass=\"c-heading u-font-title-1 \"\n\tstyle=\"\">\n\t\t\n\t\t\t\t\tV\u00e5rens stora <span class=\"highlight\">designutst\u00e4llning<\/span>\n\t\t\t\t\n\t<\/h2>\n\n\t\t\t\t\t\t\t\t\t<div class=\"text l-stack u-font-body\">\n\t\t\t\t\t\t<h2>Design Day<\/h2>\n<p><strong>Vad \u00e4r Design Day?<\/strong><br \/>\nDesign Day \u00e4r ett inspirerande event d\u00e4r kreativitet, id\u00e9er och skapargl\u00e4dje st\u00e5r i centrum. Det \u00e4r en dag d\u00e4r vi hyllar v\u00e5ra fantastiska elever och deras skapelser. Under dagen visar eleverna upp projekt och arbeten som de har skapat under \u00e5ret. Samtidigt f\u00e5r bes\u00f6kare en inblick i vilka sp\u00e4nnande och kreativa projekt man kan arbeta med som elev p\u00e5 Designgymnasiet.<\/p>\n<p><strong>Vad h\u00e4nder p\u00e5 Design Day?<\/strong><br \/>\n<span style=\"font-weight: 400;\">P\u00e5 \u00e5rets event kommer ni f\u00e5 se allt fr\u00e5n modevisning av eleverna p\u00e5 modedesign, till produktmodeller av elever p\u00e5 produktdesign, till ritningar av v\u00e5ra arkitektelever och digital konst av v\u00e5ra elever p\u00e5 grafisk design.<\/span><\/p>\n<p>Under denna dag kan man f\u00f6rutom att titta p\u00e5 v\u00e5ra elevers arbeten, tr\u00e4ffa v\u00e5ra fina elever och personal och st\u00e4lla fr\u00e5gor om skolan och v\u00e5ra utbildningar.<\/p>\n<p><strong>Vem f\u00e5r komma?<\/strong><br \/>\nEventet \u00e4r \u00f6ppet f\u00f6r allm\u00e4nheten och vi v\u00e4lkomnar intresserade elever, v\u00e5rdnadshavare, sl\u00e4kt och v\u00e4nner!<\/p>\n<p><strong>N\u00e4r \u00e4r Design Day?<br \/>\n<\/strong>Design Day arrangeras varje \u00e5r i april. \u00c5rets event har redan \u00e4gt rum, men du \u00e4r varmt v\u00e4lkommen tillbaka 2027! Vill du bes\u00f6ka v\u00e5r skola p\u00e5 annat s\u00e4tt? Klicka p\u00e5 knappen nedan f\u00f6r att l\u00e4sa mer om v\u00e5ra \u00f6ppna hus och kommande event.<\/p>\n\n\t\t\t\t\t<\/div>\n\t\t\t\t\t\t\t<\/div>\n\n\t\t\t\t<div class=\"ams-fifty__action u-inline-items\">\n\t\t\t\t\t\t\t\n\n\n<a href=\"https:\/\/designgymnasiet.se\/malmo\/oppet-hus\/\"\n\t\n\tclass=\"c-btn \"\n\tdata-style=\"square\"\n\tdata-size=\"md\"\n\tdata-width=\"full-mobile\"\n\tdata-variant=\"default\"\n\ttarget=\"_self\">\n\t\t\t<span class=\"label\"> L\u00e4s mer om \u00f6ppna hus &amp; event<\/span>\n\t\t\t<\/a>\n\t\t\t<\/div>\n\t\t<\/div>\n\n\t\t <div class=\"ams-fifty__media u-ratio-widescreen\">\n\t\t \t\n\t\t\t\n\t\t\t\t\t\t\t<lite-youtube videoid=\"s9Z2Jxc9P-w\" style=\"background-image: url('https:\/\/i.ytimg.com\/vi\/s9Z2Jxc9P-w\/hqdefault.jpg');\">\n\t\t\t\t\t\t<button href=\"https:\/\/youtube.com\/watch?v=s9Z2Jxc9P-w\" class=\"lty-playbtn\" title=\"Play Video\">\n\t\t\t\t\t\t\t<span class=\"lyt-visually-hidden\">Play Video<\/span>\n\t\t\t\t\t\t<\/button>\n\t\t\t\t\t<\/lite-youtube>\n\t\t\t\t\t<\/div>\n\t<\/div>\n\n\t\t\n\n<\/section>\n\n\n\n\t<div class=\"module_wrapper ams_remote_pages_module \">\n\t\t\n\n<section  class=\"ams-cta ams-cta--stacked c-block l-stacked\" data-color-scheme=\"gray\">\n\t<div class=\"l-container-narrow l-stack l-stack-fluid-2xl u-pt-fluid-3xl-6xl u-pb-fluid-3xl-6xl is-center is-center@md\">\n\t\t\t\t\t<div class=\"ams-cta__intro l-stack l-stack-lg\">\n\t\t\t\t\t\n\t<h2\n\tclass=\"c-heading u-font-title-1 \"\n\tstyle=\"\">\n\t\t\n\t\t\t\t\tBes\u00f6k oss\n\t\t\t\t\n\t<\/h2>\n\n\t\t\t\t\t\t\t\t\t<div class=\"c-text l-stack u-cs-xl u-font-body\">\n\t\t\t\t\t\t<p><span data-sheets-value=\"{&quot;1&quot;:2,&quot;2&quot;:&quot;Du upplever oss allra b\u00e4st p\u00e5 plats. Anm\u00e4l dig till \u00d6ppet hus eller boka in dig till Designelev f\u00f6r en dag f\u00f6r att l\u00e4ra k\u00e4nna oss b\u00e4ttre. Varmt v\u00e4lkommen!&quot;}\" data-sheets-userformat=\"{&quot;2&quot;:4995,&quot;3&quot;:{&quot;1&quot;:0},&quot;4&quot;:{&quot;1&quot;:2,&quot;2&quot;:15789035},&quot;10&quot;:0,&quot;11&quot;:4,&quot;12&quot;:0,&quot;15&quot;:&quot;Helvetica Neue&quot;}\">Du upplever oss allra b\u00e4st p\u00e5 plats. Anm\u00e4l dig till \u00d6ppet hus eller boka in dig till Designelev f\u00f6r en dag f\u00f6r att l\u00e4ra k\u00e4nna oss b\u00e4ttre. Varmt v\u00e4lkommen!<\/span><\/p>\n\n\t\t\t\t\t<\/div>\n\t\t\t\t\t\t\t<\/div>\n\t\t\n\t\t\n\t\t\t<div class=\"ams-cta__action u-inline-items\">\n\t\t\t\t\t\t\t\n\n\n<a href=\"https:\/\/designgymnasiet.se\/malmo\/oppet-hus\/\"\n\t\n\tclass=\"c-btn \"\n\tdata-style=\"square\"\n\tdata-size=\"md\"\n\tdata-width=\"full-mobile\"\n\tdata-variant=\"default\"\n\ttarget=\"_self\">\n\t\t\t<span class=\"label\"> Anm\u00e4l dig till \u00d6ppet hus<\/span>\n\t\t\t<\/a>\n\t\t\t\t\t\t\t\n\n\n<a href=\"https:\/\/designgymnasiet.se\/malmo\/designelev-for-en-dag\/\"\n\t\n\tclass=\"c-btn \"\n\tdata-style=\"square\"\n\tdata-size=\"md\"\n\tdata-width=\"full-mobile\"\n\tdata-variant=\"outline\"\n\ttarget=\"_self\">\n\t\t\t<span class=\"label\"> Boka in Designelev f\u00f6r en dag<\/span>\n\t\t\t<\/a>\n\t\t\t<\/div>\n\t<\/div>\n\n\t\t\n\t\t\t\n\t\t\t\t\t\t\t\n\t\t\t\t<div class=\"c-bg c-bg--img\" data-settings=\"{&quot;desktop_settings&quot;:{&quot;size&quot;:&quot;contain&quot;,&quot;position&quot;:&quot;top-left&quot;},&quot;mobile_settings&quot;:{&quot;size&quot;:&quot;contain&quot;,&quot;position&quot;:&quot;top-left&quot;}}\" data-position=\"middle-center\" data-size=\"cover\">\n\t\t\t<picture><source media=\"(min-width: 48em)\" srcset=\"https:\/\/designgymnasiet.se\/wp-content\/uploads\/sites\/10\/2023\/10\/dgwebbscribblestjarnortreplaceringvanstra-ovre-hornetdesktop.svg\" sizes=\"\" \/><source srcset=\"https:\/\/designgymnasiet.se\/wp-content\/uploads\/sites\/10\/2023\/10\/dgwebbscribblestjarnortreplaceringvanstra-ovre-hornetmobil.svg\" sizes=\"\" \/><img decoding=\"async\" src=\"https:\/\/designgymnasiet.se\/wp-content\/uploads\/sites\/10\/2023\/10\/dgwebbscribblestjarnortreplaceringvanstra-ovre-hornetdesktop.svg\" class=\"attachment-hero-lg size-hero-lg\" alt=\"\" sizes=\"\" height=\"237\" width=\"1920\" \/><\/picture>\n\t\t<\/div>\n\t\n<\/section>\n\t<\/div>\n\n\t","protected":false},"excerpt":{"rendered":"","protected":false},"author":1,"featured_media":0,"parent":19,"menu_order":0,"comment_status":"closed","ping_status":"closed","template":"","meta":{"footnotes":""},"yoast_head":"<!-- This site is optimized with the Yoast SEO plugin v22.0 - https:\/\/yoast.com\/wordpress\/plugins\/seo\/ -->\n<title>Design day - Designgymnasiet Malm\u00f6<\/title>\n<meta name=\"description\" content=\"H\u00e4r kan du l\u00e4sa om Designgymnasiets design days. Se vad eleverna jobbar med och designar under skoltid.\" \/>\n<meta name=\"robots\" content=\"index, follow, max-snippet:-1, max-image-preview:large, max-video-preview:-1\" \/>\n<link rel=\"canonical\" href=\"https:\/\/designgymnasiet.se\/malmo\/var-gymnasieskola\/design-day\/\" \/>\n<meta property=\"og:locale\" content=\"sv_SE\" \/>\n<meta property=\"og:type\" content=\"article\" \/>\n<meta property=\"og:title\" content=\"Design day - Designgymnasiet Malm\u00f6\" \/>\n<meta property=\"og:description\" content=\"H\u00e4r kan du l\u00e4sa om Designgymnasiets design days. Se vad eleverna jobbar med och designar under skoltid.\" \/>\n<meta property=\"og:url\" content=\"https:\/\/designgymnasiet.se\/malmo\/var-gymnasieskola\/design-day\/\" \/>\n<meta property=\"og:site_name\" content=\"Malm\u00f6\" \/>\n<meta property=\"article:modified_time\" content=\"2026-04-21T11:36:17+00:00\" \/>\n<meta name=\"twitter:card\" content=\"summary_large_image\" \/>\n<meta name=\"twitter:title\" content=\"Design day - Designgymnasiet Malm\u00f6\" \/>\n<meta name=\"twitter:description\" content=\"H\u00e4r kan du l\u00e4sa om Designgymnasiets design days. Se vad eleverna jobbar med och designar under skoltid.\" \/>\n<meta name=\"twitter:label1\" content=\"Ber\u00e4knad l\u00e4stid\" \/>\n\t<meta name=\"twitter:data1\" content=\"2 minuter\" \/>\n<script type=\"application\/ld+json\" class=\"yoast-schema-graph\">{\"@context\":\"https:\/\/schema.org\",\"@graph\":[{\"@type\":\"WebPage\",\"@id\":\"https:\/\/designgymnasiet.se\/malmo\/var-gymnasieskola\/design-day\/\",\"url\":\"https:\/\/designgymnasiet.se\/malmo\/var-gymnasieskola\/design-day\/\",\"name\":\"Design day - Designgymnasiet Malm\u00f6\",\"isPartOf\":{\"@id\":\"https:\/\/designgymnasiet.se\/malmo\/#website\"},\"datePublished\":\"2023-08-15T09:06:12+00:00\",\"dateModified\":\"2026-04-21T11:36:17+00:00\",\"description\":\"H\u00e4r kan du l\u00e4sa om Designgymnasiets design days. Se vad eleverna jobbar med och designar under skoltid.\",\"breadcrumb\":{\"@id\":\"https:\/\/designgymnasiet.se\/malmo\/var-gymnasieskola\/design-day\/#breadcrumb\"},\"inLanguage\":\"sv-SE\",\"potentialAction\":[{\"@type\":\"ReadAction\",\"target\":[\"https:\/\/designgymnasiet.se\/malmo\/var-gymnasieskola\/design-day\/\"]}]},{\"@type\":\"BreadcrumbList\",\"@id\":\"https:\/\/designgymnasiet.se\/malmo\/var-gymnasieskola\/design-day\/#breadcrumb\",\"itemListElement\":[{\"@type\":\"ListItem\",\"position\":1,\"name\":\"Start\",\"item\":\"https:\/\/designgymnasiet.se\/malmo\/\"},{\"@type\":\"ListItem\",\"position\":2,\"name\":\"V\u00e5r gymnasieskola\",\"item\":\"https:\/\/designgymnasiet.se\/malmo\/var-gymnasieskola\/\"},{\"@type\":\"ListItem\",\"position\":3,\"name\":\"Design day\"}]},{\"@type\":\"WebSite\",\"@id\":\"https:\/\/designgymnasiet.se\/malmo\/#website\",\"url\":\"https:\/\/designgymnasiet.se\/malmo\/\",\"name\":\"Malm\u00f6\",\"description\":\"Har du designdr\u00f6mmar?\",\"potentialAction\":[{\"@type\":\"SearchAction\",\"target\":{\"@type\":\"EntryPoint\",\"urlTemplate\":\"https:\/\/designgymnasiet.se\/malmo\/?s={search_term_string}\"},\"query-input\":\"required name=search_term_string\"}],\"inLanguage\":\"sv-SE\"}]}<\/script>\n<!-- \/ Yoast SEO plugin. -->","yoast_head_json":{"title":"Design day - Designgymnasiet Malm\u00f6","description":"H\u00e4r kan du l\u00e4sa om Designgymnasiets design days. Se vad eleverna jobbar med och designar under skoltid.","robots":{"index":"index","follow":"follow","max-snippet":"max-snippet:-1","max-image-preview":"max-image-preview:large","max-video-preview":"max-video-preview:-1"},"canonical":"https:\/\/designgymnasiet.se\/malmo\/var-gymnasieskola\/design-day\/","og_locale":"sv_SE","og_type":"article","og_title":"Design day - Designgymnasiet Malm\u00f6","og_description":"H\u00e4r kan du l\u00e4sa om Designgymnasiets design days. Se vad eleverna jobbar med och designar under skoltid.","og_url":"https:\/\/designgymnasiet.se\/malmo\/var-gymnasieskola\/design-day\/","og_site_name":"Malm\u00f6","article_modified_time":"2026-04-21T11:36:17+00:00","twitter_card":"summary_large_image","twitter_title":"Design day - Designgymnasiet Malm\u00f6","twitter_description":"H\u00e4r kan du l\u00e4sa om Designgymnasiets design days. Se vad eleverna jobbar med och designar under skoltid.","twitter_misc":{"Ber\u00e4knad l\u00e4stid":"2 minuter"},"schema":{"@context":"https:\/\/schema.org","@graph":[{"@type":"WebPage","@id":"https:\/\/designgymnasiet.se\/malmo\/var-gymnasieskola\/design-day\/","url":"https:\/\/designgymnasiet.se\/malmo\/var-gymnasieskola\/design-day\/","name":"Design day - Designgymnasiet Malm\u00f6","isPartOf":{"@id":"https:\/\/designgymnasiet.se\/malmo\/#website"},"datePublished":"2023-08-15T09:06:12+00:00","dateModified":"2026-04-21T11:36:17+00:00","description":"H\u00e4r kan du l\u00e4sa om Designgymnasiets design days. Se vad eleverna jobbar med och designar under skoltid.","breadcrumb":{"@id":"https:\/\/designgymnasiet.se\/malmo\/var-gymnasieskola\/design-day\/#breadcrumb"},"inLanguage":"sv-SE","potentialAction":[{"@type":"ReadAction","target":["https:\/\/designgymnasiet.se\/malmo\/var-gymnasieskola\/design-day\/"]}]},{"@type":"BreadcrumbList","@id":"https:\/\/designgymnasiet.se\/malmo\/var-gymnasieskola\/design-day\/#breadcrumb","itemListElement":[{"@type":"ListItem","position":1,"name":"Start","item":"https:\/\/designgymnasiet.se\/malmo\/"},{"@type":"ListItem","position":2,"name":"V\u00e5r gymnasieskola","item":"https:\/\/designgymnasiet.se\/malmo\/var-gymnasieskola\/"},{"@type":"ListItem","position":3,"name":"Design day"}]},{"@type":"WebSite","@id":"https:\/\/designgymnasiet.se\/malmo\/#website","url":"https:\/\/designgymnasiet.se\/malmo\/","name":"Malm\u00f6","description":"Har du designdr\u00f6mmar?","potentialAction":[{"@type":"SearchAction","target":{"@type":"EntryPoint","urlTemplate":"https:\/\/designgymnasiet.se\/malmo\/?s={search_term_string}"},"query-input":"required name=search_term_string"}],"inLanguage":"sv-SE"}]}},"_links":{"self":[{"href":"https:\/\/designgymnasiet.se\/malmo\/wp-json\/wp\/v2\/pages\/882"}],"collection":[{"href":"https:\/\/designgymnasiet.se\/malmo\/wp-json\/wp\/v2\/pages"}],"about":[{"href":"https:\/\/designgymnasiet.se\/malmo\/wp-json\/wp\/v2\/types\/page"}],"author":[{"embeddable":true,"href":"https:\/\/designgymnasiet.se\/malmo\/wp-json\/wp\/v2\/users\/1"}],"replies":[{"embeddable":true,"href":"https:\/\/designgymnasiet.se\/malmo\/wp-json\/wp\/v2\/comments?post=882"}],"version-history":[{"count":10,"href":"https:\/\/designgymnasiet.se\/malmo\/wp-json\/wp\/v2\/pages\/882\/revisions"}],"predecessor-version":[{"id":2235,"href":"https:\/\/designgymnasiet.se\/malmo\/wp-json\/wp\/v2\/pages\/882\/revisions\/2235"}],"up":[{"embeddable":true,"href":"https:\/\/designgymnasiet.se\/malmo\/wp-json\/wp\/v2\/pages\/19"}],"wp:attachment":[{"href":"https:\/\/designgymnasiet.se\/malmo\/wp-json\/wp\/v2\/media?parent=882"}],"curies":[{"name":"wp","href":"https:\/\/api.w.org\/{rel}","templated":true}]}}