{"id":880,"date":"2023-08-15T11:05:20","date_gmt":"2023-08-15T09:05:20","guid":{"rendered":"https:\/\/designgymnasiet.se\/malmo\/?page_id=880"},"modified":"2023-10-12T14:50:05","modified_gmt":"2023-10-12T12:50:05","slug":"design-talks","status":"publish","type":"page","link":"https:\/\/designgymnasiet.se\/malmo\/var-gymnasieskola\/design-talks\/","title":{"rendered":"Design Talks"},"content":{"rendered":"\n\t<div class=\"module_wrapper ams_remote_pages_module \">\n\t\t\n\t\n\t\n\t\n\t\n\t\n\t\n<section \n\tclass=\"ams-hero ams-hero--classic ams-hero--75 has-content-bg c-block l-stacked  \"\n\tdata-color-scheme=\"white\"\n\tstyle=\"\">\n\t<div class=\"ams-hero__container u-items-end u-justify-end\">\n\t\t<div\n\t\t\tclass=\"ams-hero__content l-stack l-stack-xl is-left is-left@md\" style=--hero-content-bg:#ffffff;>\n\t\t\t<div class=\"l-stack l-stack-lg\">\n\t\t\t\t\t\n\t<h1\n\tclass=\"c-heading u-font-display \"\n\tstyle=\"\">\n\t\t\n\t\t\t\t\tDesign Talks\n\t\t\t\t\n\t<\/h1>\n\n\t\t\t\t\t\t\t<\/div>\n\n\t\t\t\t\t<\/div>\n\t<\/div>\n\n\t\n\t\t\t\n\t\t\t\t\t\t\t\n\t\t\t\t<div class=\"c-bg c-bg--img\" data-settings=\"{&quot;desktop_settings&quot;:{&quot;size&quot;:&quot;cover&quot;,&quot;position&quot;:&quot;middle-center&quot;},&quot;mobile_settings&quot;:{&quot;size&quot;:&quot;cover&quot;,&quot;position&quot;:&quot;middle-center&quot;}}\" data-position=\"middle-center\" data-size=\"cover\">\n\t\t\t<img decoding=\"async\" width=\"1656\" height=\"1008\" src=\"https:\/\/designgymnasiet.se\/wp-content\/uploads\/2023\/09\/design-talks-202304-1-e1697028796187.jpg\" class=\"attachment-hero-lg size-hero-lg\" alt=\"Person tittar mot kameran och lutar sig mot egengjord tr\u00e4pall, svartvitt.\" sizes=\"(max-width: 1656px) 100vw, 1656px\" srcset=\"https:\/\/designgymnasiet.se\/wp-content\/uploads\/2023\/09\/design-talks-202304-1-e1697028796187.jpg 1656w, https:\/\/designgymnasiet.se\/wp-content\/uploads\/2023\/09\/design-talks-202304-1-e1697028796187-300x183.jpg 300w, https:\/\/designgymnasiet.se\/wp-content\/uploads\/2023\/09\/design-talks-202304-1-e1697028796187-400x243.jpg 400w, https:\/\/designgymnasiet.se\/wp-content\/uploads\/2023\/09\/design-talks-202304-1-e1697028796187-600x365.jpg 600w, https:\/\/designgymnasiet.se\/wp-content\/uploads\/2023\/09\/design-talks-202304-1-e1697028796187-800x487.jpg 800w, https:\/\/designgymnasiet.se\/wp-content\/uploads\/2023\/09\/design-talks-202304-1-e1697028796187-1024x623.jpg 1024w, https:\/\/designgymnasiet.se\/wp-content\/uploads\/2023\/09\/design-talks-202304-1-e1697028796187-1200x730.jpg 1200w\" \/>\n\t\t<\/div>\n\t\n<\/section>\n\t\t\t\t\t<div class=\"container core-spacer\">\n\t\t\t\t\t\t<div class=\"row\">\n\t\t\t\t\t\t\t<div class=\"col-12\">\n\t\t\t\t\t\t\t\t\n<div style=\"height:120px\" aria-hidden=\"true\" class=\"wp-block-spacer\"><\/div>\n\t\t\t\t\t\t\t<\/div>\n\t\t\t\t\t\t<\/div>\n\t\t\t\t\t<\/div>\n\t\t\t\t\t\n\t\n\t\n\t\n\n\t\n\t\n\t\t\n<section  class=\"c-block l-stacked  \" data-color-scheme=\"white\">\n\t<div class=\"ams-fifty ams-fifty--container ams-fifty--left ams-fifty--top l-container u-pt-fluid-3xl-6xl u-pb-fluid-3xl-6xl\">\n\t\t<div class=\"ams-fifty__content l-stack l-stack-xl is-left is-left@lg\">\n\t\t\t<div class=\"ams-fifty__text l-stack l-stack-lg\">\n\t\t\t\t\t\n\t<h2\n\tclass=\"c-heading u-font-title-1 \"\n\tstyle=\"\">\n\t\t\n\t\t\t\t\tL\u00e4r dig av <span class=\"highlight\">branschen<\/span>\n\t\t\t\t\n\t<\/h2>\n\n\t\t\t\t\t\t\t\t\t<div class=\"text l-stack u-font-body\">\n\t\t\t\t\t\t<p><span data-sheets-value=\"{&quot;1&quot;:2,&quot;2&quot;:&quot;Design-, produktutvecklings- och arkitektbranschen \u00e4r sp\u00e4nnande omr\u00e5den med m\u00e5nga nischer och o\u00e4ndliga m\u00f6jligheter. Att f\u00f6rbereda v\u00e5ra designelever f\u00f6r arbetslivet och ge dem en utbildning som speglar branschen \u00e4r n\u00e5got vi arbetar med dagligen och d\u00e4rf\u00f6r bjuder vi ocks\u00e5 in branschen till klassrummet. Det kallar vi Design Talks.\\n\\nDesign Talks \u00e4r g\u00e4stspel, f\u00f6rel\u00e4sningar och workshops med designers, formgivare, studenter och andra verksamma inom branscherna. Det betyder att du som elev f\u00e5r reell insyn i branschen, f\u00e5r ta l\u00e4rdom av verksamma och kan skapa kontakter redan under gymnasietiden.&quot;}\" data-sheets-userformat=\"{&quot;2&quot;:5089,&quot;3&quot;:{&quot;1&quot;:0},&quot;8&quot;:{&quot;1&quot;:[{&quot;1&quot;:2,&quot;2&quot;:0,&quot;5&quot;:{&quot;1&quot;:2,&quot;2&quot;:0}},{&quot;1&quot;:0,&quot;2&quot;:0,&quot;3&quot;:3},{&quot;1&quot;:1,&quot;2&quot;:0,&quot;4&quot;:1}]},&quot;9&quot;:0,&quot;10&quot;:0,&quot;11&quot;:4,&quot;12&quot;:0,&quot;15&quot;:&quot;Helvetica Neue&quot;}\">Design-, produktutvecklings- och arkitektbranschen \u00e4r sp\u00e4nnande omr\u00e5den med m\u00e5nga nischer och o\u00e4ndliga m\u00f6jligheter. Att f\u00f6rbereda v\u00e5ra designelever f\u00f6r arbetslivet och ge dem en utbildning som speglar branschen \u00e4r n\u00e5got vi arbetar med dagligen och d\u00e4rf\u00f6r bjuder vi ocks\u00e5 in branschen till klassrummet. Det kallar vi Design Talks.<\/span><\/p>\n<p>Design Talks \u00e4r g\u00e4stspel, f\u00f6rel\u00e4sningar och workshops med designers, formgivare, studenter och andra verksamma inom branscherna. Det betyder att du som elev f\u00e5r reell insyn i branschen, f\u00e5r ta l\u00e4rdom av verksamma och kan skapa kontakter redan under gymnasietiden.<\/p>\n\n\t\t\t\t\t<\/div>\n\t\t\t\t\t\t\t<\/div>\n\n\t\t\t\t\t<\/div>\n\n\t\t <div class=\"ams-fifty__media u-ratio-square\">\n\t\t \t\t\t\t\t<img decoding=\"async\" width=\"600\" height=\"900\" src=\"https:\/\/designgymnasiet.se\/wp-content\/uploads\/2023\/09\/design-talks-202304-600x900.jpg\" class=\"attachment-md size-md\" alt=\"L\u00e4rare hj\u00e4lper elever i ett klassrum.\" sizes=\"(min-width: 64em) 600px, calc(100vw - 160px)\" srcset=\"https:\/\/designgymnasiet.se\/wp-content\/uploads\/2023\/09\/design-talks-202304-600x900.jpg 600w, https:\/\/designgymnasiet.se\/wp-content\/uploads\/2023\/09\/design-talks-202304-300x450.jpg 300w, https:\/\/designgymnasiet.se\/wp-content\/uploads\/2023\/09\/design-talks-202304-400x600.jpg 400w, https:\/\/designgymnasiet.se\/wp-content\/uploads\/2023\/09\/design-talks-202304-800x1200.jpg 800w, https:\/\/designgymnasiet.se\/wp-content\/uploads\/2023\/09\/design-talks-202304-1024x1536.jpg 1024w, https:\/\/designgymnasiet.se\/wp-content\/uploads\/2023\/09\/design-talks-202304-1200x1800.jpg 1200w, https:\/\/designgymnasiet.se\/wp-content\/uploads\/2023\/09\/design-talks-202304.jpg 1365w\" \/>\n\t\t\t\n\t\t\t\n\t\t\t\t\t<\/div>\n\t<\/div>\n\n\t\t\n\n<\/section>\n\n\n<section  class=\"ams-quote c-block l-stacked\" data-color-scheme=\"burgundy\">\n\t<div class=\"l-container l-stack l-stack-fluid-2xl u-pt-fluid-3xl-6xl u-pb-fluid-3xl-6xl is-center is-center@md\">\n\t\t\n\t\t\t\t\t<ul class=\"ams-quote__list l-grid u-gap-fluid-2xl-4xl u-justify-center\"\n\taria-label=\"Citat\">\n\t\t\t<li class=\"l-col-12@md\">\n\t\t\t<article class=\"c-card\" data-variant=\"neutral\" >\n\t\t\t\t<div class=\"c-card__content l-stack u-text-center\">\n\t\t\t\t\t\t\t\t\t\t\t<blockquote class=\"c-card__title u-font-title-1\">\n\t\t\t\t\t\t\t\t\t\t\t\t\t\t\t<p class=\"u-quote-marks\">Det finns idag s\u00e5 m\u00e5nga fantastiskt bra utbildningar och kreativa arbeten och olika v\u00e4gar att ta sig dit. Det vill vi visa v\u00e5ra elever!<\/p>\n\t\t\t\t\t\t\t\t\t\t\t\t\t<\/blockquote>\n\t\t\t\t\t\n\t\t\t\t\t\t\t\t\t\t\t<p class=\"c-card__text\">\n\t\t\t\t\t\t\t<span class=\"author u-font-body\">Lena Bergstr\u00f6m<\/span>\n\t\t\t\t\t\t\t<span class=\"title u-font-body\">L\u00e4rare<\/span>\n\t\t\t\t\t\t<\/p>\n\t\t\t\t\t\t\t\t\t<\/div>\n\n\t\t\t\t\t\t\t<\/article>\n\t\t<\/li>\n\t<\/ul>\n\t\n\t\t\t<\/div>\n\n\t\t\n\n<\/section>\n\t<\/div>\n\n\t\n\n\n\n<section  class=\"ams-cta ams-cta--stacked c-block l-stacked\" data-color-scheme=\"white\">\n\t<div class=\"l-container-narrow l-stack l-stack-fluid-2xl u-pt-fluid-3xl-6xl u-pb-fluid-3xl-6xl is-center is-center@md\">\n\t\t\t\t\t<div class=\"ams-cta__intro l-stack l-stack-lg\">\n\t\t\t\t\t\n\t<h2\n\tclass=\"c-heading u-font-title-1 \"\n\tstyle=\"\">\n\t\t\n\t\t\t\t\tVill du h\u00e5lla Design Talk?\n\t\t\t\t\n\t<\/h2>\n\n\t\t\t\t\t\t\t\t\t<div class=\"c-text l-stack u-cs-xl u-font-body\">\n\t\t\t\t\t\t<p><span data-sheets-value=\"{&quot;1&quot;:2,&quot;2&quot;:&quot;Vi skapar g\u00e4rna nya kontakter! Om du eller ditt f\u00f6retag \u00e4r intresserade av att h\u00e5lla Design Talks \u00e4r du varmt v\u00e4lkommen att kontakta oss.&quot;}\" data-sheets-userformat=\"{&quot;2&quot;:4513,&quot;3&quot;:{&quot;1&quot;:0},&quot;8&quot;:{&quot;1&quot;:[{&quot;1&quot;:2,&quot;2&quot;:0,&quot;5&quot;:{&quot;1&quot;:2,&quot;2&quot;:0}},{&quot;1&quot;:0,&quot;2&quot;:0,&quot;3&quot;:3},{&quot;1&quot;:1,&quot;2&quot;:0,&quot;4&quot;:1}]},&quot;10&quot;:0,&quot;11&quot;:4,&quot;15&quot;:&quot;\\&quot;Helvetica Neue\\&quot;&quot;}\">Vi skapar g\u00e4rna nya kontakter! Om du eller ditt f\u00f6retag \u00e4r intresserade av att h\u00e5lla ett Design Talk \u00e4r du varmt v\u00e4lkommen att kontakta oss.<\/span><\/p>\n\n\t\t\t\t\t<\/div>\n\t\t\t\t\t\t\t<\/div>\n\t\t\n\t\t\n\t\t\t<div class=\"ams-cta__action u-inline-items\">\n\t\t\t\t\t\t\t\n\n\n<a href=\"https:\/\/designgymnasiet.se\/malmo\/kontakt\/\"\n\t\n\tclass=\"c-btn \"\n\tdata-style=\"square\"\n\tdata-size=\"md\"\n\tdata-width=\"full-mobile\"\n\tdata-variant=\"default\"\n\ttarget=\"_self\">\n\t\t\t<span class=\"label\"> Kontakta oss<\/span>\n\t\t\t<\/a>\n\t\t\t<\/div>\n\t<\/div>\n\n\t\t\n\t\t\t\n\t\t\t\t\t\t\t\n\t\t\t\t<div class=\"c-bg c-bg--img\" data-settings=\"{&quot;desktop_settings&quot;:{&quot;size&quot;:&quot;contain&quot;,&quot;position&quot;:&quot;top-right&quot;},&quot;mobile_settings&quot;:{&quot;size&quot;:&quot;contain&quot;,&quot;position&quot;:&quot;top-right&quot;}}\" data-position=\"middle-center\" data-size=\"cover\">\n\t\t\t<picture><source media=\"(min-width: 48em)\" srcset=\"https:\/\/designgymnasiet.se\/wp-content\/uploads\/sites\/10\/2023\/10\/dgscribblekronaplaceringhogra-ovre-hornet1920desktop.svg\" sizes=\"\" \/><source srcset=\"https:\/\/designgymnasiet.se\/wp-content\/uploads\/sites\/10\/2023\/10\/dgscribblekronaplaceringhogra-ovre-hornet1440mobile.svg\" sizes=\"\" \/><img decoding=\"async\" src=\"https:\/\/designgymnasiet.se\/wp-content\/uploads\/sites\/10\/2023\/10\/dgscribblekronaplaceringhogra-ovre-hornet1920desktop.svg\" class=\"attachment-hero-lg size-hero-lg\" alt=\"\" sizes=\"\" height=\"180\" width=\"1920\" \/><\/picture>\n\t\t<\/div>\n\t\n<\/section>\n\n\n\n\t\n\t\n\t\n\n\t\n\t\n\t\t\n<section  class=\"c-block l-stacked  \" data-color-scheme=\"white\">\n\t<div class=\"ams-fifty ams-fifty--container ams-fifty--left ams-fifty--top l-container u-pt-fluid-3xl-6xl u-pb-fluid-3xl-6xl\">\n\t\t<div class=\"ams-fifty__content l-stack l-stack-xl is-left is-left@lg\">\n\t\t\t<div class=\"ams-fifty__text l-stack l-stack-lg\">\n\t\t\t\t\t\n\t<h2\n\tclass=\"c-heading u-font-title-1 \"\n\tstyle=\"\">\n\t\t\n\t\t\t\t\tBes\u00f6k oss p\u00e5 \u00d6ppet hus\n\t\t\t\t\n\t<\/h2>\n\n\t\t\t\t\t\t\t\t\t<div class=\"text l-stack u-font-body\">\n\t\t\t\t\t\t<p><span data-sheets-value=\"{&quot;1&quot;:2,&quot;2&quot;:&quot;F\u00f6r dig som \u00e4r nyfiken p\u00e5 v\u00e5r skola \u00e4r \u00d6ppet hus ett utm\u00e4rkt tillf\u00e4lle att l\u00e4ra k\u00e4nna oss b\u00e4ttre. Varmt v\u00e4lkommen!&quot;}\" data-sheets-userformat=\"{&quot;2&quot;:5025,&quot;3&quot;:{&quot;1&quot;:0},&quot;8&quot;:{&quot;1&quot;:[{&quot;1&quot;:2,&quot;2&quot;:0,&quot;5&quot;:{&quot;1&quot;:2,&quot;2&quot;:0}},{&quot;1&quot;:0,&quot;2&quot;:0,&quot;3&quot;:3},{&quot;1&quot;:1,&quot;2&quot;:0,&quot;4&quot;:1}]},&quot;10&quot;:0,&quot;11&quot;:4,&quot;12&quot;:0,&quot;15&quot;:&quot;Helvetica Neue&quot;}\">F\u00f6r dig som \u00e4r nyfiken p\u00e5 v\u00e5r skola \u00e4r \u00d6ppet hus ett utm\u00e4rkt tillf\u00e4lle att l\u00e4ra k\u00e4nna oss b\u00e4ttre. Varmt v\u00e4lkommen!<\/span><\/p>\n\n\t\t\t\t\t<\/div>\n\t\t\t\t\t\t\t<\/div>\n\n\t\t\t\t<div class=\"ams-fifty__action u-inline-items\">\n\t\t\t\t\t\t\t\n\n\n<a href=\"https:\/\/designgymnasiet.se\/malmo\/oppet-hus\/\"\n\t\n\tclass=\"c-btn \"\n\tdata-style=\"square\"\n\tdata-size=\"md\"\n\tdata-width=\"full-mobile\"\n\tdata-variant=\"default\"\n\ttarget=\"_self\">\n\t\t\t<span class=\"label\"> Se datum och anm\u00e4l dig<\/span>\n\t\t\t<\/a>\n\t\t\t<\/div>\n\t\t<\/div>\n\n\t\t <div class=\"ams-fifty__media u-ratio-square\">\n\t\t \t\t\t\t\t<img decoding=\"async\" width=\"600\" height=\"400\" src=\"https:\/\/designgymnasiet.se\/wp-content\/uploads\/sites\/10\/2023\/10\/designgymnasiet-design-talks-sickla-202304-600x400.jpg\" class=\"attachment-md size-md\" alt=\"Elever och l\u00e4rare jobbar kreativt i en verkstad tillsammans.\" sizes=\"(min-width: 64em) 600px, calc(100vw - 160px)\" srcset=\"https:\/\/designgymnasiet.se\/wp-content\/uploads\/sites\/10\/2023\/10\/designgymnasiet-design-talks-sickla-202304-600x400.jpg 600w, https:\/\/designgymnasiet.se\/wp-content\/uploads\/sites\/10\/2023\/10\/designgymnasiet-design-talks-sickla-202304-300x200.jpg 300w, https:\/\/designgymnasiet.se\/wp-content\/uploads\/sites\/10\/2023\/10\/designgymnasiet-design-talks-sickla-202304-400x267.jpg 400w, https:\/\/designgymnasiet.se\/wp-content\/uploads\/sites\/10\/2023\/10\/designgymnasiet-design-talks-sickla-202304-800x533.jpg 800w, https:\/\/designgymnasiet.se\/wp-content\/uploads\/sites\/10\/2023\/10\/designgymnasiet-design-talks-sickla-202304-1024x683.jpg 1024w, https:\/\/designgymnasiet.se\/wp-content\/uploads\/sites\/10\/2023\/10\/designgymnasiet-design-talks-sickla-202304-1200x800.jpg 1200w, https:\/\/designgymnasiet.se\/wp-content\/uploads\/sites\/10\/2023\/10\/designgymnasiet-design-talks-sickla-202304.jpg 2048w\" \/>\n\t\t\t\n\t\t\t\n\t\t\t\t\t<\/div>\n\t<\/div>\n\n\t\t\n\n<\/section>\n","protected":false},"excerpt":{"rendered":"","protected":false},"author":1,"featured_media":0,"parent":19,"menu_order":0,"comment_status":"closed","ping_status":"closed","template":"","meta":{"footnotes":""},"yoast_head":"<!-- This site is optimized with the Yoast SEO plugin v22.0 - https:\/\/yoast.com\/wordpress\/plugins\/seo\/ -->\n<title>Design Talks - Designgymnasiet Malm\u00f6<\/title>\n<meta name=\"description\" content=\"Design Talks \u00e4r g\u00e4stspel, f\u00f6rel\u00e4sningar och workshops med designers, formgivare, studenter och andra verksamma inom branscherna.\" \/>\n<meta name=\"robots\" content=\"index, follow, max-snippet:-1, max-image-preview:large, max-video-preview:-1\" \/>\n<link rel=\"canonical\" href=\"https:\/\/designgymnasiet.se\/malmo\/var-gymnasieskola\/design-talks\/\" \/>\n<meta property=\"og:locale\" content=\"sv_SE\" \/>\n<meta property=\"og:type\" content=\"article\" \/>\n<meta property=\"og:title\" content=\"Design Talks - Designgymnasiet Malm\u00f6\" \/>\n<meta property=\"og:description\" content=\"Design Talks \u00e4r g\u00e4stspel, f\u00f6rel\u00e4sningar och workshops med designers, formgivare, studenter och andra verksamma inom branscherna.\" \/>\n<meta property=\"og:url\" content=\"https:\/\/designgymnasiet.se\/malmo\/var-gymnasieskola\/design-talks\/\" \/>\n<meta property=\"og:site_name\" content=\"Malm\u00f6\" \/>\n<meta property=\"article:modified_time\" content=\"2023-10-12T12:50:05+00:00\" \/>\n<meta name=\"twitter:card\" content=\"summary_large_image\" \/>\n<meta name=\"twitter:title\" content=\"Design Talks - Designgymnasiet Malm\u00f6\" \/>\n<meta name=\"twitter:description\" content=\"Design Talks \u00e4r g\u00e4stspel, f\u00f6rel\u00e4sningar och workshops med designers, formgivare, studenter och andra verksamma inom branscherna.\" \/>\n<script type=\"application\/ld+json\" class=\"yoast-schema-graph\">{\"@context\":\"https:\/\/schema.org\",\"@graph\":[{\"@type\":\"WebPage\",\"@id\":\"https:\/\/designgymnasiet.se\/malmo\/var-gymnasieskola\/design-talks\/\",\"url\":\"https:\/\/designgymnasiet.se\/malmo\/var-gymnasieskola\/design-talks\/\",\"name\":\"Design Talks - Designgymnasiet Malm\u00f6\",\"isPartOf\":{\"@id\":\"https:\/\/designgymnasiet.se\/malmo\/#website\"},\"datePublished\":\"2023-08-15T09:05:20+00:00\",\"dateModified\":\"2023-10-12T12:50:05+00:00\",\"description\":\"Design Talks \u00e4r g\u00e4stspel, f\u00f6rel\u00e4sningar och workshops med designers, formgivare, studenter och andra verksamma inom branscherna.\",\"breadcrumb\":{\"@id\":\"https:\/\/designgymnasiet.se\/malmo\/var-gymnasieskola\/design-talks\/#breadcrumb\"},\"inLanguage\":\"sv-SE\",\"potentialAction\":[{\"@type\":\"ReadAction\",\"target\":[\"https:\/\/designgymnasiet.se\/malmo\/var-gymnasieskola\/design-talks\/\"]}]},{\"@type\":\"BreadcrumbList\",\"@id\":\"https:\/\/designgymnasiet.se\/malmo\/var-gymnasieskola\/design-talks\/#breadcrumb\",\"itemListElement\":[{\"@type\":\"ListItem\",\"position\":1,\"name\":\"Start\",\"item\":\"https:\/\/designgymnasiet.se\/malmo\/\"},{\"@type\":\"ListItem\",\"position\":2,\"name\":\"V\u00e5r gymnasieskola\",\"item\":\"https:\/\/designgymnasiet.se\/malmo\/var-gymnasieskola\/\"},{\"@type\":\"ListItem\",\"position\":3,\"name\":\"Design Talks\"}]},{\"@type\":\"WebSite\",\"@id\":\"https:\/\/designgymnasiet.se\/malmo\/#website\",\"url\":\"https:\/\/designgymnasiet.se\/malmo\/\",\"name\":\"Malm\u00f6\",\"description\":\"Har du designdr\u00f6mmar?\",\"potentialAction\":[{\"@type\":\"SearchAction\",\"target\":{\"@type\":\"EntryPoint\",\"urlTemplate\":\"https:\/\/designgymnasiet.se\/malmo\/?s={search_term_string}\"},\"query-input\":\"required name=search_term_string\"}],\"inLanguage\":\"sv-SE\"}]}<\/script>\n<!-- \/ Yoast SEO plugin. -->","yoast_head_json":{"title":"Design Talks - Designgymnasiet Malm\u00f6","description":"Design Talks \u00e4r g\u00e4stspel, f\u00f6rel\u00e4sningar och workshops med designers, formgivare, studenter och andra verksamma inom branscherna.","robots":{"index":"index","follow":"follow","max-snippet":"max-snippet:-1","max-image-preview":"max-image-preview:large","max-video-preview":"max-video-preview:-1"},"canonical":"https:\/\/designgymnasiet.se\/malmo\/var-gymnasieskola\/design-talks\/","og_locale":"sv_SE","og_type":"article","og_title":"Design Talks - Designgymnasiet Malm\u00f6","og_description":"Design Talks \u00e4r g\u00e4stspel, f\u00f6rel\u00e4sningar och workshops med designers, formgivare, studenter och andra verksamma inom branscherna.","og_url":"https:\/\/designgymnasiet.se\/malmo\/var-gymnasieskola\/design-talks\/","og_site_name":"Malm\u00f6","article_modified_time":"2023-10-12T12:50:05+00:00","twitter_card":"summary_large_image","twitter_title":"Design Talks - Designgymnasiet Malm\u00f6","twitter_description":"Design Talks \u00e4r g\u00e4stspel, f\u00f6rel\u00e4sningar och workshops med designers, formgivare, studenter och andra verksamma inom branscherna.","schema":{"@context":"https:\/\/schema.org","@graph":[{"@type":"WebPage","@id":"https:\/\/designgymnasiet.se\/malmo\/var-gymnasieskola\/design-talks\/","url":"https:\/\/designgymnasiet.se\/malmo\/var-gymnasieskola\/design-talks\/","name":"Design Talks - Designgymnasiet Malm\u00f6","isPartOf":{"@id":"https:\/\/designgymnasiet.se\/malmo\/#website"},"datePublished":"2023-08-15T09:05:20+00:00","dateModified":"2023-10-12T12:50:05+00:00","description":"Design Talks \u00e4r g\u00e4stspel, f\u00f6rel\u00e4sningar och workshops med designers, formgivare, studenter och andra verksamma inom branscherna.","breadcrumb":{"@id":"https:\/\/designgymnasiet.se\/malmo\/var-gymnasieskola\/design-talks\/#breadcrumb"},"inLanguage":"sv-SE","potentialAction":[{"@type":"ReadAction","target":["https:\/\/designgymnasiet.se\/malmo\/var-gymnasieskola\/design-talks\/"]}]},{"@type":"BreadcrumbList","@id":"https:\/\/designgymnasiet.se\/malmo\/var-gymnasieskola\/design-talks\/#breadcrumb","itemListElement":[{"@type":"ListItem","position":1,"name":"Start","item":"https:\/\/designgymnasiet.se\/malmo\/"},{"@type":"ListItem","position":2,"name":"V\u00e5r gymnasieskola","item":"https:\/\/designgymnasiet.se\/malmo\/var-gymnasieskola\/"},{"@type":"ListItem","position":3,"name":"Design Talks"}]},{"@type":"WebSite","@id":"https:\/\/designgymnasiet.se\/malmo\/#website","url":"https:\/\/designgymnasiet.se\/malmo\/","name":"Malm\u00f6","description":"Har du designdr\u00f6mmar?","potentialAction":[{"@type":"SearchAction","target":{"@type":"EntryPoint","urlTemplate":"https:\/\/designgymnasiet.se\/malmo\/?s={search_term_string}"},"query-input":"required name=search_term_string"}],"inLanguage":"sv-SE"}]}},"_links":{"self":[{"href":"https:\/\/designgymnasiet.se\/malmo\/wp-json\/wp\/v2\/pages\/880"}],"collection":[{"href":"https:\/\/designgymnasiet.se\/malmo\/wp-json\/wp\/v2\/pages"}],"about":[{"href":"https:\/\/designgymnasiet.se\/malmo\/wp-json\/wp\/v2\/types\/page"}],"author":[{"embeddable":true,"href":"https:\/\/designgymnasiet.se\/malmo\/wp-json\/wp\/v2\/users\/1"}],"replies":[{"embeddable":true,"href":"https:\/\/designgymnasiet.se\/malmo\/wp-json\/wp\/v2\/comments?post=880"}],"version-history":[{"count":10,"href":"https:\/\/designgymnasiet.se\/malmo\/wp-json\/wp\/v2\/pages\/880\/revisions"}],"predecessor-version":[{"id":1628,"href":"https:\/\/designgymnasiet.se\/malmo\/wp-json\/wp\/v2\/pages\/880\/revisions\/1628"}],"up":[{"embeddable":true,"href":"https:\/\/designgymnasiet.se\/malmo\/wp-json\/wp\/v2\/pages\/19"}],"wp:attachment":[{"href":"https:\/\/designgymnasiet.se\/malmo\/wp-json\/wp\/v2\/media?parent=880"}],"curies":[{"name":"wp","href":"https:\/\/api.w.org\/{rel}","templated":true}]}}