{"id":396,"date":"2022-09-14T09:58:32","date_gmt":"2022-09-14T07:58:32","guid":{"rendered":"https:\/\/designgymnasiet.se\/malmo\/?page_id=396"},"modified":"2025-01-17T10:53:35","modified_gmt":"2025-01-17T09:53:35","slug":"vanliga-fragor","status":"publish","type":"page","link":"https:\/\/designgymnasiet.se\/malmo\/vanliga-fragor\/","title":{"rendered":"Vanliga fr\u00e5gor"},"content":{"rendered":"\n\n\n<section  class=\"ams-faq ams_event_module c-block l-stacked js-load-more\" data-color-scheme=\"faq\" data-count=\"3\" data-count-mobile=\"3\">\n\t<div class=\"l-container-narrow l-stack l-stack-fluid-2xl u-pt-fluid-3xl-6xl u-pb-fluid-3xl-6xl is-center is-center@md\">\n\t\t\t\t\t<div class=\"ams-faq__intro l-stack l-stack-lg\">\n\t\t\t\t\t\n\t<h1\n\tclass=\"c-heading u-font-display \"\n\tstyle=\"\">\n\t\t\n\t\t\t\t\tVanliga fr\u00e5gor och svar\n\t\t\t\t\n\t<\/h1>\n\n\t\t\t\t\t\t\t\t\t<div class=\"c-text l-stack u-cs-xl u-font-body\">\n\t\t\t\t\t\t<p><span data-sheets-value=\"{&quot;1&quot;:2,&quot;2&quot;:&quot;H\u00e4r har vi samlat vanliga fr\u00e5gor och svar om v\u00e5r skola och v\u00e5ra utbildningar.&quot;}\" data-sheets-userformat=\"{&quot;2&quot;:5025,&quot;3&quot;:{&quot;1&quot;:0},&quot;8&quot;:{&quot;1&quot;:[{&quot;1&quot;:2,&quot;2&quot;:0,&quot;5&quot;:{&quot;1&quot;:2,&quot;2&quot;:0}},{&quot;1&quot;:0,&quot;2&quot;:0,&quot;3&quot;:3},{&quot;1&quot;:1,&quot;2&quot;:0,&quot;4&quot;:1}]},&quot;10&quot;:0,&quot;11&quot;:4,&quot;12&quot;:0,&quot;15&quot;:&quot;Helvetica Neue&quot;}\">H\u00e4r har vi samlat vanliga fr\u00e5gor och svar om v\u00e5r skola och v\u00e5ra utbildningar.<\/span><\/p>\n\n\t\t\t\t\t<\/div>\n\t\t\t\t\t\t\t<\/div>\n\t\t\n\t\t\n\t\n\t    \n\t\n\t<ul\n\t\tid=\"ams-faq-list-69ecf3616d2e8\"\n\t\tclass=\"ams-faq__ac ams-accordion_module c-accordion js-results \"\n\t\taria-label=\"Vanliga fr\u00e5gor\"\n\t\tdata-variant=\"border-between\"\n\t\tdata-ajax-action=\"log_faq_view\"\n\t\tdata-ajax-url=\"https:\/\/designgymnasiet.se\/malmo\/wp-admin\/admin-ajax.php\"\n\t\tdata-ajax-nonce=\"409ea4f2ce\"\n\t\tdata-filter-animation=\"off\">\n\n\t\t\n\t\t\t\t\t\t\t\t\t\t\t\t\t\t\t\n\t\t\t\n\t\t\t<li data-ajax-id=\"3436\" class=\"c-accordion__item \"\n\t\t\tdata-filter=\"textildesign vanliga-fragor november-2024\"\n\t\t\t>\n\t\t\t\t<h2 class=\"c-accordion__header\">\n\t\t\t\t\t\t\t\t\t\t<button class=\"c-accordion__trigger u-py-sm u-px-fluid-md-xl u-font-title-4\">\n\t\t\t\t\t\t<span>Vad \u00e4r Design och S\u00f6mnadsteknik?<\/span>\n\t\t\t\t\t\t<svg class=\"ams-icon ams-icon__arrow-down\" width=\"24\" height=\"24\" viewbox=\"0 0 24 24\" fill=\"currentColor\" aria-hidden=\"true\" xmlns=\"http:\/\/www.w3.org\/2000\/svg\">\n\t\t\t\t\t\t\t\t\t\t\t\t\t<path d=\"m11.2033 18.4294-10.872894-10.67584c-.440539-.42594-.440539-1.1147 0-1.54065l.665495-.64345c.440539-.42595 1.152899-.42595 1.593439 0l9.41066 9.27114 9.4107-9.26207c.4405-.42595 1.1529-.42595 1.5934 0l.6655.64345c.4405.42594.4405 1.1147 0 1.54065l-10.8729 10.67587c-.4405.4168-1.1529.4168-1.5934-.0091z\"\/>\n\t\t\t\t\t\n\t\t\t\t\t\t<\/svg>\n\t\t\t\t\t<\/button>\n\t\t\t\t<\/h2>\n\t\t\t\t<div class=\"c-accordion__body l-stack u-font-body\">\n\t\t\t\t\t<div class=\"c-accordion__body__inner u-p-fluid-md-xl l-stack\">\n\t\t\t\t\t\t<p>Design och S\u00f6mnadsteknik \u00e4r ett yrkesf\u00f6rberedande gymnasieprogram som startar HT 2025! Programmet passa dig som vill ha en praktisk utbildning och intresserad dig f\u00f6r kl\u00e4der och s\u00f6mnad.\u00a0 Du f\u00f6rbereder dig f\u00f6r jobb direkt efter studenten men du som vill kan \u00e4ven l\u00e4sa visare p\u00e5 universitet och h\u00f6gskola. Du beh\u00f6ver inga f\u00f6rkunskaper och programmet \u00e4r riksrekryterande vilket inneb\u00e4r att alla elever ans\u00f6ker p\u00e5 lika villkor, oavsett vart i landet du bor. P\u00e5 Designgymnasiet kan du l\u00e4sa profilen Textildesign i G\u00f6teborg, Malm\u00f6 och Sickla.<\/p>\n\n\t\t\t\t\t<\/div>\n\t\t\t\t<\/div>\n\t\t\t<\/li>\n\t\t\n\t\t\t\t\t\t\t\t\t\t\t\t\t\t\t\n\t\t\t\n\t\t\t<li data-ajax-id=\"2915\" class=\"c-accordion__item \"\n\t\t\tdata-filter=\"vanliga-fragor oktober-2023\"\n\t\t\t>\n\t\t\t\t<h2 class=\"c-accordion__header\">\n\t\t\t\t\t\t\t\t\t\t<button class=\"c-accordion__trigger u-py-sm u-px-fluid-md-xl u-font-title-4\">\n\t\t\t\t\t\t<span>Kr\u00e4vs det antagningsprov f\u00f6r att komma in?<\/span>\n\t\t\t\t\t\t<svg class=\"ams-icon ams-icon__arrow-down\" width=\"24\" height=\"24\" viewbox=\"0 0 24 24\" fill=\"currentColor\" aria-hidden=\"true\" xmlns=\"http:\/\/www.w3.org\/2000\/svg\">\n\t\t\t\t\t\t\t\t\t\t\t\t\t<path d=\"m11.2033 18.4294-10.872894-10.67584c-.440539-.42594-.440539-1.1147 0-1.54065l.665495-.64345c.440539-.42595 1.152899-.42595 1.593439 0l9.41066 9.27114 9.4107-9.26207c.4405-.42595 1.1529-.42595 1.5934 0l.6655.64345c.4405.42594.4405 1.1147 0 1.54065l-10.8729 10.67587c-.4405.4168-1.1529.4168-1.5934-.0091z\"\/>\n\t\t\t\t\t\n\t\t\t\t\t\t<\/svg>\n\t\t\t\t\t<\/button>\n\t\t\t\t<\/h2>\n\t\t\t\t<div class=\"c-accordion__body l-stack u-font-body\">\n\t\t\t\t\t<div class=\"c-accordion__body__inner u-p-fluid-md-xl l-stack\">\n\t\t\t\t\t\t<p>Nej, du beh\u00f6ver inte g\u00f6ra n\u00e5gra antagningsprov i din ans\u00f6kan till Designgymnasiet. Ans\u00f6kan g\u00f6rs som en vanlig gymnasieans\u00f6kan.<\/p>\n\n\t\t\t\t\t<\/div>\n\t\t\t\t<\/div>\n\t\t\t<\/li>\n\t\t\n\t\t\t\t\t\t\t\t\t\t\t\t\t\t\t\n\t\t\t\n\t\t\t<li data-ajax-id=\"2914\" class=\"c-accordion__item \"\n\t\t\tdata-filter=\"vanliga-fragor oktober-2023\"\n\t\t\t>\n\t\t\t\t<h2 class=\"c-accordion__header\">\n\t\t\t\t\t\t\t\t\t\t<button class=\"c-accordion__trigger u-py-sm u-px-fluid-md-xl u-font-title-4\">\n\t\t\t\t\t\t<span>Beh\u00f6ver jag n\u00e5gra f\u00f6rkunskaper f\u00f6r att b\u00f6rja p\u00e5 Designgymnasiet?<\/span>\n\t\t\t\t\t\t<svg class=\"ams-icon ams-icon__arrow-down\" width=\"24\" height=\"24\" viewbox=\"0 0 24 24\" fill=\"currentColor\" aria-hidden=\"true\" xmlns=\"http:\/\/www.w3.org\/2000\/svg\">\n\t\t\t\t\t\t\t\t\t\t\t\t\t<path d=\"m11.2033 18.4294-10.872894-10.67584c-.440539-.42594-.440539-1.1147 0-1.54065l.665495-.64345c.440539-.42595 1.152899-.42595 1.593439 0l9.41066 9.27114 9.4107-9.26207c.4405-.42595 1.1529-.42595 1.5934 0l.6655.64345c.4405.42594.4405 1.1147 0 1.54065l-10.8729 10.67587c-.4405.4168-1.1529.4168-1.5934-.0091z\"\/>\n\t\t\t\t\t\n\t\t\t\t\t\t<\/svg>\n\t\t\t\t\t<\/button>\n\t\t\t\t<\/h2>\n\t\t\t\t<div class=\"c-accordion__body l-stack u-font-body\">\n\t\t\t\t\t<div class=\"c-accordion__body__inner u-p-fluid-md-xl l-stack\">\n\t\t\t\t\t\t<p>Nej, du beh\u00f6ver inga f\u00f6rkunskaper inom den profilen du s\u00f6ker, bara ett intresse. Vi l\u00e4r dig resten!<\/p>\n\n\t\t\t\t\t<\/div>\n\t\t\t\t<\/div>\n\t\t\t<\/li>\n\t\t\n\t\t\t\t\t\t\t\t\t\t\t\t\t\t\t\n\t\t\t\n\t\t\t<li data-ajax-id=\"2913\" class=\"c-accordion__item \"\n\t\t\tdata-filter=\"vanliga-fragor oktober-2023\"\n\t\t\t>\n\t\t\t\t<h2 class=\"c-accordion__header\">\n\t\t\t\t\t\t\t\t\t\t<button class=\"c-accordion__trigger u-py-sm u-px-fluid-md-xl u-font-title-4\">\n\t\t\t\t\t\t<span>F\u00e5r jag h\u00f6gskolebeh\u00f6righet?<\/span>\n\t\t\t\t\t\t<svg class=\"ams-icon ams-icon__arrow-down\" width=\"24\" height=\"24\" viewbox=\"0 0 24 24\" fill=\"currentColor\" aria-hidden=\"true\" xmlns=\"http:\/\/www.w3.org\/2000\/svg\">\n\t\t\t\t\t\t\t\t\t\t\t\t\t<path d=\"m11.2033 18.4294-10.872894-10.67584c-.440539-.42594-.440539-1.1147 0-1.54065l.665495-.64345c.440539-.42595 1.152899-.42595 1.593439 0l9.41066 9.27114 9.4107-9.26207c.4405-.42595 1.1529-.42595 1.5934 0l.6655.64345c.4405.42594.4405 1.1147 0 1.54065l-10.8729 10.67587c-.4405.4168-1.1529.4168-1.5934-.0091z\"\/>\n\t\t\t\t\t\n\t\t\t\t\t\t<\/svg>\n\t\t\t\t\t<\/button>\n\t\t\t\t<\/h2>\n\t\t\t\t<div class=\"c-accordion__body l-stack u-font-body\">\n\t\t\t\t\t<div class=\"c-accordion__body__inner u-p-fluid-md-xl l-stack\">\n\t\t\t\t\t\t<p>Ja! Alla v\u00e5ra utbildningar ger h\u00f6gskolebeh\u00f6righet.<\/p>\n<p>Estetiska programmet ger grundl\u00e4ggande h\u00f6gskolebeh\u00f6righet, du kan dock ut\u00f6ka din beh\u00f6righet genom att l\u00e4gga till exempelvis mer matematik i individuella valen.<\/p>\n<p>Teknikprogrammet ger ut\u00f6kad beh\u00f6righet och f\u00f6rbereder f\u00f6r fler, tekniska h\u00f6gskole- och universitetsutbildningar.<\/p>\n<p>L\u00e4ser du ett yrkesprogram ing\u00e5r grundl\u00e4ggande h\u00f6gskolebeh\u00f6righet. Det kan dock du som vill v\u00e4lja bort.<\/p>\n\n\t\t\t\t\t<\/div>\n\t\t\t\t<\/div>\n\t\t\t<\/li>\n\t\t\n\t\t\t\t\t\t\t\t\t\t\t\t\t\t\t\n\t\t\t\n\t\t\t<li data-ajax-id=\"692\" class=\"c-accordion__item \"\n\t\t\tdata-filter=\"vanliga-fragor oktober-2022\"\n\t\t\t>\n\t\t\t\t<h2 class=\"c-accordion__header\">\n\t\t\t\t\t\t\t\t\t\t<button class=\"c-accordion__trigger u-py-sm u-px-fluid-md-xl u-font-title-4\">\n\t\t\t\t\t\t<span>Hur m\u00e5nga elever g\u00e5r det p\u00e5 skolan?<\/span>\n\t\t\t\t\t\t<svg class=\"ams-icon ams-icon__arrow-down\" width=\"24\" height=\"24\" viewbox=\"0 0 24 24\" fill=\"currentColor\" aria-hidden=\"true\" xmlns=\"http:\/\/www.w3.org\/2000\/svg\">\n\t\t\t\t\t\t\t\t\t\t\t\t\t<path d=\"m11.2033 18.4294-10.872894-10.67584c-.440539-.42594-.440539-1.1147 0-1.54065l.665495-.64345c.440539-.42595 1.152899-.42595 1.593439 0l9.41066 9.27114 9.4107-9.26207c.4405-.42595 1.1529-.42595 1.5934 0l.6655.64345c.4405.42594.4405 1.1147 0 1.54065l-10.8729 10.67587c-.4405.4168-1.1529.4168-1.5934-.0091z\"\/>\n\t\t\t\t\t\n\t\t\t\t\t\t<\/svg>\n\t\t\t\t\t<\/button>\n\t\t\t\t<\/h2>\n\t\t\t\t<div class=\"c-accordion__body l-stack u-font-body\">\n\t\t\t\t\t<div class=\"c-accordion__body__inner u-p-fluid-md-xl l-stack\">\n\t\t\t\t\t\t<p>I dagsl\u00e4get g\u00e5r det ca. 230 elever p\u00e5 skolan.<\/p>\n\n\t\t\t\t\t<\/div>\n\t\t\t\t<\/div>\n\t\t\t<\/li>\n\t\t\t<\/ul>\n\n\t<div class=\"no-results u-mt-0 u-hide\" data-filter-fallback-id=\"ams-faq-list-69ecf3616d2e8\">\n\t<p>Det finns inga resultat som matchar din filtrering.<\/p>\n<\/div>\n\n\t    <div class=\"ams-faq__more u-inline-items js-load-more-btn\">\n        <button href=\"#\"\n                class=\"c-btn\"\n                data-style=\"square\"\n                data-size=\"md\"\n                data-width=\"full-mobile\"\n                data-variant=\"outline\">\n        \tVisa fler fr\u00e5gor och svar\n        <\/button>\n    <\/div>\n\n\n\t\t\n\t\t\t<\/div>\n\n\t\t\n\n<\/section>\n\n\n\n\n<section  class=\"ams-cta ams-cta--stacked c-block l-stacked\" data-color-scheme=\"gray\">\n\t<div class=\"l-container-narrow l-stack l-stack-fluid-2xl u-pt-fluid-3xl-6xl u-pb-fluid-3xl-6xl is-center is-center@md\">\n\t\t\t\t\t<div class=\"ams-cta__intro l-stack l-stack-lg\">\n\t\t\t\t\t\n\t<h2\n\tclass=\"c-heading u-font-title-1 \"\n\tstyle=\"\">\n\t\t\n\t\t\t\t\tFick du inte svar p\u00e5 din fr\u00e5ga?\n\t\t\t\t\n\t<\/h2>\n\n\t\t\t\t\t\t\t<\/div>\n\t\t\n\t\t\n\t\t\t<div class=\"ams-cta__action u-inline-items\">\n\t\t\t\t\t\t\t\n\n\n<a href=\"https:\/\/designgymnasiet.se\/malmo\/kontakt\/\"\n\t\n\tclass=\"c-btn \"\n\tdata-style=\"square\"\n\tdata-size=\"md\"\n\tdata-width=\"full-mobile\"\n\tdata-variant=\"default\"\n\ttarget=\"_self\">\n\t\t\t<span class=\"label\"> Kontakta oss<\/span>\n\t\t\t<\/a>\n\t\t\t<\/div>\n\t<\/div>\n\n\t\t\n\t\t\t\n\t\t\t\t\t\t\t\n\t\t\t\t<div class=\"c-bg c-bg--img\" data-settings=\"{&quot;desktop_settings&quot;:{&quot;size&quot;:&quot;contain&quot;,&quot;position&quot;:&quot;top-left&quot;},&quot;mobile_settings&quot;:{&quot;size&quot;:&quot;contain&quot;,&quot;position&quot;:&quot;top-left&quot;}}\" data-position=\"middle-center\" data-size=\"cover\">\n\t\t\t<picture><source media=\"(min-width: 48em)\" srcset=\"https:\/\/designgymnasiet.se\/wp-content\/uploads\/sites\/10\/2023\/10\/dgwebbscribblestjarnortreplaceringvanstra-ovre-hornetdesktop.svg\" sizes=\"\" \/><source srcset=\"https:\/\/designgymnasiet.se\/wp-content\/uploads\/sites\/10\/2023\/10\/dgwebbscribblestjarnortreplaceringvanstra-ovre-hornetmobil.svg\" sizes=\"\" \/><img decoding=\"async\" src=\"https:\/\/designgymnasiet.se\/wp-content\/uploads\/sites\/10\/2023\/10\/dgwebbscribblestjarnortreplaceringvanstra-ovre-hornetdesktop.svg\" class=\"attachment-hero-lg size-hero-lg\" alt=\"\" sizes=\"\" height=\"237\" width=\"1920\" \/><\/picture>\n\t\t<\/div>\n\t\n<\/section>\n","protected":false},"excerpt":{"rendered":"","protected":false},"author":1,"featured_media":0,"parent":0,"menu_order":0,"comment_status":"closed","ping_status":"closed","template":"archive-faqs.php","meta":{"footnotes":""},"yoast_head":"<!-- This site is optimized with the Yoast SEO plugin v22.0 - https:\/\/yoast.com\/wordpress\/plugins\/seo\/ -->\n<title>Vanliga fr\u00e5gor - Designgymnasiet Malm\u00f6<\/title>\n<meta name=\"description\" content=\"H\u00e4r f\u00e5r du svar p\u00e5 vanligt f\u00f6rekommande fr\u00e5gor om Designgymnasiet i Malm\u00f6.\" \/>\n<meta name=\"robots\" content=\"index, follow, max-snippet:-1, max-image-preview:large, max-video-preview:-1\" \/>\n<link rel=\"canonical\" href=\"https:\/\/designgymnasiet.se\/malmo\/vanliga-fragor\/\" \/>\n<meta property=\"og:locale\" content=\"sv_SE\" \/>\n<meta property=\"og:type\" content=\"article\" \/>\n<meta property=\"og:title\" content=\"Vanliga fr\u00e5gor - Designgymnasiet Malm\u00f6\" \/>\n<meta property=\"og:description\" content=\"H\u00e4r f\u00e5r du svar p\u00e5 vanligt f\u00f6rekommande fr\u00e5gor om Designgymnasiet i Malm\u00f6.\" \/>\n<meta property=\"og:url\" content=\"https:\/\/designgymnasiet.se\/malmo\/vanliga-fragor\/\" \/>\n<meta property=\"og:site_name\" content=\"Malm\u00f6\" \/>\n<meta property=\"article:modified_time\" content=\"2025-01-17T09:53:35+00:00\" \/>\n<meta name=\"twitter:card\" content=\"summary_large_image\" \/>\n<meta name=\"twitter:title\" content=\"Vanliga fr\u00e5gor - Designgymnasiet Malm\u00f6\" \/>\n<meta name=\"twitter:description\" content=\"H\u00e4r f\u00e5r du svar p\u00e5 vanligt f\u00f6rekommande fr\u00e5gor om Designgymnasiet i Malm\u00f6.\" \/>\n<meta name=\"twitter:label1\" content=\"Ber\u00e4knad l\u00e4stid\" \/>\n\t<meta name=\"twitter:data1\" content=\"1 minut\" \/>\n<script type=\"application\/ld+json\" class=\"yoast-schema-graph\">{\"@context\":\"https:\/\/schema.org\",\"@graph\":[{\"@type\":\"WebPage\",\"@id\":\"https:\/\/designgymnasiet.se\/malmo\/vanliga-fragor\/\",\"url\":\"https:\/\/designgymnasiet.se\/malmo\/vanliga-fragor\/\",\"name\":\"Vanliga fr\u00e5gor - Designgymnasiet Malm\u00f6\",\"isPartOf\":{\"@id\":\"https:\/\/designgymnasiet.se\/malmo\/#website\"},\"datePublished\":\"2022-09-14T07:58:32+00:00\",\"dateModified\":\"2025-01-17T09:53:35+00:00\",\"description\":\"H\u00e4r f\u00e5r du svar p\u00e5 vanligt f\u00f6rekommande fr\u00e5gor om Designgymnasiet i Malm\u00f6.\",\"breadcrumb\":{\"@id\":\"https:\/\/designgymnasiet.se\/malmo\/vanliga-fragor\/#breadcrumb\"},\"inLanguage\":\"sv-SE\",\"potentialAction\":[{\"@type\":\"ReadAction\",\"target\":[\"https:\/\/designgymnasiet.se\/malmo\/vanliga-fragor\/\"]}]},{\"@type\":\"BreadcrumbList\",\"@id\":\"https:\/\/designgymnasiet.se\/malmo\/vanliga-fragor\/#breadcrumb\",\"itemListElement\":[{\"@type\":\"ListItem\",\"position\":1,\"name\":\"Start\",\"item\":\"https:\/\/designgymnasiet.se\/malmo\/\"},{\"@type\":\"ListItem\",\"position\":2,\"name\":\"Vanliga fr\u00e5gor\"}]},{\"@type\":\"WebSite\",\"@id\":\"https:\/\/designgymnasiet.se\/malmo\/#website\",\"url\":\"https:\/\/designgymnasiet.se\/malmo\/\",\"name\":\"Malm\u00f6\",\"description\":\"Har du designdr\u00f6mmar?\",\"potentialAction\":[{\"@type\":\"SearchAction\",\"target\":{\"@type\":\"EntryPoint\",\"urlTemplate\":\"https:\/\/designgymnasiet.se\/malmo\/?s={search_term_string}\"},\"query-input\":\"required name=search_term_string\"}],\"inLanguage\":\"sv-SE\"}]}<\/script>\n<!-- \/ Yoast SEO plugin. -->","yoast_head_json":{"title":"Vanliga fr\u00e5gor - Designgymnasiet Malm\u00f6","description":"H\u00e4r f\u00e5r du svar p\u00e5 vanligt f\u00f6rekommande fr\u00e5gor om Designgymnasiet i Malm\u00f6.","robots":{"index":"index","follow":"follow","max-snippet":"max-snippet:-1","max-image-preview":"max-image-preview:large","max-video-preview":"max-video-preview:-1"},"canonical":"https:\/\/designgymnasiet.se\/malmo\/vanliga-fragor\/","og_locale":"sv_SE","og_type":"article","og_title":"Vanliga fr\u00e5gor - Designgymnasiet Malm\u00f6","og_description":"H\u00e4r f\u00e5r du svar p\u00e5 vanligt f\u00f6rekommande fr\u00e5gor om Designgymnasiet i Malm\u00f6.","og_url":"https:\/\/designgymnasiet.se\/malmo\/vanliga-fragor\/","og_site_name":"Malm\u00f6","article_modified_time":"2025-01-17T09:53:35+00:00","twitter_card":"summary_large_image","twitter_title":"Vanliga fr\u00e5gor - Designgymnasiet Malm\u00f6","twitter_description":"H\u00e4r f\u00e5r du svar p\u00e5 vanligt f\u00f6rekommande fr\u00e5gor om Designgymnasiet i Malm\u00f6.","twitter_misc":{"Ber\u00e4knad l\u00e4stid":"1 minut"},"schema":{"@context":"https:\/\/schema.org","@graph":[{"@type":"WebPage","@id":"https:\/\/designgymnasiet.se\/malmo\/vanliga-fragor\/","url":"https:\/\/designgymnasiet.se\/malmo\/vanliga-fragor\/","name":"Vanliga fr\u00e5gor - Designgymnasiet Malm\u00f6","isPartOf":{"@id":"https:\/\/designgymnasiet.se\/malmo\/#website"},"datePublished":"2022-09-14T07:58:32+00:00","dateModified":"2025-01-17T09:53:35+00:00","description":"H\u00e4r f\u00e5r du svar p\u00e5 vanligt f\u00f6rekommande fr\u00e5gor om Designgymnasiet i Malm\u00f6.","breadcrumb":{"@id":"https:\/\/designgymnasiet.se\/malmo\/vanliga-fragor\/#breadcrumb"},"inLanguage":"sv-SE","potentialAction":[{"@type":"ReadAction","target":["https:\/\/designgymnasiet.se\/malmo\/vanliga-fragor\/"]}]},{"@type":"BreadcrumbList","@id":"https:\/\/designgymnasiet.se\/malmo\/vanliga-fragor\/#breadcrumb","itemListElement":[{"@type":"ListItem","position":1,"name":"Start","item":"https:\/\/designgymnasiet.se\/malmo\/"},{"@type":"ListItem","position":2,"name":"Vanliga fr\u00e5gor"}]},{"@type":"WebSite","@id":"https:\/\/designgymnasiet.se\/malmo\/#website","url":"https:\/\/designgymnasiet.se\/malmo\/","name":"Malm\u00f6","description":"Har du designdr\u00f6mmar?","potentialAction":[{"@type":"SearchAction","target":{"@type":"EntryPoint","urlTemplate":"https:\/\/designgymnasiet.se\/malmo\/?s={search_term_string}"},"query-input":"required name=search_term_string"}],"inLanguage":"sv-SE"}]}},"_links":{"self":[{"href":"https:\/\/designgymnasiet.se\/malmo\/wp-json\/wp\/v2\/pages\/396"}],"collection":[{"href":"https:\/\/designgymnasiet.se\/malmo\/wp-json\/wp\/v2\/pages"}],"about":[{"href":"https:\/\/designgymnasiet.se\/malmo\/wp-json\/wp\/v2\/types\/page"}],"author":[{"embeddable":true,"href":"https:\/\/designgymnasiet.se\/malmo\/wp-json\/wp\/v2\/users\/1"}],"replies":[{"embeddable":true,"href":"https:\/\/designgymnasiet.se\/malmo\/wp-json\/wp\/v2\/comments?post=396"}],"version-history":[{"count":10,"href":"https:\/\/designgymnasiet.se\/malmo\/wp-json\/wp\/v2\/pages\/396\/revisions"}],"predecessor-version":[{"id":1974,"href":"https:\/\/designgymnasiet.se\/malmo\/wp-json\/wp\/v2\/pages\/396\/revisions\/1974"}],"wp:attachment":[{"href":"https:\/\/designgymnasiet.se\/malmo\/wp-json\/wp\/v2\/media?parent=396"}],"curies":[{"name":"wp","href":"https:\/\/api.w.org\/{rel}","templated":true}]}}