{"id":869,"date":"2023-08-15T11:00:44","date_gmt":"2023-08-15T09:00:44","guid":{"rendered":"https:\/\/designgymnasiet.se\/kungsholmen\/?page_id=869"},"modified":"2023-10-16T16:07:36","modified_gmt":"2023-10-16T14:07:36","slug":"vart-kvalitetsarbete","status":"publish","type":"page","link":"https:\/\/designgymnasiet.se\/kungsholmen\/vart-kvalitetsarbete\/","title":{"rendered":"V\u00e5rt kvalitetsarbete"},"content":{"rendered":"\n\t<div class=\"module_wrapper ams_remote_pages_module \">\n\t\t\n\n<section  class=\"ams-cta ams-cta--stacked c-block l-stacked\" data-color-scheme=\"white\">\n\t<div class=\"l-container-narrow l-stack l-stack-fluid-2xl u-pt-fluid-3xl-6xl u-pb-fluid-3xl-6xl is-center is-center@md\">\n\t\t\t\t\t<div class=\"ams-cta__intro l-stack l-stack-lg\">\n\t\t\t\t\t\n\t<h1\n\tclass=\"c-heading u-font-large \"\n\tstyle=\"\">\n\t\t\n\t\t\t\t\tOm v\u00e5rt kvalitetsarbete\n\t\t\t\t\n\t<\/h1>\n\n\t\t\t\t\t\t\t\t\t<div class=\"c-text l-stack u-cs-xl u-font-body\">\n\t\t\t\t\t\t<p><span data-sheets-value=\"{&quot;1&quot;:2,&quot;2&quot;:&quot;F\u00f6r oss \u00e4r det viktigt med en arbetsmilj\u00f6 som tydligt pr\u00e4glas av skolans v\u00e4rdegrund. Vi vill vara en skola d\u00e4r eleverna trivs och m\u00e5r bra och d\u00e4rmed g\u00f6r goda resultat i skolan. Vi str\u00e4var d\u00e4rf\u00f6r st\u00e4ndigt efter att skapa sammanh\u00e5llning \u2013 i klasser, mellan \u00e5rskurser och program samt i personalgruppen.\\n&quot;}\" data-sheets-userformat=\"{&quot;2&quot;:5033,&quot;3&quot;:{&quot;1&quot;:0},&quot;6&quot;:{&quot;1&quot;:[{&quot;1&quot;:2,&quot;2&quot;:0,&quot;5&quot;:{&quot;1&quot;:2,&quot;2&quot;:0}},{&quot;1&quot;:0,&quot;2&quot;:0,&quot;3&quot;:3},{&quot;1&quot;:1,&quot;2&quot;:0,&quot;4&quot;:1}]},&quot;8&quot;:{&quot;1&quot;:[{&quot;1&quot;:2,&quot;2&quot;:0,&quot;5&quot;:{&quot;1&quot;:2,&quot;2&quot;:0}},{&quot;1&quot;:0,&quot;2&quot;:0,&quot;3&quot;:3},{&quot;1&quot;:1,&quot;2&quot;:0,&quot;4&quot;:1}]},&quot;10&quot;:0,&quot;11&quot;:4,&quot;12&quot;:0,&quot;15&quot;:&quot;Helvetica Neue&quot;}\">F\u00f6r oss \u00e4r det viktigt med en arbetsmilj\u00f6 som tydligt pr\u00e4glas av skolans v\u00e4rdegrund. Vi vill vara en skola d\u00e4r eleverna trivs och m\u00e5r bra och d\u00e4rmed g\u00f6r goda resultat i skolan. Vi str\u00e4var d\u00e4rf\u00f6r st\u00e4ndigt efter att skapa sammanh\u00e5llning \u2013 i klasser, mellan \u00e5rskurser och program samt i personalgruppen.<br \/>\n<\/span><\/p>\n\n\t\t\t\t\t<\/div>\n\t\t\t\t\t\t\t<\/div>\n\t\t\n\t\t\n\t\t\t<\/div>\n\n\t\t\n\n<\/section>\n\n\t\n\t\n\t\n\n\t\n\t\n\t\t\n<section  class=\"c-block l-stacked  \" data-color-scheme=\"gray\">\n\t<div class=\"ams-fifty ams-fifty--container ams-fifty--right ams-fifty--top l-container u-pt-fluid-3xl-6xl u-pb-fluid-3xl-6xl\">\n\t\t<div class=\"ams-fifty__content l-stack l-stack-xl is-left is-left@lg\">\n\t\t\t<div class=\"ams-fifty__text l-stack l-stack-lg\">\n\t\t\t\t\t\n\t<h2\n\tclass=\"c-heading u-font-title-1 \"\n\tstyle=\"\">\n\t\t\n\t\t\t\t\tTrygghet och kvalitet\n\t\t\t\t\n\t<\/h2>\n\n\t\t\t\t\t\t\t\t\t<div class=\"text l-stack u-font-body\">\n\t\t\t\t\t\t<p><span data-sheets-value=\"{&quot;1&quot;:2,&quot;2&quot;:&quot;Det pedagogiska arbetet ska bygga p\u00e5 goda relationer och en \u00f6ppen kommunikation. F\u00f6r att f\u00e5 eleverna att lyckas och n\u00e5 framg\u00e5ng som studenter, m\u00e4nniskor och i sin yrkesprofession \u00e4r det viktigt att k\u00e4nna en tillh\u00f6righet och en trygghet i gruppen. N\u00e4r vi n\u00e5r denna trygghet \u00e4r det l\u00e4ttare att finna den motivation som kr\u00e4vs f\u00f6r ett positivt l\u00e4rande och kunskapsutveckling. Elever som m\u00e5r bra och trivs behandlar varandra och andra m\u00e4nniskor v\u00e4l.\\n\\nVi ska ha ett tilltal som pr\u00e4glas av gemenskap och v\u00e4rme samt ett respektfullt f\u00f6rh\u00e5llningss\u00e4tt gentemot varandra. Tillsammans ska vi skapa en milj\u00f6 d\u00e4r alla blir sedda, respekterade och uppskattade f\u00f6r den som var och en \u00e4r. Vi ska arbeta aktivt f\u00f6r att fr\u00e4mja allas lika v\u00e4rde, villkor och m\u00f6jligheter.\\nAlla ska ha lika r\u00e4tt till en trygg och kreativ studie- och arbetsmilj\u00f6.&quot;}\" data-sheets-userformat=\"{&quot;2&quot;:5025,&quot;3&quot;:{&quot;1&quot;:0},&quot;8&quot;:{&quot;1&quot;:[{&quot;1&quot;:2,&quot;2&quot;:0,&quot;5&quot;:{&quot;1&quot;:2,&quot;2&quot;:0}},{&quot;1&quot;:0,&quot;2&quot;:0,&quot;3&quot;:3},{&quot;1&quot;:1,&quot;2&quot;:0,&quot;4&quot;:1}]},&quot;10&quot;:0,&quot;11&quot;:4,&quot;12&quot;:0,&quot;15&quot;:&quot;Helvetica Neue&quot;}\">Det pedagogiska arbetet ska bygga p\u00e5 goda relationer och en \u00f6ppen kommunikation. F\u00f6r att f\u00e5 eleverna att lyckas och n\u00e5 framg\u00e5ng som studenter, m\u00e4nniskor och i sin yrkesprofession \u00e4r det viktigt att k\u00e4nna en tillh\u00f6righet och en trygghet i gruppen. N\u00e4r vi n\u00e5r denna trygghet \u00e4r det l\u00e4ttare att finna den motivation som kr\u00e4vs f\u00f6r ett positivt l\u00e4rande och kunskapsutveckling. Elever som m\u00e5r bra och trivs behandlar varandra och andra m\u00e4nniskor v\u00e4l.<\/span><\/p>\n<p>Vi ska ha ett tilltal som pr\u00e4glas av gemenskap och v\u00e4rme samt ett respektfullt f\u00f6rh\u00e5llningss\u00e4tt gentemot varandra. Tillsammans ska vi skapa en milj\u00f6 d\u00e4r alla blir sedda, respekterade och uppskattade f\u00f6r den som var och en \u00e4r. Vi ska arbeta aktivt f\u00f6r att fr\u00e4mja allas lika v\u00e4rde, villkor och m\u00f6jligheter. Alla ska ha lika r\u00e4tt till en trygg och kreativ studie- och arbetsmilj\u00f6.<\/p>\n\n\t\t\t\t\t<\/div>\n\t\t\t\t\t\t\t<\/div>\n\n\t\t\t\t\t<\/div>\n\n\t\t <div class=\"ams-fifty__media u-ratio-square\">\n\t\t \t\t\t\t\t<img decoding=\"async\" width=\"600\" height=\"749\" src=\"https:\/\/designgymnasiet.se\/wp-content\/uploads\/2023\/09\/kvalitet-pa-designgymnasiet-202304-e1696596506687-600x749.jpg\" class=\"attachment-md size-md\" alt=\"Elever arbetar p\u00e5 dator och en l\u00e4rare st\u00e5r bredvid.\" sizes=\"(min-width: 64em) 600px, calc(100vw - 160px)\" srcset=\"https:\/\/designgymnasiet.se\/wp-content\/uploads\/2023\/09\/kvalitet-pa-designgymnasiet-202304-e1696596506687-600x749.jpg 600w, https:\/\/designgymnasiet.se\/wp-content\/uploads\/2023\/09\/kvalitet-pa-designgymnasiet-202304-e1696596506687-300x375.jpg 300w, https:\/\/designgymnasiet.se\/wp-content\/uploads\/2023\/09\/kvalitet-pa-designgymnasiet-202304-e1696596506687-400x499.jpg 400w, https:\/\/designgymnasiet.se\/wp-content\/uploads\/2023\/09\/kvalitet-pa-designgymnasiet-202304-e1696596506687-800x999.jpg 800w, https:\/\/designgymnasiet.se\/wp-content\/uploads\/2023\/09\/kvalitet-pa-designgymnasiet-202304-e1696596506687-1024x1278.jpg 1024w, https:\/\/designgymnasiet.se\/wp-content\/uploads\/2023\/09\/kvalitet-pa-designgymnasiet-202304-e1696596506687-1200x1498.jpg 1200w, https:\/\/designgymnasiet.se\/wp-content\/uploads\/2023\/09\/kvalitet-pa-designgymnasiet-202304-e1696596506687.jpg 1365w\" \/>\n\t\t\t\n\t\t\t\n\t\t\t\t\t<\/div>\n\t<\/div>\n\n\t\t\n\n<\/section>\n\t<\/div>\n\n\t\n\n\n\n<section  class=\"ams-info-card c-block l-stacked\" data-color-scheme=\"cards-white\">\n\t<div class=\"l-container l-stack l-stack-fluid-2xl u-pt-fluid-3xl-6xl u-pb-fluid-3xl-6xl is-center is-center@md\">\n\t\t\t\t\t<div class=\"ams-info-card__intro l-stack l-stack-lg\">\n\t\t\t\t\t\n\t<h2\n\tclass=\"c-heading u-font-title-1 \"\n\tstyle=\"\">\n\t\t\n\t\t\t\t\tVill du veta mer om v\u00e5rt kvalitetsarbete?\n\t\t\t\t\n\t<\/h2>\n\n\t\t\t\t\t\t\t<\/div>\n\t\t\n\t\t\t\t\t\n<ul class=\"ams-info-card__list l-grid u-gap-2xl\">\n\t\t\t<li class=\"l-col-6@md l-col-4@lg\">\n\t\t\t<article\n\t\t\t\tclass=\"\n\t\t\t\tc-card\n\t\t\t\t\n\t\t\t\thas-media-zoom\n\t\t\t\t\n\t\t\t\t\"\n\t\t\t\tdata-variant=\"space\"\n\t\t\t\tdata-style=\"square\"\n\t\t\t\t data-click-area\n\t\t\t\t\n\t\t\t\t\n\t\t\t\t>\n\t\t\t\t<div class=\"c-card__content l-stack l-stack-sm is-left is-left@md\">\n\t\t\t\t\t\t\t\t\t\t\t<h3 class=\"c-card__title u-font-title-3\">\n\t\t\t\t\t\t\t\t\t\t\t\t\t\t\t<a class=\"c-card__link\" href=\"https:\/\/designgymnasiet.se\/kungsholmen\/kontakt\/\" target=\"_self\">\n\t\t\t\t\t\t\t\t\tKontakta oss\n\t\t\t\t\t\t\t\t<\/a>\n\t\t\t\t\t\t\t\t\t\t\t\t\t<\/h3>\n\t\t\t\t\t\n\t\t\t\t\t\t\t\t\t\t\t<div class=\"c-card__text l-stack-xs u-font-body\">\n\t\t\t\t\t\t\t<p><span data-sheets-value=\"{&quot;1&quot;:2,&quot;2&quot;:&quot;Har du fr\u00e5gor om v\u00e5rt kvalitetsarbete \u00e4r du v\u00e4lkommen att kontakta oss h\u00e4r.&quot;}\" data-sheets-userformat=\"{&quot;2&quot;:4995,&quot;3&quot;:{&quot;1&quot;:0},&quot;4&quot;:{&quot;1&quot;:2,&quot;2&quot;:15789035},&quot;10&quot;:0,&quot;11&quot;:4,&quot;12&quot;:0,&quot;15&quot;:&quot;Helvetica Neue&quot;}\">Har du fr\u00e5gor eller funderingar om v\u00e5rt kvalitetsarbete \u00e4r du v\u00e4lkommen att kontakta oss h\u00e4r.<\/span><\/p>\n\n\t\t\t\t\t\t<\/div>\n\t\t\t\t\t\n\t\t\t\t\t\t\t\t\t\t\t<div class=\"c-card__icon c-card__icon--nl\">\n\t\t\t\t\t\t\t\t\t\t\t\t\t\t<svg class=\"ams-icon ams-icon--arrow-right\" width=\"32\" height=\"32\" viewbox=\"0 0 32 32\" fill=\"currentColor\" aria-hidden=\"true\" xmlns=\"http:\/\/www.w3.org\/2000\/svg\">\n\t\t\t\t\t\t\t\t\t\t\t\t\t\t\t\t<path d=\"M15.4617 0.252159L14.9567 0.75931C14.6219 1.09545 14.6219 1.64048 14.9567 1.97669L27.7062 14.7806H0.857144C0.383786 14.7806 0 15.166 0 15.6414V16.3587C0 16.8341 0.383786 17.2195 0.857144 17.2195H27.7062L14.9567 30.0234C14.6219 30.3595 14.6219 30.9045 14.9567 31.2407L15.4617 31.7479C15.7964 32.084 16.3392 32.084 16.6739 31.7479L31.749 16.6087C32.0837 16.2725 32.0837 15.7275 31.749 15.3913L16.6739 0.252159C16.3392 -0.084053 15.7964 -0.084053 15.4617 0.252159Z\"\/>\n\t\t\t\t\t\t\t\n\t\t\t\t\t\t\t<\/svg>\n\t\t\t\t\t\t<\/div>\n\t\t\t\t\t\t\t\t\t<\/div>\n\n\t\t\t\t\t\t\t\t\t<div class=\"c-card__media \" style=\" \">\n\t\t\t\t\t\t<img decoding=\"async\" width=\"400\" height=\"267\" src=\"https:\/\/designgymnasiet.se\/wp-content\/uploads\/2023\/09\/kvalitet-202304-400x267.jpg\" class=\"\" alt=\"L\u00e4rare pratar med elev i verkstad.\" sizes=\"(min-width: 64em) 300px, (min-width: 48em) calc(.50 * (100vw - 304px)), calc(100vw - 208px)\" srcset=\"https:\/\/designgymnasiet.se\/wp-content\/uploads\/2023\/09\/kvalitet-202304-400x267.jpg 400w, https:\/\/designgymnasiet.se\/wp-content\/uploads\/2023\/09\/kvalitet-202304-300x200.jpg 300w, https:\/\/designgymnasiet.se\/wp-content\/uploads\/2023\/09\/kvalitet-202304-600x400.jpg 600w, https:\/\/designgymnasiet.se\/wp-content\/uploads\/2023\/09\/kvalitet-202304-800x533.jpg 800w, https:\/\/designgymnasiet.se\/wp-content\/uploads\/2023\/09\/kvalitet-202304-1024x683.jpg 1024w, https:\/\/designgymnasiet.se\/wp-content\/uploads\/2023\/09\/kvalitet-202304-1200x800.jpg 1200w, https:\/\/designgymnasiet.se\/wp-content\/uploads\/2023\/09\/kvalitet-202304.jpg 2048w\" \/>\n\t\t\t\t\t<\/div>\n\t\t\t\t\t\t\t<\/article>\n\t\t<\/li>\n\t\t\t<li class=\"l-col-6@md l-col-4@lg\">\n\t\t\t<article\n\t\t\t\tclass=\"\n\t\t\t\tc-card\n\t\t\t\t\n\t\t\t\thas-media-zoom\n\t\t\t\t\n\t\t\t\t\"\n\t\t\t\tdata-variant=\"space\"\n\t\t\t\tdata-style=\"square\"\n\t\t\t\t data-click-area\n\t\t\t\t\n\t\t\t\t\n\t\t\t\t>\n\t\t\t\t<div class=\"c-card__content l-stack l-stack-sm is-left is-left@md\">\n\t\t\t\t\t\t\t\t\t\t\t<h3 class=\"c-card__title u-font-title-3\">\n\t\t\t\t\t\t\t\t\t\t\t\t\t\t\t<a class=\"c-card__link\" href=\"https:\/\/designgymnasiet.se\/kungsholmen\/vart-kvalitetsarbete\/vara-kvalitetsresultat\/\" target=\"_self\">\n\t\t\t\t\t\t\t\t\tV\u00e5ra kvalitetsresultat\n\t\t\t\t\t\t\t\t<\/a>\n\t\t\t\t\t\t\t\t\t\t\t\t\t<\/h3>\n\t\t\t\t\t\n\t\t\t\t\t\t\t\t\t\t\t<div class=\"c-card__text l-stack-xs u-font-body\">\n\t\t\t\t\t\t\t<p><span data-sheets-value=\"{&quot;1&quot;:2,&quot;2&quot;:&quot;Vi f\u00f6ljer systematiskt upp v\u00e5r verksamhet genom olika kvalitetsaspekter. H\u00e4r kan du l\u00e4sa v\u00e5ra kvalitetsrapporter.&quot;}\" data-sheets-userformat=\"{&quot;2&quot;:4995,&quot;3&quot;:{&quot;1&quot;:0},&quot;4&quot;:{&quot;1&quot;:2,&quot;2&quot;:15789035},&quot;10&quot;:0,&quot;11&quot;:4,&quot;12&quot;:0,&quot;15&quot;:&quot;Helvetica Neue&quot;}\">Vi f\u00f6ljer systematiskt upp v\u00e5r verksamhet genom olika kvalitetsaspekter. H\u00e4r kan du l\u00e4sa v\u00e5ra kvalitetsrapporter.<\/span><\/p>\n\n\t\t\t\t\t\t<\/div>\n\t\t\t\t\t\n\t\t\t\t\t\t\t\t\t\t\t<div class=\"c-card__icon c-card__icon--nl\">\n\t\t\t\t\t\t\t\t\t\t\t\t\t\t<svg class=\"ams-icon ams-icon--arrow-right\" width=\"32\" height=\"32\" viewbox=\"0 0 32 32\" fill=\"currentColor\" aria-hidden=\"true\" xmlns=\"http:\/\/www.w3.org\/2000\/svg\">\n\t\t\t\t\t\t\t\t\t\t\t\t\t\t\t\t<path d=\"M15.4617 0.252159L14.9567 0.75931C14.6219 1.09545 14.6219 1.64048 14.9567 1.97669L27.7062 14.7806H0.857144C0.383786 14.7806 0 15.166 0 15.6414V16.3587C0 16.8341 0.383786 17.2195 0.857144 17.2195H27.7062L14.9567 30.0234C14.6219 30.3595 14.6219 30.9045 14.9567 31.2407L15.4617 31.7479C15.7964 32.084 16.3392 32.084 16.6739 31.7479L31.749 16.6087C32.0837 16.2725 32.0837 15.7275 31.749 15.3913L16.6739 0.252159C16.3392 -0.084053 15.7964 -0.084053 15.4617 0.252159Z\"\/>\n\t\t\t\t\t\t\t\n\t\t\t\t\t\t\t<\/svg>\n\t\t\t\t\t\t<\/div>\n\t\t\t\t\t\t\t\t\t<\/div>\n\n\t\t\t\t\t\t\t\t\t<div class=\"c-card__media \" style=\" \">\n\t\t\t\t\t\t<img decoding=\"async\" width=\"400\" height=\"267\" src=\"https:\/\/designgymnasiet.se\/wp-content\/uploads\/2023\/09\/kvalitetsarbete-202304-400x267.jpg\" class=\"\" alt=\"Elev slipar p\u00e5 tr\u00e4pall i en verkstad.\" sizes=\"(min-width: 64em) 300px, (min-width: 48em) calc(.50 * (100vw - 304px)), calc(100vw - 208px)\" srcset=\"https:\/\/designgymnasiet.se\/wp-content\/uploads\/2023\/09\/kvalitetsarbete-202304-400x267.jpg 400w, https:\/\/designgymnasiet.se\/wp-content\/uploads\/2023\/09\/kvalitetsarbete-202304-300x200.jpg 300w, https:\/\/designgymnasiet.se\/wp-content\/uploads\/2023\/09\/kvalitetsarbete-202304-600x400.jpg 600w, https:\/\/designgymnasiet.se\/wp-content\/uploads\/2023\/09\/kvalitetsarbete-202304-800x533.jpg 800w, https:\/\/designgymnasiet.se\/wp-content\/uploads\/2023\/09\/kvalitetsarbete-202304-1024x683.jpg 1024w, https:\/\/designgymnasiet.se\/wp-content\/uploads\/2023\/09\/kvalitetsarbete-202304-1200x800.jpg 1200w, https:\/\/designgymnasiet.se\/wp-content\/uploads\/2023\/09\/kvalitetsarbete-202304.jpg 2048w\" \/>\n\t\t\t\t\t<\/div>\n\t\t\t\t\t\t\t<\/article>\n\t\t<\/li>\n\t\t\t<li class=\"l-col-6@md l-col-4@lg\">\n\t\t\t<article\n\t\t\t\tclass=\"\n\t\t\t\tc-card\n\t\t\t\t\n\t\t\t\thas-media-zoom\n\t\t\t\t\n\t\t\t\t\"\n\t\t\t\tdata-variant=\"space\"\n\t\t\t\tdata-style=\"square\"\n\t\t\t\t data-click-area\n\t\t\t\t\n\t\t\t\t\n\t\t\t\t>\n\t\t\t\t<div class=\"c-card__content l-stack l-stack-sm is-left is-left@md\">\n\t\t\t\t\t\t\t\t\t\t\t<h3 class=\"c-card__title u-font-title-3\">\n\t\t\t\t\t\t\t\t\t\t\t\t\t\t\t<a class=\"c-card__link\" href=\"https:\/\/designgymnasiet.se\/kungsholmen\/vart-kvalitetsarbete\/synpunkter-pa-verksamheten\/\" target=\"_self\">\n\t\t\t\t\t\t\t\t\tSynpunkter p\u00e5 verksamheten\n\t\t\t\t\t\t\t\t<\/a>\n\t\t\t\t\t\t\t\t\t\t\t\t\t<\/h3>\n\t\t\t\t\t\n\t\t\t\t\t\t\t\t\t\t\t<div class=\"c-card__text l-stack-xs u-font-body\">\n\t\t\t\t\t\t\t<p><span data-sheets-value=\"{&quot;1&quot;:2,&quot;2&quot;:&quot;Vi vill st\u00e4ndigt utveckla v\u00e5r verksamhet. D\u00e4rf\u00f6r har vi en funktion d\u00e4r kan du l\u00e4mna dina synpunkter.&quot;}\" data-sheets-userformat=\"{&quot;2&quot;:4995,&quot;3&quot;:{&quot;1&quot;:0},&quot;4&quot;:{&quot;1&quot;:2,&quot;2&quot;:15789035},&quot;10&quot;:0,&quot;11&quot;:4,&quot;12&quot;:0,&quot;15&quot;:&quot;Helvetica Neue&quot;}\">Vi vill st\u00e4ndigt utveckla v\u00e5r verksamhet. D\u00e4rf\u00f6r har vi en funktion d\u00e4r kan du l\u00e4mna dina synpunkter.<\/span><\/p>\n\n\t\t\t\t\t\t<\/div>\n\t\t\t\t\t\n\t\t\t\t\t\t\t\t\t\t\t<div class=\"c-card__icon c-card__icon--nl\">\n\t\t\t\t\t\t\t\t\t\t\t\t\t\t<svg class=\"ams-icon ams-icon--arrow-right\" width=\"32\" height=\"32\" viewbox=\"0 0 32 32\" fill=\"currentColor\" aria-hidden=\"true\" xmlns=\"http:\/\/www.w3.org\/2000\/svg\">\n\t\t\t\t\t\t\t\t\t\t\t\t\t\t\t\t<path d=\"M15.4617 0.252159L14.9567 0.75931C14.6219 1.09545 14.6219 1.64048 14.9567 1.97669L27.7062 14.7806H0.857144C0.383786 14.7806 0 15.166 0 15.6414V16.3587C0 16.8341 0.383786 17.2195 0.857144 17.2195H27.7062L14.9567 30.0234C14.6219 30.3595 14.6219 30.9045 14.9567 31.2407L15.4617 31.7479C15.7964 32.084 16.3392 32.084 16.6739 31.7479L31.749 16.6087C32.0837 16.2725 32.0837 15.7275 31.749 15.3913L16.6739 0.252159C16.3392 -0.084053 15.7964 -0.084053 15.4617 0.252159Z\"\/>\n\t\t\t\t\t\t\t\n\t\t\t\t\t\t\t<\/svg>\n\t\t\t\t\t\t<\/div>\n\t\t\t\t\t\t\t\t\t<\/div>\n\n\t\t\t\t\t\t\t\t\t<div class=\"c-card__media \" style=\" \">\n\t\t\t\t\t\t<img decoding=\"async\" width=\"400\" height=\"267\" src=\"https:\/\/designgymnasiet.se\/wp-content\/uploads\/2023\/09\/kvalitetsarbetet-202304-400x267.jpg\" class=\"\" alt=\"Tv\u00e5 elever sitter med varsin dator i ett klassrum.\" sizes=\"(min-width: 64em) 300px, (min-width: 48em) calc(.50 * (100vw - 304px)), calc(100vw - 208px)\" srcset=\"https:\/\/designgymnasiet.se\/wp-content\/uploads\/2023\/09\/kvalitetsarbetet-202304-400x267.jpg 400w, https:\/\/designgymnasiet.se\/wp-content\/uploads\/2023\/09\/kvalitetsarbetet-202304-300x200.jpg 300w, https:\/\/designgymnasiet.se\/wp-content\/uploads\/2023\/09\/kvalitetsarbetet-202304-600x400.jpg 600w, https:\/\/designgymnasiet.se\/wp-content\/uploads\/2023\/09\/kvalitetsarbetet-202304-800x533.jpg 800w, https:\/\/designgymnasiet.se\/wp-content\/uploads\/2023\/09\/kvalitetsarbetet-202304-1024x683.jpg 1024w, https:\/\/designgymnasiet.se\/wp-content\/uploads\/2023\/09\/kvalitetsarbetet-202304-1200x800.jpg 1200w, https:\/\/designgymnasiet.se\/wp-content\/uploads\/2023\/09\/kvalitetsarbetet-202304.jpg 2048w\" \/>\n\t\t\t\t\t<\/div>\n\t\t\t\t\t\t\t<\/article>\n\t\t<\/li>\n\t<\/ul>\n\t\n\t\t\t<\/div>\n\n\t\t\n\n<\/section>\n","protected":false},"excerpt":{"rendered":"","protected":false},"author":1,"featured_media":0,"parent":0,"menu_order":0,"comment_status":"closed","ping_status":"closed","template":"","meta":{"footnotes":""},"yoast_head":"<!-- This site is optimized with the Yoast SEO plugin v22.0 - https:\/\/yoast.com\/wordpress\/plugins\/seo\/ -->\n<title>V\u00e5rt kvalitetsarbete - Designgymnasiet Kungsholmen<\/title>\n<meta name=\"description\" content=\"F\u00f6r oss \u00e4r det viktigt med en arbetsmilj\u00f6 som tydligt pr\u00e4glas av skolans v\u00e4rdegrund. Vi vill vara en skola d\u00e4r eleverna trivs och m\u00e5r bra.\" \/>\n<meta name=\"robots\" content=\"index, follow, max-snippet:-1, max-image-preview:large, max-video-preview:-1\" \/>\n<link rel=\"canonical\" href=\"https:\/\/designgymnasiet.se\/kungsholmen\/vart-kvalitetsarbete\/\" \/>\n<meta property=\"og:locale\" content=\"sv_SE\" \/>\n<meta property=\"og:type\" content=\"article\" \/>\n<meta property=\"og:title\" content=\"V\u00e5rt kvalitetsarbete - Designgymnasiet Kungsholmen\" \/>\n<meta property=\"og:description\" content=\"F\u00f6r oss \u00e4r det viktigt med en arbetsmilj\u00f6 som tydligt pr\u00e4glas av skolans v\u00e4rdegrund. Vi vill vara en skola d\u00e4r eleverna trivs och m\u00e5r bra.\" \/>\n<meta property=\"og:url\" content=\"https:\/\/designgymnasiet.se\/kungsholmen\/vart-kvalitetsarbete\/\" \/>\n<meta property=\"og:site_name\" content=\"Kungsholmen\" \/>\n<meta property=\"article:modified_time\" content=\"2023-10-16T14:07:36+00:00\" \/>\n<meta name=\"twitter:card\" content=\"summary_large_image\" \/>\n<meta name=\"twitter:title\" content=\"V\u00e5rt kvalitetsarbete - Designgymnasiet Kungsholmen\" \/>\n<meta name=\"twitter:description\" content=\"F\u00f6r oss \u00e4r det viktigt med en arbetsmilj\u00f6 som tydligt pr\u00e4glas av skolans v\u00e4rdegrund. Vi vill vara en skola d\u00e4r eleverna trivs och m\u00e5r bra.\" \/>\n<script type=\"application\/ld+json\" class=\"yoast-schema-graph\">{\"@context\":\"https:\/\/schema.org\",\"@graph\":[{\"@type\":\"WebPage\",\"@id\":\"https:\/\/designgymnasiet.se\/kungsholmen\/vart-kvalitetsarbete\/\",\"url\":\"https:\/\/designgymnasiet.se\/kungsholmen\/vart-kvalitetsarbete\/\",\"name\":\"V\u00e5rt kvalitetsarbete - Designgymnasiet Kungsholmen\",\"isPartOf\":{\"@id\":\"https:\/\/designgymnasiet.se\/kungsholmen\/#website\"},\"datePublished\":\"2023-08-15T09:00:44+00:00\",\"dateModified\":\"2023-10-16T14:07:36+00:00\",\"description\":\"F\u00f6r oss \u00e4r det viktigt med en arbetsmilj\u00f6 som tydligt pr\u00e4glas av skolans v\u00e4rdegrund. Vi vill vara en skola d\u00e4r eleverna trivs och m\u00e5r bra.\",\"breadcrumb\":{\"@id\":\"https:\/\/designgymnasiet.se\/kungsholmen\/vart-kvalitetsarbete\/#breadcrumb\"},\"inLanguage\":\"sv-SE\",\"potentialAction\":[{\"@type\":\"ReadAction\",\"target\":[\"https:\/\/designgymnasiet.se\/kungsholmen\/vart-kvalitetsarbete\/\"]}]},{\"@type\":\"BreadcrumbList\",\"@id\":\"https:\/\/designgymnasiet.se\/kungsholmen\/vart-kvalitetsarbete\/#breadcrumb\",\"itemListElement\":[{\"@type\":\"ListItem\",\"position\":1,\"name\":\"Start\",\"item\":\"https:\/\/designgymnasiet.se\/kungsholmen\/\"},{\"@type\":\"ListItem\",\"position\":2,\"name\":\"V\u00e5rt kvalitetsarbete\"}]},{\"@type\":\"WebSite\",\"@id\":\"https:\/\/designgymnasiet.se\/kungsholmen\/#website\",\"url\":\"https:\/\/designgymnasiet.se\/kungsholmen\/\",\"name\":\"Kungsholmen\",\"description\":\"Har du designdr\u00f6mmar?\",\"potentialAction\":[{\"@type\":\"SearchAction\",\"target\":{\"@type\":\"EntryPoint\",\"urlTemplate\":\"https:\/\/designgymnasiet.se\/kungsholmen\/?s={search_term_string}\"},\"query-input\":\"required name=search_term_string\"}],\"inLanguage\":\"sv-SE\"}]}<\/script>\n<!-- \/ Yoast SEO plugin. -->","yoast_head_json":{"title":"V\u00e5rt kvalitetsarbete - Designgymnasiet Kungsholmen","description":"F\u00f6r oss \u00e4r det viktigt med en arbetsmilj\u00f6 som tydligt pr\u00e4glas av skolans v\u00e4rdegrund. Vi vill vara en skola d\u00e4r eleverna trivs och m\u00e5r bra.","robots":{"index":"index","follow":"follow","max-snippet":"max-snippet:-1","max-image-preview":"max-image-preview:large","max-video-preview":"max-video-preview:-1"},"canonical":"https:\/\/designgymnasiet.se\/kungsholmen\/vart-kvalitetsarbete\/","og_locale":"sv_SE","og_type":"article","og_title":"V\u00e5rt kvalitetsarbete - Designgymnasiet Kungsholmen","og_description":"F\u00f6r oss \u00e4r det viktigt med en arbetsmilj\u00f6 som tydligt pr\u00e4glas av skolans v\u00e4rdegrund. Vi vill vara en skola d\u00e4r eleverna trivs och m\u00e5r bra.","og_url":"https:\/\/designgymnasiet.se\/kungsholmen\/vart-kvalitetsarbete\/","og_site_name":"Kungsholmen","article_modified_time":"2023-10-16T14:07:36+00:00","twitter_card":"summary_large_image","twitter_title":"V\u00e5rt kvalitetsarbete - Designgymnasiet Kungsholmen","twitter_description":"F\u00f6r oss \u00e4r det viktigt med en arbetsmilj\u00f6 som tydligt pr\u00e4glas av skolans v\u00e4rdegrund. Vi vill vara en skola d\u00e4r eleverna trivs och m\u00e5r bra.","schema":{"@context":"https:\/\/schema.org","@graph":[{"@type":"WebPage","@id":"https:\/\/designgymnasiet.se\/kungsholmen\/vart-kvalitetsarbete\/","url":"https:\/\/designgymnasiet.se\/kungsholmen\/vart-kvalitetsarbete\/","name":"V\u00e5rt kvalitetsarbete - Designgymnasiet Kungsholmen","isPartOf":{"@id":"https:\/\/designgymnasiet.se\/kungsholmen\/#website"},"datePublished":"2023-08-15T09:00:44+00:00","dateModified":"2023-10-16T14:07:36+00:00","description":"F\u00f6r oss \u00e4r det viktigt med en arbetsmilj\u00f6 som tydligt pr\u00e4glas av skolans v\u00e4rdegrund. Vi vill vara en skola d\u00e4r eleverna trivs och m\u00e5r bra.","breadcrumb":{"@id":"https:\/\/designgymnasiet.se\/kungsholmen\/vart-kvalitetsarbete\/#breadcrumb"},"inLanguage":"sv-SE","potentialAction":[{"@type":"ReadAction","target":["https:\/\/designgymnasiet.se\/kungsholmen\/vart-kvalitetsarbete\/"]}]},{"@type":"BreadcrumbList","@id":"https:\/\/designgymnasiet.se\/kungsholmen\/vart-kvalitetsarbete\/#breadcrumb","itemListElement":[{"@type":"ListItem","position":1,"name":"Start","item":"https:\/\/designgymnasiet.se\/kungsholmen\/"},{"@type":"ListItem","position":2,"name":"V\u00e5rt kvalitetsarbete"}]},{"@type":"WebSite","@id":"https:\/\/designgymnasiet.se\/kungsholmen\/#website","url":"https:\/\/designgymnasiet.se\/kungsholmen\/","name":"Kungsholmen","description":"Har du designdr\u00f6mmar?","potentialAction":[{"@type":"SearchAction","target":{"@type":"EntryPoint","urlTemplate":"https:\/\/designgymnasiet.se\/kungsholmen\/?s={search_term_string}"},"query-input":"required name=search_term_string"}],"inLanguage":"sv-SE"}]}},"_links":{"self":[{"href":"https:\/\/designgymnasiet.se\/kungsholmen\/wp-json\/wp\/v2\/pages\/869"}],"collection":[{"href":"https:\/\/designgymnasiet.se\/kungsholmen\/wp-json\/wp\/v2\/pages"}],"about":[{"href":"https:\/\/designgymnasiet.se\/kungsholmen\/wp-json\/wp\/v2\/types\/page"}],"author":[{"embeddable":true,"href":"https:\/\/designgymnasiet.se\/kungsholmen\/wp-json\/wp\/v2\/users\/1"}],"replies":[{"embeddable":true,"href":"https:\/\/designgymnasiet.se\/kungsholmen\/wp-json\/wp\/v2\/comments?post=869"}],"version-history":[{"count":6,"href":"https:\/\/designgymnasiet.se\/kungsholmen\/wp-json\/wp\/v2\/pages\/869\/revisions"}],"predecessor-version":[{"id":1763,"href":"https:\/\/designgymnasiet.se\/kungsholmen\/wp-json\/wp\/v2\/pages\/869\/revisions\/1763"}],"wp:attachment":[{"href":"https:\/\/designgymnasiet.se\/kungsholmen\/wp-json\/wp\/v2\/media?parent=869"}],"curies":[{"name":"wp","href":"https:\/\/api.w.org\/{rel}","templated":true}]}}