{"id":27,"date":"2022-07-25T23:08:14","date_gmt":"2022-07-25T21:08:14","guid":{"rendered":"https:\/\/designgymnasiet.se\/goteborg\/?page_id=27"},"modified":"2024-11-01T15:18:05","modified_gmt":"2024-11-01T14:18:05","slug":"elevhalsa","status":"publish","type":"page","link":"https:\/\/designgymnasiet.se\/goteborg\/var-gymnasieskola\/elevhalsa\/","title":{"rendered":"Elevh\u00e4lsa"},"content":{"rendered":"\n\t\n\t\n\t\n\t\n\t\n\t\n<section \n\tclass=\"ams-hero ams-hero--classic ams-hero--75 has-content-bg c-block l-stacked  \"\n\tdata-color-scheme=\"white\"\n\tstyle=\"\">\n\t<div class=\"ams-hero__container u-items-end u-justify-end\">\n\t\t<div\n\t\t\tclass=\"ams-hero__content l-stack l-stack-xl is-left is-left@md\" style=--hero-content-bg:#ffffff;>\n\t\t\t<div class=\"l-stack l-stack-lg\">\n\t\t\t\t\t\n\t<h1\n\tclass=\"c-heading u-font-display \"\n\tstyle=\"\">\n\t\t\n\t\t\t\t\tElevh\u00e4lsa\n\t\t\t\t\n\t<\/h1>\n\n\t\t\t\t\t\t\t<\/div>\n\n\t\t\t\t\t<\/div>\n\t<\/div>\n\n\t\n\t\t\t\n\t\t\t\t\t\t\t\n\t\t\t\t<div class=\"c-bg c-bg--img\" data-settings=\"{&quot;desktop_settings&quot;:{&quot;size&quot;:&quot;cover&quot;,&quot;position&quot;:&quot;middle-center&quot;},&quot;mobile_settings&quot;:{&quot;size&quot;:&quot;cover&quot;,&quot;position&quot;:&quot;middle-center&quot;}}\" data-position=\"middle-center\" data-size=\"cover\">\n\t\t\t<img decoding=\"async\" width=\"1920\" height=\"897\" src=\"https:\/\/designgymnasiet.se\/wp-content\/uploads\/sites\/8\/2023\/10\/elevhalsa-202304-1-e1696951233662.jpg\" class=\"attachment-hero-lg size-hero-lg\" alt=\"Tre elever h\u00e5ller om varandra i korridor, svartvitt.\" sizes=\"(max-width: 1920px) 100vw, 1920px\" srcset=\"https:\/\/designgymnasiet.se\/wp-content\/uploads\/sites\/8\/2023\/10\/elevhalsa-202304-1-e1696951233662.jpg 1920w, https:\/\/designgymnasiet.se\/wp-content\/uploads\/sites\/8\/2023\/10\/elevhalsa-202304-1-e1696951233662-300x140.jpg 300w, https:\/\/designgymnasiet.se\/wp-content\/uploads\/sites\/8\/2023\/10\/elevhalsa-202304-1-e1696951233662-400x187.jpg 400w, https:\/\/designgymnasiet.se\/wp-content\/uploads\/sites\/8\/2023\/10\/elevhalsa-202304-1-e1696951233662-600x280.jpg 600w, https:\/\/designgymnasiet.se\/wp-content\/uploads\/sites\/8\/2023\/10\/elevhalsa-202304-1-e1696951233662-800x374.jpg 800w, https:\/\/designgymnasiet.se\/wp-content\/uploads\/sites\/8\/2023\/10\/elevhalsa-202304-1-e1696951233662-1024x478.jpg 1024w, https:\/\/designgymnasiet.se\/wp-content\/uploads\/sites\/8\/2023\/10\/elevhalsa-202304-1-e1696951233662-1200x561.jpg 1200w\" \/>\n\t\t<\/div>\n\t\n<\/section>\n\n\n\n<div style=\"height:120px\" aria-hidden=\"true\" class=\"wp-block-spacer\"><\/div>\n\n\n\n\t\n\t\n\t\n\n\t\n\t\n\t\t\n<section  class=\"c-block l-stacked  \" data-color-scheme=\"white\">\n\t<div class=\"ams-fifty ams-fifty--container ams-fifty--left ams-fifty--top l-container u-pt-fluid-3xl-6xl u-pb-fluid-3xl-6xl\">\n\t\t<div class=\"ams-fifty__content l-stack l-stack-xl is-left is-left@lg\">\n\t\t\t<div class=\"ams-fifty__text l-stack l-stack-lg\">\n\t\t\t\t\t\n\t<h2\n\tclass=\"c-heading u-font-title-1 \"\n\tstyle=\"\">\n\t\t\n\t\t\t\t\tElevh\u00e4lsoteamets roll\n\t\t\t\t\n\t<\/h2>\n\n\t\t\t\t\t\t\t\t\t<div class=\"text l-stack u-font-body\">\n\t\t\t\t\t\t<p><span data-sheets-value=\"{&quot;1&quot;:2,&quot;2&quot;:&quot;Elevh\u00e4lsans roll \u00e4r fr\u00e4mst h\u00e4lsofr\u00e4mjande och f\u00f6rebyggande. Allt arbete ska bidra till att skapa milj\u00f6er som fr\u00e4mjar elevernas l\u00e4rande, utveckling och h\u00e4lsa som st\u00f6djer elevernas utveckling mot utbildningens m\u00e5l och undanr\u00f6jer hinder f\u00f6r l\u00e4rande och utveckling.\\nElevh\u00e4lsan leds av rektor som samarbetar med skolans utbildade personal enligt v\u00e5ra framtagna rutiner.\\n\\nElevh\u00e4lsan representeras av rektor, skolkurator, specialpedagog, skolsk\u00f6terska samt studie- och yrkesv\u00e4gledare. Skoll\u00e4kare och skolpsykolog finns att tillg\u00e5 utifr\u00e5n behov.\\nVi har en skoll\u00e4kare som \u00e4r centralt anst\u00e4lld av Academedia, skolan har \u00e4ven samarbete med skolpsykolog. V\u00e5r elevv\u00e5rdspersonal \u00e4r alla utbildade f\u00f6r respektives roll. Elevh\u00e4lsan tr\u00e4ffas regelbundet, en g\u00e5ng per vecka f\u00f6r att g\u00e5 igenom de aktuella \u00e4rendena.&quot;}\" data-sheets-userformat=\"{&quot;2&quot;:5025,&quot;3&quot;:{&quot;1&quot;:0},&quot;8&quot;:{&quot;1&quot;:[{&quot;1&quot;:2,&quot;2&quot;:0,&quot;5&quot;:{&quot;1&quot;:2,&quot;2&quot;:0}},{&quot;1&quot;:0,&quot;2&quot;:0,&quot;3&quot;:3},{&quot;1&quot;:1,&quot;2&quot;:0,&quot;4&quot;:1}]},&quot;10&quot;:0,&quot;11&quot;:4,&quot;12&quot;:0,&quot;15&quot;:&quot;Helvetica Neue&quot;}\">Elevh\u00e4lsans roll \u00e4r fr\u00e4mst h\u00e4lsofr\u00e4mjande och f\u00f6rebyggande. Allt arbete ska bidra till att skapa milj\u00f6er som fr\u00e4mjar elevernas l\u00e4rande, utveckling och h\u00e4lsa samt som st\u00f6djer elevernas utveckling mot utbildningens m\u00e5l och undanr\u00f6jer hinder f\u00f6r l\u00e4rande och utveckling. Elevh\u00e4lsan leds av rektor som samarbetar med skolans utbildade personal enligt v\u00e5ra framtagna rutiner.<\/span><\/p>\n<p>Elevh\u00e4lsan representeras av rektor, skolkurator, specialpedagog, skolsk\u00f6terska samt studie- och yrkesv\u00e4gledare. Skoll\u00e4kare och skolpsykolog finns att tillg\u00e5 utifr\u00e5n behov.\u00a0V\u00e5r elevv\u00e5rdspersonal \u00e4r alla utbildade f\u00f6r respektives roll. Elevh\u00e4lsan tr\u00e4ffas regelbundet, en g\u00e5ng per vecka f\u00f6r att g\u00e5 igenom de aktuella \u00e4rendena.<\/p>\n\n\t\t\t\t\t<\/div>\n\t\t\t\t\t\t\t<\/div>\n\n\t\t\t\t\t<\/div>\n\n\t\t <div class=\"ams-fifty__media u-ratio-square\">\n\t\t \t\t\t\t\t<img decoding=\"async\" width=\"600\" height=\"688\" src=\"https:\/\/designgymnasiet.se\/wp-content\/uploads\/sites\/8\/2023\/10\/elevhalsa-202304-e1696837180943-600x688.jpg\" class=\"attachment-md size-md\" alt=\"L\u00e4rare hj\u00e4lper elev i ett klassrum.\" sizes=\"(min-width: 64em) 600px, calc(100vw - 160px)\" srcset=\"https:\/\/designgymnasiet.se\/wp-content\/uploads\/sites\/8\/2023\/10\/elevhalsa-202304-e1696837180943-600x688.jpg 600w, https:\/\/designgymnasiet.se\/wp-content\/uploads\/sites\/8\/2023\/10\/elevhalsa-202304-e1696837180943-300x344.jpg 300w, https:\/\/designgymnasiet.se\/wp-content\/uploads\/sites\/8\/2023\/10\/elevhalsa-202304-e1696837180943-400x459.jpg 400w, https:\/\/designgymnasiet.se\/wp-content\/uploads\/sites\/8\/2023\/10\/elevhalsa-202304-e1696837180943-800x918.jpg 800w, https:\/\/designgymnasiet.se\/wp-content\/uploads\/sites\/8\/2023\/10\/elevhalsa-202304-e1696837180943-1024x1175.jpg 1024w, https:\/\/designgymnasiet.se\/wp-content\/uploads\/sites\/8\/2023\/10\/elevhalsa-202304-e1696837180943-1200x1377.jpg 1200w, https:\/\/designgymnasiet.se\/wp-content\/uploads\/sites\/8\/2023\/10\/elevhalsa-202304-e1696837180943.jpg 1365w\" \/>\n\t\t\t\n\t\t\t\n\t\t\t\t\t<\/div>\n\t<\/div>\n\n\t\t\n\n<\/section>\n\n\n\n<section \n\t\t class=\"\n\t\t ams-contact\n\t\t \n\t\t c-block l-stacked\n\t\t \n\t\t \n\t\t js-load-more\n\t\t \"\n\t\t data-color-scheme=\"white\"\n\t\t\t\t\tdata-count=\"3\"\n\t\t\t\t\t\t\tdata-count-mobile=\"2\"\n\t\t\t\t>\n\t<div\n\t\t class=\"\n\t\t l-container\n\t\t l-stack l-stack-fluid-2xl\n\t\t u-pt-fluid-3xl-6xl\n\t\t u-pb-fluid-3xl-6xl\n\t\t is-center\n\t\t is-center@md\n\t\t \">\n\t\t\t\t\t<div class=\"ams-contact__intro l-stack l-stack-lg\">\n\t\t\t\t\t\n\t<h2\n\tclass=\"c-heading u-font-title-1 \"\n\tstyle=\"\">\n\t\t\n\t\t\t\t\tKontakt\n\t\t\t\t\n\t<\/h2>\n\n\t\t\t\t\t\t\t\t\t<div class=\"c-text l-stack u-cs-xl u-font-body\">\n\t\t\t\t\t\t<p><span data-sheets-value=\"{&quot;1&quot;:2,&quot;2&quot;:&quot;Har du fr\u00e5gor om v\u00e5r elevh\u00e4lsa \u00e4r du varmt v\u00e4lkommen att kontakta mig.&quot;}\" data-sheets-userformat=\"{&quot;2&quot;:5025,&quot;3&quot;:{&quot;1&quot;:0},&quot;8&quot;:{&quot;1&quot;:[{&quot;1&quot;:2,&quot;2&quot;:0,&quot;5&quot;:{&quot;1&quot;:2,&quot;2&quot;:0}},{&quot;1&quot;:0,&quot;2&quot;:0,&quot;3&quot;:3},{&quot;1&quot;:1,&quot;2&quot;:0,&quot;4&quot;:1}]},&quot;10&quot;:0,&quot;11&quot;:4,&quot;12&quot;:0,&quot;15&quot;:&quot;Helvetica Neue&quot;}\">Har du fr\u00e5gor om v\u00e5r elevh\u00e4lsa \u00e4r du varmt v\u00e4lkommen att kontakta mig.<\/span><\/p>\n\n\t\t\t\t\t<\/div>\n\t\t\t\t\t\t\t<\/div>\n\t\t\n\t\t\n\t\t    \t\n\t\t\n\t\t<ul\n\t\t\tid=\"contact-grid-6a07b65ad5ffa\"\n\t\t\tclass=\"ams-contact__list l-grid u-gap-fluid-2xl-4xl u-justify-center js-results \"\n\t\t\taria-label=\"Kontakter\"\n\t\t\tdata-filter-animation=\"off\"\n\t\t\t>\n\t\t\t\t\t\t\t\t\t\t\t\n\t\t\t\t\n\t\t\t\t<li class=\"l-col-6@md l-col-4@lg \" data-filter=\"ledning\">\n\t\t\t\t\t<article class=\"c-card \" data-variant=\"neutral\">\n\t\t\t\t\t\t<div class=\"c-card__content u-text-center\">\n\t\t\t\t\t\t\t\t\t\t\t\t\t\t\t<h3 class=\"c-card__title u-font-title-3\">\n\t\t\t\t\t\t\t\t\tLena Hermansson\n\t\t\t\t\t\t\t\t<\/h3>\n\t\t\t\t\t\t\t\n\t\t\t\t\t\t\t\t\t\t\t\t\t\t\t<p class=\"position u-font-body\">Rektor<\/p>\n\t\t\t\t\t\t\t\n\t\t\t\t\t\t\t\t\t\t\t\t\t\t\t<div class=\"contact-info u-font-body\">\n\t\t\t\t\t\t\t\t\t\t\t\t\t\t\t\t\t\t\t\t\t\t\t\t\t\t\t\t\t\t<p class=\"phone\"><a\n\t\t\t\t\t\t\t\t\t\t\t\t\thref=\"tel:0761194558\"\n\t\t\t\t\t\t\t\t\t\t\t\t\tclass=\"u-text-link\">076-119 45 58<\/a>\n\t\t\t\t\t\t\t\t\t\t\t<\/p>\n\t\t\t\t\t\t\t\t\t\t\t\t\t\t\t\t\t\t\t\n\t\t\t\t\t\t\t\t\t\t\t\t\t\t\t\t\t\t\t\t\t\t\t\t\t\t\t\t\t\t<p class=\"email\"><a\n\t\t\t\t\t\t\t\t\t\t\t\t\thref=\"&#109;&#097;i&#108;&#116;&#111;:le&#110;a&#046;&#104;e&#114;&#109;&#097;&#110;ss&#111;&#110;&#064;de&#115;i&#103;n&#103;ym&#110;a&#115;i&#101;t&#046;se\"\n\t\t\t\t\t\t\t\t\t\t\t\t\tclass=\"u-text-link\">&#108;en&#097;.&#104;er&#109;&#097;n&#115;s&#111;&#110;&#064;de&#115;ig&#110;&#103;&#121;mn&#097;si&#101;t&#046;s&#101;<\/a>\n\t\t\t\t\t\t\t\t\t\t\t<\/p>\n\t\t\t\t\t\t\t\t\t\t\t\t\t\t\t\t\t\t\t\t\t\t\t\t\t\t\t<\/div>\n\t\t\t\t\t\t\t\n\t\t\t\t\t\t\t\t\t\t\t\t\t<\/div>\n\t\t\t\t\t\t<div class=\"c-card__media\">\n\t\t\t\t\t\t\t\t\t\t\t\t\t\t\t\t\t\t\t\t\t\t\t\t\t\t\t\t\t\t\t\t\t\t\t\t\t\t\t\t\t\t\t\t\t\t\t\t\t<img decoding=\"async\" width=\"400\" height=\"435\" src=\"https:\/\/designgymnasiet.se\/wp-content\/uploads\/sites\/8\/2022\/07\/lena-400x435.jpg\" class=\"u-radius-square u-ratio-square  \" alt=\"Portr\u00e4tt av Lena\" sizes=\"(max-width: 300px) 100vw, 300px\" srcset=\"https:\/\/designgymnasiet.se\/wp-content\/uploads\/sites\/8\/2022\/07\/lena-400x435.jpg 400w, https:\/\/designgymnasiet.se\/wp-content\/uploads\/sites\/8\/2022\/07\/lena-300x326.jpg 300w, https:\/\/designgymnasiet.se\/wp-content\/uploads\/sites\/8\/2022\/07\/lena-600x652.jpg 600w, https:\/\/designgymnasiet.se\/wp-content\/uploads\/sites\/8\/2022\/07\/lena-800x869.jpg 800w, https:\/\/designgymnasiet.se\/wp-content\/uploads\/sites\/8\/2022\/07\/lena-1024x1113.jpg 1024w, https:\/\/designgymnasiet.se\/wp-content\/uploads\/sites\/8\/2022\/07\/lena.jpg 1178w\" \/>\n\t\t\t\t\t\t<\/div>\n\t\t\t\t\t<\/article>\n\t\t\t\t<\/li>\n\t\t\t\t\t<\/ul>\n\n\t\t\n\t\t    <div class=\"ams-contact__more u-inline-items js-load-more-btn\">\n        <button href=\"#\"\n                class=\"c-btn\"\n                data-style=\"square\"\n                data-size=\"md\"\n                data-width=\"full-mobile\"\n                data-variant=\"outline\">\n        \tVisa mer\n        <\/button>\n    <\/div>\n\n\t\t\t<\/div>\n\n\t\t\n\t\t\t\n\t\t\t\t\t\t\t\n\t\t\t\t<div class=\"c-bg c-bg--img\" data-settings=\"{&quot;desktop_settings&quot;:{&quot;size&quot;:&quot;contain&quot;,&quot;position&quot;:&quot;top-right&quot;},&quot;mobile_settings&quot;:{&quot;size&quot;:&quot;contain&quot;,&quot;position&quot;:&quot;top-right&quot;}}\" data-position=\"middle-center\" data-size=\"cover\">\n\t\t\t<picture><source media=\"(min-width: 48em)\" srcset=\"https:\/\/designgymnasiet.se\/wp-content\/uploads\/sites\/8\/2023\/10\/dgscribblemolnplaceringhogra-ovre-hornetdesktop.svg\" sizes=\"\" \/><source srcset=\"https:\/\/designgymnasiet.se\/wp-content\/uploads\/sites\/8\/2023\/10\/dgscribblemolnplaceringhogra-ovre-hornetmobil.svg\" sizes=\"\" \/><img decoding=\"async\" src=\"https:\/\/designgymnasiet.se\/wp-content\/uploads\/sites\/8\/2023\/10\/dgscribblemolnplaceringhogra-ovre-hornetdesktop.svg\" class=\"attachment-hero-lg size-hero-lg\" alt=\"\" sizes=\"\" height=\"237\" width=\"1920\" \/><\/picture>\n\t\t<\/div>\n\t\n<\/section>\n\n\n\n\n<section  class=\"ams-cta ams-cta--stacked c-block l-stacked\" data-color-scheme=\"gray\">\n\t<div class=\"l-container-narrow l-stack l-stack-fluid-2xl u-pt-fluid-3xl-6xl u-pb-fluid-3xl-6xl is-center is-center@md\">\n\t\t\t\t\t<div class=\"ams-cta__intro l-stack l-stack-lg\">\n\t\t\t\t\t\n\t<h2\n\tclass=\"c-heading u-font-title-1 \"\n\tstyle=\"\">\n\t\t\n\t\t\t\t\tSkolan som \u00e4lskar design\n\t\t\t\t\n\t<\/h2>\n\n\t\t\t\t\t\t\t\t\t<div class=\"c-text l-stack u-cs-xl u-font-body\">\n\t\t\t\t\t\t<p><span data-sheets-value=\"{&quot;1&quot;:2,&quot;2&quot;:&quot;Vi \u00e4r en personlig skola som brinner f\u00f6r design och kreativitet. L\u00e4r k\u00e4nna oss \u00e4nnu b\u00e4ttre!&quot;}\" data-sheets-userformat=\"{&quot;2&quot;:5025,&quot;3&quot;:{&quot;1&quot;:0},&quot;8&quot;:{&quot;1&quot;:[{&quot;1&quot;:2,&quot;2&quot;:0,&quot;5&quot;:{&quot;1&quot;:2,&quot;2&quot;:0}},{&quot;1&quot;:0,&quot;2&quot;:0,&quot;3&quot;:3},{&quot;1&quot;:1,&quot;2&quot;:0,&quot;4&quot;:1}]},&quot;10&quot;:0,&quot;11&quot;:4,&quot;12&quot;:0,&quot;15&quot;:&quot;Helvetica Neue&quot;}\">Vi \u00e4r en personlig skola som brinner f\u00f6r design och kreativitet. L\u00e4r k\u00e4nna oss \u00e4nnu b\u00e4ttre!<\/span><\/p>\n\n\t\t\t\t\t<\/div>\n\t\t\t\t\t\t\t<\/div>\n\t\t\n\t\t\n\t\t\t<div class=\"ams-cta__action u-inline-items\">\n\t\t\t\t\t\t\t\n\n\n<a href=\"https:\/\/designgymnasiet.se\/goteborg\/var-gymnasieskola\/\"\n\t\n\tclass=\"c-btn \"\n\tdata-style=\"square\"\n\tdata-size=\"md\"\n\tdata-width=\"full-mobile\"\n\tdata-variant=\"default\"\n\ttarget=\"_self\">\n\t\t\t<span class=\"label\"> L\u00e4s mer om oss <\/span>\n\t\t\t<\/a>\n\t\t\t<\/div>\n\t<\/div>\n\n\t\t\n\n<\/section>\n","protected":false},"excerpt":{"rendered":"","protected":false},"author":1,"featured_media":0,"parent":19,"menu_order":0,"comment_status":"closed","ping_status":"closed","template":"","meta":{"footnotes":""},"yoast_head":"<!-- This site is optimized with the Yoast SEO plugin v22.0 - https:\/\/yoast.com\/wordpress\/plugins\/seo\/ -->\n<title>Elevh\u00e4lsa - Designgymnasiet G\u00f6teborg<\/title>\n<meta name=\"description\" content=\"L\u00e4s mer om hur vi arbetar f\u00f6r att fr\u00e4mja en god elevh\u00e4lsa p\u00e5 Designgymnasiet G\u00f6teborg.\" \/>\n<meta name=\"robots\" content=\"index, follow, max-snippet:-1, max-image-preview:large, max-video-preview:-1\" \/>\n<link rel=\"canonical\" href=\"https:\/\/designgymnasiet.se\/goteborg\/var-gymnasieskola\/elevhalsa\/\" \/>\n<meta property=\"og:locale\" content=\"sv_SE\" \/>\n<meta property=\"og:type\" content=\"article\" \/>\n<meta property=\"og:title\" content=\"Elevh\u00e4lsa - Designgymnasiet G\u00f6teborg\" \/>\n<meta property=\"og:description\" content=\"L\u00e4s mer om hur vi arbetar f\u00f6r att fr\u00e4mja en god elevh\u00e4lsa p\u00e5 Designgymnasiet G\u00f6teborg.\" \/>\n<meta property=\"og:url\" content=\"https:\/\/designgymnasiet.se\/goteborg\/var-gymnasieskola\/elevhalsa\/\" \/>\n<meta property=\"og:site_name\" content=\"G\u00f6teborg\" \/>\n<meta property=\"article:modified_time\" content=\"2024-11-01T14:18:05+00:00\" \/>\n<meta name=\"twitter:card\" content=\"summary_large_image\" \/>\n<meta name=\"twitter:title\" content=\"Elevh\u00e4lsa - Designgymnasiet G\u00f6teborg\" \/>\n<meta name=\"twitter:description\" content=\"L\u00e4s mer om hur vi arbetar f\u00f6r att fr\u00e4mja en god elevh\u00e4lsa p\u00e5 Designgymnasiet G\u00f6teborg.\" \/>\n<meta name=\"twitter:label1\" content=\"Ber\u00e4knad l\u00e4stid\" \/>\n\t<meta name=\"twitter:data1\" content=\"2 minuter\" \/>\n<script type=\"application\/ld+json\" class=\"yoast-schema-graph\">{\"@context\":\"https:\/\/schema.org\",\"@graph\":[{\"@type\":\"WebPage\",\"@id\":\"https:\/\/designgymnasiet.se\/goteborg\/var-gymnasieskola\/elevhalsa\/\",\"url\":\"https:\/\/designgymnasiet.se\/goteborg\/var-gymnasieskola\/elevhalsa\/\",\"name\":\"Elevh\u00e4lsa - Designgymnasiet G\u00f6teborg\",\"isPartOf\":{\"@id\":\"https:\/\/designgymnasiet.se\/goteborg\/#website\"},\"datePublished\":\"2022-07-25T21:08:14+00:00\",\"dateModified\":\"2024-11-01T14:18:05+00:00\",\"description\":\"L\u00e4s mer om hur vi arbetar f\u00f6r att fr\u00e4mja en god elevh\u00e4lsa p\u00e5 Designgymnasiet G\u00f6teborg.\",\"breadcrumb\":{\"@id\":\"https:\/\/designgymnasiet.se\/goteborg\/var-gymnasieskola\/elevhalsa\/#breadcrumb\"},\"inLanguage\":\"sv-SE\",\"potentialAction\":[{\"@type\":\"ReadAction\",\"target\":[\"https:\/\/designgymnasiet.se\/goteborg\/var-gymnasieskola\/elevhalsa\/\"]}]},{\"@type\":\"BreadcrumbList\",\"@id\":\"https:\/\/designgymnasiet.se\/goteborg\/var-gymnasieskola\/elevhalsa\/#breadcrumb\",\"itemListElement\":[{\"@type\":\"ListItem\",\"position\":1,\"name\":\"Start\",\"item\":\"https:\/\/designgymnasiet.se\/goteborg\/\"},{\"@type\":\"ListItem\",\"position\":2,\"name\":\"V\u00e5r gymnasieskola\",\"item\":\"https:\/\/designgymnasiet.se\/goteborg\/var-gymnasieskola\/\"},{\"@type\":\"ListItem\",\"position\":3,\"name\":\"Elevh\u00e4lsa\"}]},{\"@type\":\"WebSite\",\"@id\":\"https:\/\/designgymnasiet.se\/goteborg\/#website\",\"url\":\"https:\/\/designgymnasiet.se\/goteborg\/\",\"name\":\"G\u00f6teborg\",\"description\":\"Har du designdr\u00f6mmar?\",\"potentialAction\":[{\"@type\":\"SearchAction\",\"target\":{\"@type\":\"EntryPoint\",\"urlTemplate\":\"https:\/\/designgymnasiet.se\/goteborg\/?s={search_term_string}\"},\"query-input\":\"required name=search_term_string\"}],\"inLanguage\":\"sv-SE\"}]}<\/script>\n<!-- \/ Yoast SEO plugin. -->","yoast_head_json":{"title":"Elevh\u00e4lsa - Designgymnasiet G\u00f6teborg","description":"L\u00e4s mer om hur vi arbetar f\u00f6r att fr\u00e4mja en god elevh\u00e4lsa p\u00e5 Designgymnasiet G\u00f6teborg.","robots":{"index":"index","follow":"follow","max-snippet":"max-snippet:-1","max-image-preview":"max-image-preview:large","max-video-preview":"max-video-preview:-1"},"canonical":"https:\/\/designgymnasiet.se\/goteborg\/var-gymnasieskola\/elevhalsa\/","og_locale":"sv_SE","og_type":"article","og_title":"Elevh\u00e4lsa - Designgymnasiet G\u00f6teborg","og_description":"L\u00e4s mer om hur vi arbetar f\u00f6r att fr\u00e4mja en god elevh\u00e4lsa p\u00e5 Designgymnasiet G\u00f6teborg.","og_url":"https:\/\/designgymnasiet.se\/goteborg\/var-gymnasieskola\/elevhalsa\/","og_site_name":"G\u00f6teborg","article_modified_time":"2024-11-01T14:18:05+00:00","twitter_card":"summary_large_image","twitter_title":"Elevh\u00e4lsa - Designgymnasiet G\u00f6teborg","twitter_description":"L\u00e4s mer om hur vi arbetar f\u00f6r att fr\u00e4mja en god elevh\u00e4lsa p\u00e5 Designgymnasiet G\u00f6teborg.","twitter_misc":{"Ber\u00e4knad l\u00e4stid":"2 minuter"},"schema":{"@context":"https:\/\/schema.org","@graph":[{"@type":"WebPage","@id":"https:\/\/designgymnasiet.se\/goteborg\/var-gymnasieskola\/elevhalsa\/","url":"https:\/\/designgymnasiet.se\/goteborg\/var-gymnasieskola\/elevhalsa\/","name":"Elevh\u00e4lsa - Designgymnasiet G\u00f6teborg","isPartOf":{"@id":"https:\/\/designgymnasiet.se\/goteborg\/#website"},"datePublished":"2022-07-25T21:08:14+00:00","dateModified":"2024-11-01T14:18:05+00:00","description":"L\u00e4s mer om hur vi arbetar f\u00f6r att fr\u00e4mja en god elevh\u00e4lsa p\u00e5 Designgymnasiet G\u00f6teborg.","breadcrumb":{"@id":"https:\/\/designgymnasiet.se\/goteborg\/var-gymnasieskola\/elevhalsa\/#breadcrumb"},"inLanguage":"sv-SE","potentialAction":[{"@type":"ReadAction","target":["https:\/\/designgymnasiet.se\/goteborg\/var-gymnasieskola\/elevhalsa\/"]}]},{"@type":"BreadcrumbList","@id":"https:\/\/designgymnasiet.se\/goteborg\/var-gymnasieskola\/elevhalsa\/#breadcrumb","itemListElement":[{"@type":"ListItem","position":1,"name":"Start","item":"https:\/\/designgymnasiet.se\/goteborg\/"},{"@type":"ListItem","position":2,"name":"V\u00e5r gymnasieskola","item":"https:\/\/designgymnasiet.se\/goteborg\/var-gymnasieskola\/"},{"@type":"ListItem","position":3,"name":"Elevh\u00e4lsa"}]},{"@type":"WebSite","@id":"https:\/\/designgymnasiet.se\/goteborg\/#website","url":"https:\/\/designgymnasiet.se\/goteborg\/","name":"G\u00f6teborg","description":"Har du designdr\u00f6mmar?","potentialAction":[{"@type":"SearchAction","target":{"@type":"EntryPoint","urlTemplate":"https:\/\/designgymnasiet.se\/goteborg\/?s={search_term_string}"},"query-input":"required name=search_term_string"}],"inLanguage":"sv-SE"}]}},"_links":{"self":[{"href":"https:\/\/designgymnasiet.se\/goteborg\/wp-json\/wp\/v2\/pages\/27"}],"collection":[{"href":"https:\/\/designgymnasiet.se\/goteborg\/wp-json\/wp\/v2\/pages"}],"about":[{"href":"https:\/\/designgymnasiet.se\/goteborg\/wp-json\/wp\/v2\/types\/page"}],"author":[{"embeddable":true,"href":"https:\/\/designgymnasiet.se\/goteborg\/wp-json\/wp\/v2\/users\/1"}],"replies":[{"embeddable":true,"href":"https:\/\/designgymnasiet.se\/goteborg\/wp-json\/wp\/v2\/comments?post=27"}],"version-history":[{"count":10,"href":"https:\/\/designgymnasiet.se\/goteborg\/wp-json\/wp\/v2\/pages\/27\/revisions"}],"predecessor-version":[{"id":2052,"href":"https:\/\/designgymnasiet.se\/goteborg\/wp-json\/wp\/v2\/pages\/27\/revisions\/2052"}],"up":[{"embeddable":true,"href":"https:\/\/designgymnasiet.se\/goteborg\/wp-json\/wp\/v2\/pages\/19"}],"wp:attachment":[{"href":"https:\/\/designgymnasiet.se\/goteborg\/wp-json\/wp\/v2\/media?parent=27"}],"curies":[{"name":"wp","href":"https:\/\/api.w.org\/{rel}","templated":true}]}}